{"id":1429,"date":"2026-01-13T12:25:39","date_gmt":"2026-01-13T12:25:39","guid":{"rendered":"https:\/\/spin-winera.net\/app\/"},"modified":"2026-01-13T14:42:33","modified_gmt":"2026-01-13T14:42:33","slug":"app","status":"publish","type":"page","link":"https:\/\/spin-winera.net\/de\/app\/","title":{"rendered":"App"},"content":{"rendered":"<h1>Spinwinera App: Spiele f\u00fcr iOS und Android<\/h1>\n<p>Die Spinwinera App bietet Spielern ein Spielerlebnis im mobilen Format. Die Software bietet schnellen Zugriff auf unseren Spielekatalog auf allen Ger\u00e4ten. Die Spinwinera-App kann auf Android- und iOS-Ger\u00e4ten sowie auf Desktop-Computern installiert werden und funktioniert auf jedem Ger\u00e4t einwandfrei. Die Benutzeroberfl\u00e4che ist f\u00fcr alle Bildschirme optimiert und streamt Spiele in h\u00f6chster Qualit\u00e4t.<\/p>\n<div class=\"banner-wrap\" aria-label=\"Banner\"><img src=\"https:\/\/spin-winera.net\/wp-content\/uploads\/2026\/01\/Spinwinera-bonus-desktop.webp\" class=\"w-100 d-none d-lg-block img-pc main-banner-img\" alt=\"Spinwinera bonus desktop\" fetchpriority=\"high\" decoding=\"async\"><img src=\"https:\/\/spin-winera.net\/wp-content\/uploads\/2026\/01\/Spinwinera-bonus-mobile.webp\" class=\"w-100 d-none d-md-block d-lg-none main-banner-img\" alt=\"Spinwinera bonus mobile\" fetchpriority=\"high\" decoding=\"async\"><img src=\"https:\/\/spin-winera.net\/wp-content\/uploads\/2026\/01\/Spinwinera-bonus-mobile.webp\" class=\"w-100 d-md-none\" alt=\"Spinwinera bonus mobile\" fetchpriority=\"high\" decoding=\"async\"><div class=\"banner-description\">\n<div class=\"banner-title\">Willkommensboni<\/div>\n<p class=\"banner-header-title\">\u20ac1,500<\/p>\n<div class=\"banner-header-AdditionalText\">+ 250 Freispiele<\/div>\n<button data-item=\"homepage_banner_link\" class=\"goto m-button m-gradient-border m-button--primary m-button--large banner-button btn-orange\">\n            <div class=\"m-button-content\">\n                <span>Jetzt anmelden<\/span>\n                <span><\/span>\n            <\/div>\n        <\/button>\n<\/div>\n<div class=\"WelcomePack\">\n<p><img loading=\"lazy\" decoding=\"async\" class=\"alignnone size-full wp-image-1391\" src=\"https:\/\/spin-winera.net\/wp-content\/uploads\/2026\/01\/welcome-crown.svg\" alt=\"crown\" width=\"25\" height=\"26\" \/><\/p>\n<div class=\"WelcomePack-Info\">W\u00f6chentlicher Cashback von bis zu 25 %<\/div>\n<p><img loading=\"lazy\" decoding=\"async\" class=\"alignnone size-full wp-image-1391\" src=\"https:\/\/spin-winera.net\/wp-content\/uploads\/2026\/01\/welcome-crown.svg\" alt=\"crown\" width=\"25\" height=\"26\" \/><\/p>\n<\/div>\n<\/div>\n<h2>Mobile Erfahrung bei Spinwinera<\/h2>\n<p>Die mobile Version von Spin Winera Casino ist auf Mobilit\u00e4t ausgelegt und bietet dieselben Funktionen und dieselbe Qualit\u00e4t. Alle Spiele, Boni, Zahlungsmethoden, Kontoeinstellungen und andere Plattformfunktionen sind verf\u00fcgbar. Die Desktop-Version bietet einen gr\u00f6\u00dferen Bildschirm und detailliertere visuelle Steuerelemente, w\u00e4hrend die App schnellere Ladezeiten bietet. Beide Versionen unterst\u00fctzen dieselben Sicherheitsstandards und dieselbe Zuverl\u00e4ssigkeit.<\/p>\n<table>\n<tbody>\n<tr>\n<td>Funktion<\/td>\n<td>Mobile App<\/td>\n<td>PC-Version<\/td>\n<\/tr>\n<tr>\n<td>Barrierefreiheit<\/td>\n<td>\u00dcberall spielen<\/td>\n<td>Von einem festen Standort aus spielen<\/td>\n<\/tr>\n<tr>\n<td>Installation<\/td>\n<td>App-Download erforderlich<\/td>\n<td>Keine Installation erforderlich<\/td>\n<\/tr>\n<tr>\n<td>Schnittstelle<\/td>\n<td>Touch-optimiert, kompakt<\/td>\n<td>Gr\u00f6\u00dferes Layout, vollst\u00e4ndige Anzeige<\/td>\n<\/tr>\n<tr>\n<td>Leistung<\/td>\n<td>Schnell, leicht<\/td>\n<td>Stabil, hohe Aufl\u00f6sung<\/td>\n<\/tr>\n<tr>\n<td>Spielauswahl<\/td>\n<td>Vollst\u00e4ndiger Katalog<\/td>\n<td>Vollst\u00e4ndiger Katalog<\/td>\n<\/tr>\n<\/tbody>\n<\/table>\n<p><div class=\"scrollable-content-wrap my-5\"><div class=\"scrollable-content-inner\"><h2>Spinwinera iOS Casino App<\/h2>\n<p>Die Spinwinera iOS Casino-App ist vollst\u00e4ndig f\u00fcr iPhone- und iPad-Nutzer optimiert. Spieler k\u00f6nnen entweder \u00fcber einen mobilen Browser oder eine spezielle App auf das Casino zugreifen. Die Benutzeroberfl\u00e4che ist f\u00fcr eine reibungslose Navigation auf Mobilger\u00e4ten ausgelegt.<\/p>\n<p>Sie m\u00fcssen unsere App nicht im App Store suchen, sondern k\u00f6nnen sie direkt \u00fcber Ihren Browser herunterladen. Wir bieten eine sichere Installation \u00fcber unsere offizielle Website mithilfe einer Progressive Web App (PWA). Unsere PWA ben\u00f6tigt nur minimalen Speicherplatz und l\u00e4sst sich schnell installieren.<\/p>\n<h3>So installieren Sie die Spinwinera iOS-App:<\/h3>\n<ol>\n<li>Scrollen Sie auf Ihrem iPhone oder iPad zum Fu\u00dfbereich der Spinwinera Casino-Website.<\/li>\n<li>W\u00e4hlen Sie Casino App und tippen Sie auf Installieren.<\/li>\n<li>Warten Sie, bis die Installation abgeschlossen ist.<\/li>\n<li>Jetzt befindet sich die App auf Ihrem Startbildschirm.<\/li>\n<\/ol>\n<p><img loading=\"lazy\" decoding=\"async\" src=\"https:\/\/spin-winera.net\/wp-content\/uploads\/2026\/01\/Spinwinera-iOS-App.webp\" alt=\"Spinwinera iOS App\" width=\"1248\" height=\"536\" \/><\/p>\n<\/div><\/div><div style=\"clear: both\"><\/div><div class=\"d-flex justify-content-center\"><button data-item=\"decouvrez_link\" data-group=\"website_links\" class=\"goto fw-bold rounded-pill btn btn-orange\" aria-label=\"Laden Sie die Spinwinera-App herunter\" >Laden Sie die Spinwinera-App herunter<\/button><\/div><div class=\"scrollable-content-wrap my-5\"><div class=\"scrollable-content-inner\"><h2>Spinwinera Android Casino App<\/h2>\n<p>Die Android-Casino-App Spinwinera wurde f\u00fcr den schnellen Zugriff von Mobilger\u00e4ten entwickelt. Es ist kein Download aus App-Stores erforderlich, und die Installation ist schnell und einfach. Die Benutzeroberfl\u00e4che ist f\u00fcr die Touch-Steuerung optimiert, sodass alle Spiele schnell geladen werden und in hoher Qualit\u00e4t laufen. Alle Spieler haben Zugriff auf die gesamte Spielbibliothek mit allen Boni und Turnieren. Alle Funktionen, wie Ein- und Auszahlungen, sind ebenfalls hier verf\u00fcgbar. Sie k\u00f6nnen auch den Verifizierungsprozess f\u00fcr Ihr Konto \u00fcber die Android-App abschlie\u00dfen.<\/p>\n<h3>APK<\/h3>\n<p>Spinwinera verwendet keine APK-Dateien f\u00fcr die Installation. Es ist nicht erforderlich, unbekannte Quellen zu aktivieren oder externe Installationspakete herunterzuladen. Sie m\u00fcssen auch nicht im Play Store nach unserer App suchen. Sie kann von unserer offiziellen Website heruntergeladen werden.<\/p>\n<h3>PWA<\/h3>\n<p>Unsere Progressive Web App (PWA) ist auf der Spinwinera Website verf\u00fcgbar. PWA ist eine optimale Anwendung mit vollem Funktionsumfang, geringem Speicherverbrauch und hoher Leistung. Die Software l\u00e4sst sich schnell installieren und wird automatisch aktualisiert, ohne dass eine manuelle Installation oder Downloads erforderlich sind. Unsere PWA bietet direkten Zugriff vom Startbildschirm des Ger\u00e4ts aus und erm\u00f6glicht ein schnelles Laden von Spielen und allen anderen Plattformfunktionen.<\/p>\n<p>So installieren Sie die Spinwinera-App f\u00fcr Android:<\/p>\n<ol>\n<li>Suchen Sie die Schaltfl\u00e4che \u201eCasino-App\u201c unten auf der Spinwinera Website.<\/li>\n<li>Klicken Sie darauf und w\u00e4hlen Sie dann \u201eInstallieren\u201c.<\/li>\n<li>Die App wird automatisch auf Ihren Startbildschirm heruntergeladen.<\/li>\n<\/ol>\n<p><img loading=\"lazy\" decoding=\"async\" src=\"https:\/\/spin-winera.net\/wp-content\/uploads\/2026\/01\/Spinwinera-Android-App.webp\" alt=\"Spinwinera Android App\" width=\"1248\" height=\"536\" \/><\/p>\n<\/div><\/div><div style=\"clear: both\"><\/div><div class=\"d-flex justify-content-center\"><button data-item=\"decouvrez_link\" data-group=\"website_links\" class=\"goto fw-bold rounded-pill btn btn-orange\" aria-label=\"Spinwinera herunterladen\" >Spinwinera herunterladen<\/button><\/div><div class=\"scrollable-content-wrap my-5\"><div class=\"scrollable-content-inner\"><h2>Apps f\u00fcr Windows und macOS herunterladen<\/h2>\n<p>Spinwinera Casino hat auch eine App f\u00fcr PCs und Laptops. Unsere Plattform funktioniert in allen g\u00e4ngigen Browsern wie Google Chrome, Safari und anderen modernen Browsern, ohne dass Dateien heruntergeladen werden m\u00fcssen. \u00dcber den Browser haben Spieler sofortigen Zugriff auf den gesamten Spielekatalog, Kontofunktionen und Werbeaktionen.<\/p>\n<p>F\u00fcr zus\u00e4tzlichen Komfort bieten wir auch eine Webanwendung an, die von unserer Website installiert werden kann. Mit dieser Option k\u00f6nnen Spieler das Casino starten, ohne jedes Mal einen Browser \u00f6ffnen und nach der Website suchen zu m\u00fcssen. Die Webanwendung bietet dieselbe Leistung, Sicherheit und Funktionalit\u00e4t wie die Browserversion. Die Anwendung erm\u00f6glicht einen schnelleren Zugriff und eine bequeme Bedienung auf einem Desktop-Computer. Die Installation ist sowohl f\u00fcr macOS als auch f\u00fcr Windows schnell und sicher.<\/p>\n<p>Befolgen Sie die Anweisungen, um die Software f\u00fcr macOS oder Windows zu installieren:<\/p>\n<ol>\n<li>\u00d6ffnen Sie das Drei-Punkte-Men\u00fc in der Adressleiste.<\/li>\n<li>W\u00e4hlen Sie \u201e\u00dcbertragen, speichern und teilen\u201c.<\/li>\n<li>W\u00e4hlen Sie \u201eSeite als App installieren\u201c.<\/li>\n<li>Die App wird dann zu Ihrem Desktop hinzugef\u00fcgt.<\/li>\n<\/ol>\n<p><img loading=\"lazy\" decoding=\"async\" src=\"https:\/\/spin-winera.net\/wp-content\/uploads\/2026\/01\/Spinwinera-PC.webp\" alt=\"Spinwinera PC\" width=\"1248\" height=\"536\" \/><\/p>\n<\/div><\/div><div style=\"clear: both\"><\/div><div class=\"d-flex justify-content-center\"><button data-item=\"decouvrez_link\" data-group=\"website_links\" class=\"goto fw-bold rounded-pill btn btn-orange\" aria-label=\"Laden Sie die Spinwinera-App herunter\" >Laden Sie die Spinwinera-App herunter<\/button><\/div><div class=\"scrollable-content-wrap my-5\"><div class=\"scrollable-content-inner\"><h2>H\u00e4ufig gestellte Fragen<\/h2>\n<h3>Bietet die Spin Winera Casino App Kundensupport?<\/h3>\n<p>Ja, Sie k\u00f6nnen den Support \u00fcber die App kontaktieren. Spieler k\u00f6nnen das Support-Team rund um die Uhr \u00fcber den Live-Chat in der App oder auf der Website oder per E-Mail kontaktieren. Unser professioneller Service steht Ihnen f\u00fcr alle Fragen zur Verf\u00fcgung. Wir sind in mehreren Sprachen verf\u00fcgbar, darunter Englisch, Deutsch, Niederl\u00e4ndisch, Spanisch, Italienisch, Polnisch und Franz\u00f6sisch.<\/p>\n<h3>Ist f\u00fcr die Nutzung der Spin Winera App die Erstellung eines Kontos erforderlich?<\/h3>\n<p>Ja, Sie ben\u00f6tigen ein Konto, um die Spin Winera-App nutzen zu k\u00f6nnen. Nur registrierte Benutzer k\u00f6nnen auf Spiele zugreifen, Einzahlungen vornehmen, Gewinne auszahlen lassen und Boni nutzen. Nach der Registrierung k\u00f6nnen Spieler dasselbe Konto sowohl auf ihrem Mobilger\u00e4t als auch auf ihrem Computer verwenden. Sie k\u00f6nnen sich auch gleichzeitig in Ihrem Browser und in der App anmelden. Alle Ihre Fortschritte und Einstellungen werden synchronisiert.<\/p>\n<h3>Sind alle Spiele in der App verf\u00fcgbar?<\/h3>\n<p>Ja, die Spinwinera-App bietet Zugriff auf den gesamten Spielekatalog. Spieler k\u00f6nnen Online-Slots, Tischspiele, Live-Dealer-Spiele und Sofortspiele spielen. Alle Spiele sind f\u00fcr die mobile Nutzung optimiert und bieten die gleichen Funktionen wie in einem Browser.<\/p>\n<h3>Wie kann ich die Spinwinera Casino App aktualisieren?<\/h3>\n<p>Die Spin Winera Casino-App wird automatisch \u00fcber Ihren Browser aktualisiert. Sobald eine neue Version verf\u00fcgbar ist, werden die \u00c4nderungen im Hintergrund \u00fcbernommen. Sie m\u00fcssen Updates nicht manuell herunterladen oder die App neu installieren. Sie erhalten automatische Benachrichtigungen \u00fcber App-Updates.<\/p>\n<\/div><\/div><\/p>\n","protected":false},"excerpt":{"rendered":"<p>Spinwinera App: Spiele f\u00fcr iOS und Android Die Spinwinera App bietet Spielern ein Spielerlebnis im mobilen Format. Die Software bietet schnellen Zugriff auf unseren Spielekatalog auf allen Ger\u00e4ten. Die Spinwinera-App kann auf Android- und iOS-Ger\u00e4ten sowie auf Desktop-Computern installiert werden und funktioniert auf jedem Ger\u00e4t einwandfrei. Die Benutzeroberfl\u00e4che ist f\u00fcr alle Bildschirme optimiert und streamt [&hellip;]<\/p>\n","protected":false},"author":1,"featured_media":0,"parent":0,"menu_order":0,"comment_status":"closed","ping_status":"closed","template":"template-builder.php","meta":{"_acf_changed":false,"inline_featured_image":false,"footnotes":""},"class_list":["post-1429","page","type-page","status-publish","hentry"],"acf":[],"yoast_head":"<!-- This site is optimized with the Yoast SEO plugin v27.3 - https:\/\/yoast.com\/product\/yoast-seo-wordpress\/ -->\n<title>Spinwinera App | iOS - und Android - Plattformen<\/title>\n<meta name=\"description\" content=\"Die Spinwinera-App bietet reibungsloses Casino-Gaming auf Android, iOS, Windows und macOS mit synchronisierten Konten, regelm\u00e4\u00dfigen Updates und integriertem Kundensupport f\u00fcr ein stressfreies Erlebnis.\" \/>\n<meta name=\"robots\" content=\"index, follow, max-snippet:-1, max-image-preview:large, max-video-preview:-1\" \/>\n<link rel=\"canonical\" href=\"https:\/\/spin-winera.net\/de\/app\/\" \/>\n<meta property=\"og:locale\" content=\"de_DE\" \/>\n<meta property=\"og:type\" content=\"article\" \/>\n<meta property=\"og:title\" content=\"Spinwinera App | iOS - und Android - Plattformen\" \/>\n<meta property=\"og:description\" content=\"Die Spinwinera-App bietet reibungsloses Casino-Gaming auf Android, iOS, Windows und macOS mit synchronisierten Konten, regelm\u00e4\u00dfigen Updates und integriertem Kundensupport f\u00fcr ein stressfreies Erlebnis.\" \/>\n<meta property=\"og:url\" content=\"https:\/\/spin-winera.net\/de\/app\/\" \/>\n<meta property=\"og:site_name\" content=\"spinwinera\" \/>\n<meta property=\"article:modified_time\" content=\"2026-01-13T14:42:33+00:00\" \/>\n<meta name=\"twitter:card\" content=\"summary_large_image\" \/>\n<meta name=\"twitter:label1\" content=\"Gesch\u00e4tzte Lesezeit\" \/>\n\t<meta name=\"twitter:data1\" content=\"1\u00a0Minute\" \/>\n<script type=\"application\/ld+json\" class=\"yoast-schema-graph\">{\"@context\":\"https:\\\/\\\/schema.org\",\"@graph\":[{\"@type\":\"WebPage\",\"@id\":\"https:\\\/\\\/spin-winera.net\\\/de\\\/app\\\/\",\"url\":\"https:\\\/\\\/spin-winera.net\\\/de\\\/app\\\/\",\"name\":\"Spinwinera App | iOS - und Android - Plattformen\",\"isPartOf\":{\"@id\":\"https:\\\/\\\/spin-winera.net\\\/de\\\/#website\"},\"datePublished\":\"2026-01-13T12:25:39+00:00\",\"dateModified\":\"2026-01-13T14:42:33+00:00\",\"description\":\"Die Spinwinera-App bietet reibungsloses Casino-Gaming auf Android, iOS, Windows und macOS mit synchronisierten Konten, regelm\u00e4\u00dfigen Updates und integriertem Kundensupport f\u00fcr ein stressfreies Erlebnis.\",\"breadcrumb\":{\"@id\":\"https:\\\/\\\/spin-winera.net\\\/de\\\/app\\\/#breadcrumb\"},\"inLanguage\":\"de\",\"potentialAction\":[{\"@type\":\"ReadAction\",\"target\":[\"https:\\\/\\\/spin-winera.net\\\/de\\\/app\\\/\"]}]},{\"@type\":\"BreadcrumbList\",\"@id\":\"https:\\\/\\\/spin-winera.net\\\/de\\\/app\\\/#breadcrumb\",\"itemListElement\":[{\"@type\":\"ListItem\",\"position\":1,\"name\":\"Spinwinera\",\"item\":\"https:\\\/\\\/spin-winera.net\\\/de\\\/\"},{\"@type\":\"ListItem\",\"position\":2,\"name\":\"App\"}]},{\"@type\":\"WebSite\",\"@id\":\"https:\\\/\\\/spin-winera.net\\\/de\\\/#website\",\"url\":\"https:\\\/\\\/spin-winera.net\\\/de\\\/\",\"name\":\"Spinwinera\",\"description\":\"\",\"publisher\":{\"@id\":\"https:\\\/\\\/spin-winera.net\\\/de\\\/#organization\"},\"potentialAction\":[{\"@type\":\"SearchAction\",\"target\":{\"@type\":\"EntryPoint\",\"urlTemplate\":\"https:\\\/\\\/spin-winera.net\\\/de\\\/?s={search_term_string}\"},\"query-input\":{\"@type\":\"PropertyValueSpecification\",\"valueRequired\":true,\"valueName\":\"search_term_string\"}}],\"inLanguage\":\"de\"},{\"@type\":\"Organization\",\"@id\":\"https:\\\/\\\/spin-winera.net\\\/de\\\/#organization\",\"name\":\"Spinwinera\",\"url\":\"https:\\\/\\\/spin-winera.net\\\/de\\\/\",\"logo\":{\"@type\":\"ImageObject\",\"inLanguage\":\"de\",\"@id\":\"https:\\\/\\\/spin-winera.net\\\/de\\\/#\\\/schema\\\/logo\\\/image\\\/\",\"url\":\"https:\\\/\\\/spin-winera.net\\\/wp-content\\\/uploads\\\/2025\\\/08\\\/80u1FaquEZeR6OUTeJCc-1.png\",\"contentUrl\":\"https:\\\/\\\/spin-winera.net\\\/wp-content\\\/uploads\\\/2025\\\/08\\\/80u1FaquEZeR6OUTeJCc-1.png\",\"width\":157,\"height\":30,\"caption\":\"Spinwinera\"},\"image\":{\"@id\":\"https:\\\/\\\/spin-winera.net\\\/de\\\/#\\\/schema\\\/logo\\\/image\\\/\"}}]}<\/script>\n<!-- \/ Yoast SEO plugin. -->","yoast_head_json":{"title":"Spinwinera App | iOS - und Android - Plattformen","description":"Die Spinwinera-App bietet reibungsloses Casino-Gaming auf Android, iOS, Windows und macOS mit synchronisierten Konten, regelm\u00e4\u00dfigen Updates und integriertem Kundensupport f\u00fcr ein stressfreies Erlebnis.","robots":{"index":"index","follow":"follow","max-snippet":"max-snippet:-1","max-image-preview":"max-image-preview:large","max-video-preview":"max-video-preview:-1"},"canonical":"https:\/\/spin-winera.net\/de\/app\/","og_locale":"de_DE","og_type":"article","og_title":"Spinwinera App | iOS - und Android - Plattformen","og_description":"Die Spinwinera-App bietet reibungsloses Casino-Gaming auf Android, iOS, Windows und macOS mit synchronisierten Konten, regelm\u00e4\u00dfigen Updates und integriertem Kundensupport f\u00fcr ein stressfreies Erlebnis.","og_url":"https:\/\/spin-winera.net\/de\/app\/","og_site_name":"spinwinera","article_modified_time":"2026-01-13T14:42:33+00:00","twitter_card":"summary_large_image","twitter_misc":{"Gesch\u00e4tzte Lesezeit":"1\u00a0Minute"},"schema":{"@context":"https:\/\/schema.org","@graph":[{"@type":"WebPage","@id":"https:\/\/spin-winera.net\/de\/app\/","url":"https:\/\/spin-winera.net\/de\/app\/","name":"Spinwinera App | iOS - und Android - Plattformen","isPartOf":{"@id":"https:\/\/spin-winera.net\/de\/#website"},"datePublished":"2026-01-13T12:25:39+00:00","dateModified":"2026-01-13T14:42:33+00:00","description":"Die Spinwinera-App bietet reibungsloses Casino-Gaming auf Android, iOS, Windows und macOS mit synchronisierten Konten, regelm\u00e4\u00dfigen Updates und integriertem Kundensupport f\u00fcr ein stressfreies Erlebnis.","breadcrumb":{"@id":"https:\/\/spin-winera.net\/de\/app\/#breadcrumb"},"inLanguage":"de","potentialAction":[{"@type":"ReadAction","target":["https:\/\/spin-winera.net\/de\/app\/"]}]},{"@type":"BreadcrumbList","@id":"https:\/\/spin-winera.net\/de\/app\/#breadcrumb","itemListElement":[{"@type":"ListItem","position":1,"name":"Spinwinera","item":"https:\/\/spin-winera.net\/de\/"},{"@type":"ListItem","position":2,"name":"App"}]},{"@type":"WebSite","@id":"https:\/\/spin-winera.net\/de\/#website","url":"https:\/\/spin-winera.net\/de\/","name":"Spinwinera","description":"","publisher":{"@id":"https:\/\/spin-winera.net\/de\/#organization"},"potentialAction":[{"@type":"SearchAction","target":{"@type":"EntryPoint","urlTemplate":"https:\/\/spin-winera.net\/de\/?s={search_term_string}"},"query-input":{"@type":"PropertyValueSpecification","valueRequired":true,"valueName":"search_term_string"}}],"inLanguage":"de"},{"@type":"Organization","@id":"https:\/\/spin-winera.net\/de\/#organization","name":"Spinwinera","url":"https:\/\/spin-winera.net\/de\/","logo":{"@type":"ImageObject","inLanguage":"de","@id":"https:\/\/spin-winera.net\/de\/#\/schema\/logo\/image\/","url":"https:\/\/spin-winera.net\/wp-content\/uploads\/2025\/08\/80u1FaquEZeR6OUTeJCc-1.png","contentUrl":"https:\/\/spin-winera.net\/wp-content\/uploads\/2025\/08\/80u1FaquEZeR6OUTeJCc-1.png","width":157,"height":30,"caption":"Spinwinera"},"image":{"@id":"https:\/\/spin-winera.net\/de\/#\/schema\/logo\/image\/"}}]}},"_links":{"self":[{"href":"https:\/\/spin-winera.net\/de\/wp-json\/wp\/v2\/pages\/1429","targetHints":{"allow":["GET"]}}],"collection":[{"href":"https:\/\/spin-winera.net\/de\/wp-json\/wp\/v2\/pages"}],"about":[{"href":"https:\/\/spin-winera.net\/de\/wp-json\/wp\/v2\/types\/page"}],"author":[{"embeddable":true,"href":"https:\/\/spin-winera.net\/de\/wp-json\/wp\/v2\/users\/1"}],"replies":[{"embeddable":true,"href":"https:\/\/spin-winera.net\/de\/wp-json\/wp\/v2\/comments?post=1429"}],"version-history":[{"count":2,"href":"https:\/\/spin-winera.net\/de\/wp-json\/wp\/v2\/pages\/1429\/revisions"}],"predecessor-version":[{"id":1651,"href":"https:\/\/spin-winera.net\/de\/wp-json\/wp\/v2\/pages\/1429\/revisions\/1651"}],"wp:attachment":[{"href":"https:\/\/spin-winera.net\/de\/wp-json\/wp\/v2\/media?parent=1429"}],"curies":[{"name":"wp","href":"https:\/\/api.w.org\/{rel}","templated":true}]}}