{"id":1480,"date":"2026-01-13T12:28:12","date_gmt":"2026-01-13T12:28:12","guid":{"rendered":"https:\/\/spin-winera.net\/login-and-registration\/"},"modified":"2026-01-13T14:43:44","modified_gmt":"2026-01-13T14:43:44","slug":"anmeldung-und-registrierung","status":"publish","type":"page","link":"https:\/\/spin-winera.net\/de\/anmeldung-und-registrierung\/","title":{"rendered":"Anmeldung und Registrierung"},"content":{"rendered":"<h1>Spinwinera-Anmeldung: Schnelle Registrierung<\/h1>\n<p>Die Erstellung eines Kontos bei Spinwinera Casino ist ein notwendiger Schritt, um auf alle Spiele und Funktionen zugreifen zu k\u00f6nnen. Der Spinwinera Login prozess erm\u00f6glicht es Spielern, ihre Konten zu verwalten, Ein- und Auszahlungen vorzunehmen und Boni zu erhalten.<\/p>\n<p>Der Anmelde- und Registrierungsprozess ist absolut sicher, da alle unsere Daten durch Verschl\u00fcsselung und Sicherheitsprotokolle gesch\u00fctzt sind. Mit einem aktivierten Konto k\u00f6nnen Sie das Casino auf jedem Ger\u00e4t genie\u00dfen.<\/p>\n<p><div class=\"banner-wrap\" aria-label=\"Banner\"><img src=\"https:\/\/spin-winera.net\/wp-content\/uploads\/2026\/01\/Spinwinera-bonus-desktop.webp\" class=\"w-100 d-none d-lg-block img-pc main-banner-img\" alt=\"Spinwinera bonus desktop\" fetchpriority=\"high\" decoding=\"async\"><img src=\"https:\/\/spin-winera.net\/wp-content\/uploads\/2026\/01\/Spinwinera-bonus-mobile.webp\" class=\"w-100 d-none d-md-block d-lg-none main-banner-img\" alt=\"Spinwinera bonus mobile\" fetchpriority=\"high\" decoding=\"async\"><img src=\"https:\/\/spin-winera.net\/wp-content\/uploads\/2026\/01\/Spinwinera-bonus-mobile.webp\" class=\"w-100 d-md-none\" alt=\"Spinwinera bonus mobile\" fetchpriority=\"high\" decoding=\"async\"><div class=\"banner-description\">\n<div class=\"banner-title\">Willkommensboni<\/div>\n<p class=\"banner-header-title\">\u20ac1,500<\/p>\n<div class=\"banner-header-AdditionalText\">+ 250 Freispiele<\/div>\n<button data-item=\"homepage_banner_link\" class=\"goto m-button m-gradient-border m-button--primary m-button--large banner-button btn-orange\">\n            <div class=\"m-button-content\">\n                <span>Jetzt anmelden<\/span>\n                <span><\/span>\n            <\/div>\n        <\/button>\n<\/div>\n<div class=\"WelcomePack\">\n<p><img loading=\"lazy\" decoding=\"async\" class=\"alignnone size-full wp-image-1391\" src=\"https:\/\/spin-winera.net\/wp-content\/uploads\/2026\/01\/welcome-crown.svg\" alt=\"crown\" width=\"25\" height=\"26\" \/><\/p>\n<div class=\"WelcomePack-Info\">W\u00f6chentlicher Cashback von bis zu 25 %<\/div>\n<p><img loading=\"lazy\" decoding=\"async\" class=\"alignnone size-full wp-image-1391\" src=\"https:\/\/spin-winera.net\/wp-content\/uploads\/2026\/01\/welcome-crown.svg\" alt=\"crown\" width=\"25\" height=\"26\" \/><\/p>\n<\/div>\n<\/div><div class=\"scrollable-content-wrap my-5\"><div class=\"scrollable-content-inner\"><h2>Spin Winera Anmeldung f\u00fcr neue Spieler<\/h2>\n<p>Wenn Sie ein Konto bei Spinwinera Casino registrieren, erhalten Sie Zugriff auf alle Funktionen der Plattform. Unser Casino steht nur registrierten Benutzern zur Verf\u00fcgung. Nach der Registrierung und Spinwinera-Anmeldung k\u00f6nnen Sie alle Slots, Tischspiele, Live-Dealer und Sofortgewinne spielen, Boni erhalten, an Turnieren teilnehmen, Einzahlungen vornehmen, Geld abheben und Ihren Spielverlauf verfolgen.<\/p>\n<h3>Erstellen Sie Ihr Konto<\/h3>\n<ol>\n<li>Klicken Sie auf die Schaltfl\u00e4che \u201eRegistrieren\u201c in der Ecke der Webseite.<\/li>\n<li>Geben Sie Ihre E-Mail-Adresse ein und erstellen Sie ein Passwort.<\/li>\n<li>Best\u00e4tigen Sie, dass Sie mindestens 18 Jahre alt sind und die Nutzungsbedingungen akzeptieren.<\/li>\n<li>Klicken Sie auf \u201eSpeichern\u201c, um Ihr Konto zu erstellen.<\/li>\n<li>Sie erhalten eine E-Mail mit einem Aktivierungslink. Klicken Sie darauf, um Ihr Konto zu aktivieren.<\/li>\n<\/ol>\n<p>Nach der Registrierung k\u00f6nnen Sie sich mit Ihrem Spinwinera-Login in unser Casino einloggen.<\/p>\n<h2>Beginnen Sie mit einem Spinwinera-Konto<\/h2>\n<p>Ihre Spinwinera-Anmeldung ist schnell und einfach. Um sich anzumelden, klicken Sie auf die entsprechende Schaltfl\u00e4che und geben Sie Ihre registrierte E-Mail-Adresse und Ihr Passwort ein. Sobald Sie angemeldet sind, k\u00f6nnen Sie Ihre pers\u00f6nlichen Daten und Zahlungsdetails verwalten, Ihre Spielaktivit\u00e4ten \u00fcberwachen, Sicherheitseinstellungen konfigurieren und Tools f\u00fcr verantwortungsbewusstes Spielen nutzen. Das Konto-Kontrollfeld ist die zentrale Anlaufstelle f\u00fcr alle Ihre Interaktionen mit dem Casino.<\/p>\n<table>\n<tbody>\n<tr>\n<td>Funktion<\/td>\n<td>Details<\/td>\n<\/tr>\n<tr>\n<td>Kontoverwaltung<\/td>\n<td>Pers\u00f6nliche Daten, Zahlungsdetails und Kontaktpr\u00e4ferenzen aktualisieren<\/td>\n<\/tr>\n<tr>\n<td>Aktivit\u00e4tsverlauf<\/td>\n<td>Spielverlauf, Einzahlungen, Auszahlungen und Bonusaktivit\u00e4ten \u00fcberpr\u00fcfen<\/td>\n<\/tr>\n<tr>\n<td>Sicherheit &amp; Schutz<\/td>\n<td>Verfolgung angemeldeter Ger\u00e4te, Aktivierung der Zwei-Faktor-Authentifizierung (2FA)<\/td>\n<\/tr>\n<tr>\n<td>Tools f\u00fcr verantwortungsbewusstes Spielen<\/td>\n<td>Legen Sie Einzahlungs-, Einsatz- und Verlustlimits, Sitzungserinnerungen und Selbstausschluss fest.<\/td>\n<\/tr>\n<\/tbody>\n<\/table>\n<h3>Passwort vergessen?<\/h3>\n<p>Es kommt h\u00e4ufig vor, dass man seine Spinwinera-Anmeldedaten vergisst, insbesondere Passw\u00f6rter. Spinwinera macht es Ihnen leicht, den Zugang wiederherzustellen und weiterzuspielen. Um Ihr Passwort wiederherzustellen, folgen Sie einfach unseren Anweisungen.<\/p>\n<p>So stellen Sie Ihr Passwort wieder her:<\/p>\n<ol>\n<li>Gehen Sie zur Anmeldeseite.<\/li>\n<li>Klicken Sie auf \u201ePasswort vergessen?\u201c.<\/li>\n<li>Geben Sie die bei der Registrierung verwendete E-Mail-Adresse ein.<\/li>\n<li>Folgen Sie dem Link zum Zur\u00fccksetzen des Passworts in Ihrer E-Mail.<\/li>\n<li>Erstellen Sie ein neues Passwort und verwenden Sie es, wenn Sie sich anmelden.<\/li>\n<\/ol>\n<h3>Sichern und Best\u00e4tigen eines Spin Winera Casino-Kontos<\/h3>\n<p>Der Schutz Ihres Kontos hat f\u00fcr uns oberste Priorit\u00e4t. Um Ihr Konto zu sch\u00fctzen, m\u00fcssen Sie ein eindeutiges Passwort erstellen und die Zwei-Faktor-Authentifizierung (2FA) f\u00fcr zus\u00e4tzliche Sicherheit aktivieren. Melden Sie sich immer ab, wenn Sie Ihr pers\u00f6nliches Ger\u00e4t nicht verwenden.<\/p>\n<p>Wir verwenden Datenverschl\u00fcsselung und Sicherheitsprotokolle, um die Konten unserer Spieler zu sch\u00fctzen, beispielsweise den Verifizierungsprozess. Erst nach der Verifizierung k\u00f6nnen Sie Boni erhalten und Geld abheben. Alle Auszahlungsantr\u00e4ge werden von unseren Spezialisten manuell \u00fcberpr\u00fcft, um den Eingang der Gelder und die Sicherheit zu \u00fcberpr\u00fcfen.<\/p>\n<h2>H\u00e4ufig gestellte Fragen<\/h2>\n<h3>Wie schlie\u00dfe ich den Kontoverifizierungsprozess ab?<\/h3>\n<p>Um den Verifizierungsprozess f\u00fcr Ihr Spinwinera-Konto abzuschlie\u00dfen, m\u00fcssen Sie pers\u00f6nliche Dokumente hochladen. Sie m\u00fcssen die folgenden Dokumente hochladen: Ausweis, Adressnachweis (z. B. Stromrechnung) und Bankverbindung. Nach dem Hochladen \u00fcberpr\u00fcft unser Team die Dokumente, was in der Regel bis zu 48 Stunden dauert. Nach der Genehmigung ist Ihr Konto vollst\u00e4ndig verifiziert und Sie k\u00f6nnen Geld abheben und Boni nutzen.<\/p>\n<h3>Wie aktualisiere ich mein Passwort oder meine E-Mail-Adresse?<\/h3>\n<p>Sie k\u00f6nnen Ihr Passwort oder Ihre E-Mail-Adresse in Ihrem Spinwinera-Konto aktualisieren. \u00d6ffnen Sie Ihre Kontoeinstellungen im Hauptmen\u00fc und suchen Sie Ihre pers\u00f6nlichen Daten. Geben Sie Ihr aktuelles Passwort ein und legen Sie dann ein neues Passwort oder eine neue E-Mail-Adresse fest.<\/p>\n<h3>Was soll ich tun, wenn mein Konto gesperrt ist?<\/h3>\n<p>Wenn Ihr Spinwinera-Konto gesperrt ist, versuchen Sie, sich abzumelden und erneut anzumelden. Sie k\u00f6nnen auch versuchen, sich auf einem anderen Ger\u00e4t anzumelden. \u00dcberpr\u00fcfen Sie Ihre lokalen Gesetze; unsere Website ist in Ihrer Region m\u00f6glicherweise eingeschr\u00e4nkt. Wenn das Problem weiterhin besteht, wenden Sie sich \u00fcber den Live-Chat oder per E-Mail an unseren mehrsprachigen Support. Geben Sie Ihre registrierte E-Mail-Adresse an. Unsere professionellen Mitarbeiter helfen Ihnen dabei, den Zugang wiederherzustellen.<\/p>\n<h3>Wie kann ich mein Konto schlie\u00dfen oder vor\u00fcbergehend sperren?<\/h3>\n<p>Sie k\u00f6nnen Ihr Spinwinera-Konto mithilfe der Tools f\u00fcr verantwortungsbewusstes Spielen schlie\u00dfen oder vor\u00fcbergehend sperren. Gehen Sie zu Ihrem Kontomen\u00fc und w\u00e4hlen Sie \u201eTools f\u00fcr verantwortungsbewusstes Spielen\u201d. W\u00e4hlen Sie eine Abk\u00fchlungsphase f\u00fcr eine vor\u00fcbergehende Sperrung oder einen Selbstausschluss f\u00fcr eine l\u00e4ngere Schlie\u00dfung.<\/p>\n<\/div><\/div><\/p>\n","protected":false},"excerpt":{"rendered":"<p>Spinwinera-Anmeldung: Schnelle Registrierung Die Erstellung eines Kontos bei Spinwinera Casino ist ein notwendiger Schritt, um auf alle Spiele und Funktionen zugreifen zu k\u00f6nnen. Der Spinwinera Login prozess erm\u00f6glicht es Spielern, ihre Konten zu verwalten, Ein- und Auszahlungen vorzunehmen und Boni zu erhalten. Der Anmelde- und Registrierungsprozess ist absolut sicher, da alle unsere Daten durch Verschl\u00fcsselung [&hellip;]<\/p>\n","protected":false},"author":1,"featured_media":0,"parent":0,"menu_order":0,"comment_status":"closed","ping_status":"closed","template":"template-builder.php","meta":{"_acf_changed":false,"inline_featured_image":false,"footnotes":""},"class_list":["post-1480","page","type-page","status-publish","hentry"],"acf":[],"yoast_head":"<!-- This site is optimized with the Yoast SEO plugin v27.3 - https:\/\/yoast.com\/product\/yoast-seo-wordpress\/ -->\n<title>Spinwinera Login und Registrierung<\/title>\n<meta name=\"description\" content=\"Erstellen, verwalten und verifizieren Sie m\u00fchelos Ihr Spinwinera Casino-Konto. Genie\u00dfen Sie eine schnelle Registrierung, einfache Kontowiederherstellung und sichere Schlie\u00dfung mit Spinwinera Login, wodurch Ihr Konto rund um die Uhr gesch\u00fctzt ist.\" \/>\n<meta name=\"robots\" content=\"index, follow, max-snippet:-1, max-image-preview:large, max-video-preview:-1\" \/>\n<link rel=\"canonical\" href=\"https:\/\/spin-winera.net\/de\/anmeldung-und-registrierung\/\" \/>\n<meta property=\"og:locale\" content=\"de_DE\" \/>\n<meta property=\"og:type\" content=\"article\" \/>\n<meta property=\"og:title\" content=\"Spinwinera Login und Registrierung\" \/>\n<meta property=\"og:description\" content=\"Erstellen, verwalten und verifizieren Sie m\u00fchelos Ihr Spinwinera Casino-Konto. Genie\u00dfen Sie eine schnelle Registrierung, einfache Kontowiederherstellung und sichere Schlie\u00dfung mit Spinwinera Login, wodurch Ihr Konto rund um die Uhr gesch\u00fctzt ist.\" \/>\n<meta property=\"og:url\" content=\"https:\/\/spin-winera.net\/de\/anmeldung-und-registrierung\/\" \/>\n<meta property=\"og:site_name\" content=\"spinwinera\" \/>\n<meta property=\"article:modified_time\" content=\"2026-01-13T14:43:44+00:00\" \/>\n<meta name=\"twitter:card\" content=\"summary_large_image\" \/>\n<meta name=\"twitter:label1\" content=\"Gesch\u00e4tzte Lesezeit\" \/>\n\t<meta name=\"twitter:data1\" content=\"1\u00a0Minute\" \/>\n<script type=\"application\/ld+json\" class=\"yoast-schema-graph\">{\"@context\":\"https:\\\/\\\/schema.org\",\"@graph\":[{\"@type\":\"WebPage\",\"@id\":\"https:\\\/\\\/spin-winera.net\\\/de\\\/anmeldung-und-registrierung\\\/\",\"url\":\"https:\\\/\\\/spin-winera.net\\\/de\\\/anmeldung-und-registrierung\\\/\",\"name\":\"Spinwinera Login und Registrierung\",\"isPartOf\":{\"@id\":\"https:\\\/\\\/spin-winera.net\\\/de\\\/#website\"},\"datePublished\":\"2026-01-13T12:28:12+00:00\",\"dateModified\":\"2026-01-13T14:43:44+00:00\",\"description\":\"Erstellen, verwalten und verifizieren Sie m\u00fchelos Ihr Spinwinera Casino-Konto. Genie\u00dfen Sie eine schnelle Registrierung, einfache Kontowiederherstellung und sichere Schlie\u00dfung mit Spinwinera Login, wodurch Ihr Konto rund um die Uhr gesch\u00fctzt ist.\",\"breadcrumb\":{\"@id\":\"https:\\\/\\\/spin-winera.net\\\/de\\\/anmeldung-und-registrierung\\\/#breadcrumb\"},\"inLanguage\":\"de\",\"potentialAction\":[{\"@type\":\"ReadAction\",\"target\":[\"https:\\\/\\\/spin-winera.net\\\/de\\\/anmeldung-und-registrierung\\\/\"]}]},{\"@type\":\"BreadcrumbList\",\"@id\":\"https:\\\/\\\/spin-winera.net\\\/de\\\/anmeldung-und-registrierung\\\/#breadcrumb\",\"itemListElement\":[{\"@type\":\"ListItem\",\"position\":1,\"name\":\"Spinwinera\",\"item\":\"https:\\\/\\\/spin-winera.net\\\/de\\\/\"},{\"@type\":\"ListItem\",\"position\":2,\"name\":\"Anmeldung und Registrierung\"}]},{\"@type\":\"WebSite\",\"@id\":\"https:\\\/\\\/spin-winera.net\\\/de\\\/#website\",\"url\":\"https:\\\/\\\/spin-winera.net\\\/de\\\/\",\"name\":\"Spinwinera\",\"description\":\"\",\"publisher\":{\"@id\":\"https:\\\/\\\/spin-winera.net\\\/de\\\/#organization\"},\"potentialAction\":[{\"@type\":\"SearchAction\",\"target\":{\"@type\":\"EntryPoint\",\"urlTemplate\":\"https:\\\/\\\/spin-winera.net\\\/de\\\/?s={search_term_string}\"},\"query-input\":{\"@type\":\"PropertyValueSpecification\",\"valueRequired\":true,\"valueName\":\"search_term_string\"}}],\"inLanguage\":\"de\"},{\"@type\":\"Organization\",\"@id\":\"https:\\\/\\\/spin-winera.net\\\/de\\\/#organization\",\"name\":\"Spinwinera\",\"url\":\"https:\\\/\\\/spin-winera.net\\\/de\\\/\",\"logo\":{\"@type\":\"ImageObject\",\"inLanguage\":\"de\",\"@id\":\"https:\\\/\\\/spin-winera.net\\\/de\\\/#\\\/schema\\\/logo\\\/image\\\/\",\"url\":\"https:\\\/\\\/spin-winera.net\\\/wp-content\\\/uploads\\\/2025\\\/08\\\/80u1FaquEZeR6OUTeJCc-1.png\",\"contentUrl\":\"https:\\\/\\\/spin-winera.net\\\/wp-content\\\/uploads\\\/2025\\\/08\\\/80u1FaquEZeR6OUTeJCc-1.png\",\"width\":157,\"height\":30,\"caption\":\"Spinwinera\"},\"image\":{\"@id\":\"https:\\\/\\\/spin-winera.net\\\/de\\\/#\\\/schema\\\/logo\\\/image\\\/\"}}]}<\/script>\n<!-- \/ Yoast SEO plugin. -->","yoast_head_json":{"title":"Spinwinera Login und Registrierung","description":"Erstellen, verwalten und verifizieren Sie m\u00fchelos Ihr Spinwinera Casino-Konto. Genie\u00dfen Sie eine schnelle Registrierung, einfache Kontowiederherstellung und sichere Schlie\u00dfung mit Spinwinera Login, wodurch Ihr Konto rund um die Uhr gesch\u00fctzt ist.","robots":{"index":"index","follow":"follow","max-snippet":"max-snippet:-1","max-image-preview":"max-image-preview:large","max-video-preview":"max-video-preview:-1"},"canonical":"https:\/\/spin-winera.net\/de\/anmeldung-und-registrierung\/","og_locale":"de_DE","og_type":"article","og_title":"Spinwinera Login und Registrierung","og_description":"Erstellen, verwalten und verifizieren Sie m\u00fchelos Ihr Spinwinera Casino-Konto. Genie\u00dfen Sie eine schnelle Registrierung, einfache Kontowiederherstellung und sichere Schlie\u00dfung mit Spinwinera Login, wodurch Ihr Konto rund um die Uhr gesch\u00fctzt ist.","og_url":"https:\/\/spin-winera.net\/de\/anmeldung-und-registrierung\/","og_site_name":"spinwinera","article_modified_time":"2026-01-13T14:43:44+00:00","twitter_card":"summary_large_image","twitter_misc":{"Gesch\u00e4tzte Lesezeit":"1\u00a0Minute"},"schema":{"@context":"https:\/\/schema.org","@graph":[{"@type":"WebPage","@id":"https:\/\/spin-winera.net\/de\/anmeldung-und-registrierung\/","url":"https:\/\/spin-winera.net\/de\/anmeldung-und-registrierung\/","name":"Spinwinera Login und Registrierung","isPartOf":{"@id":"https:\/\/spin-winera.net\/de\/#website"},"datePublished":"2026-01-13T12:28:12+00:00","dateModified":"2026-01-13T14:43:44+00:00","description":"Erstellen, verwalten und verifizieren Sie m\u00fchelos Ihr Spinwinera Casino-Konto. Genie\u00dfen Sie eine schnelle Registrierung, einfache Kontowiederherstellung und sichere Schlie\u00dfung mit Spinwinera Login, wodurch Ihr Konto rund um die Uhr gesch\u00fctzt ist.","breadcrumb":{"@id":"https:\/\/spin-winera.net\/de\/anmeldung-und-registrierung\/#breadcrumb"},"inLanguage":"de","potentialAction":[{"@type":"ReadAction","target":["https:\/\/spin-winera.net\/de\/anmeldung-und-registrierung\/"]}]},{"@type":"BreadcrumbList","@id":"https:\/\/spin-winera.net\/de\/anmeldung-und-registrierung\/#breadcrumb","itemListElement":[{"@type":"ListItem","position":1,"name":"Spinwinera","item":"https:\/\/spin-winera.net\/de\/"},{"@type":"ListItem","position":2,"name":"Anmeldung und Registrierung"}]},{"@type":"WebSite","@id":"https:\/\/spin-winera.net\/de\/#website","url":"https:\/\/spin-winera.net\/de\/","name":"Spinwinera","description":"","publisher":{"@id":"https:\/\/spin-winera.net\/de\/#organization"},"potentialAction":[{"@type":"SearchAction","target":{"@type":"EntryPoint","urlTemplate":"https:\/\/spin-winera.net\/de\/?s={search_term_string}"},"query-input":{"@type":"PropertyValueSpecification","valueRequired":true,"valueName":"search_term_string"}}],"inLanguage":"de"},{"@type":"Organization","@id":"https:\/\/spin-winera.net\/de\/#organization","name":"Spinwinera","url":"https:\/\/spin-winera.net\/de\/","logo":{"@type":"ImageObject","inLanguage":"de","@id":"https:\/\/spin-winera.net\/de\/#\/schema\/logo\/image\/","url":"https:\/\/spin-winera.net\/wp-content\/uploads\/2025\/08\/80u1FaquEZeR6OUTeJCc-1.png","contentUrl":"https:\/\/spin-winera.net\/wp-content\/uploads\/2025\/08\/80u1FaquEZeR6OUTeJCc-1.png","width":157,"height":30,"caption":"Spinwinera"},"image":{"@id":"https:\/\/spin-winera.net\/de\/#\/schema\/logo\/image\/"}}]}},"_links":{"self":[{"href":"https:\/\/spin-winera.net\/de\/wp-json\/wp\/v2\/pages\/1480","targetHints":{"allow":["GET"]}}],"collection":[{"href":"https:\/\/spin-winera.net\/de\/wp-json\/wp\/v2\/pages"}],"about":[{"href":"https:\/\/spin-winera.net\/de\/wp-json\/wp\/v2\/types\/page"}],"author":[{"embeddable":true,"href":"https:\/\/spin-winera.net\/de\/wp-json\/wp\/v2\/users\/1"}],"replies":[{"embeddable":true,"href":"https:\/\/spin-winera.net\/de\/wp-json\/wp\/v2\/comments?post=1480"}],"version-history":[{"count":1,"href":"https:\/\/spin-winera.net\/de\/wp-json\/wp\/v2\/pages\/1480\/revisions"}],"predecessor-version":[{"id":1652,"href":"https:\/\/spin-winera.net\/de\/wp-json\/wp\/v2\/pages\/1480\/revisions\/1652"}],"wp:attachment":[{"href":"https:\/\/spin-winera.net\/de\/wp-json\/wp\/v2\/media?parent=1480"}],"curies":[{"name":"wp","href":"https:\/\/api.w.org\/{rel}","templated":true}]}}