{"id":1437,"date":"2026-01-13T12:25:39","date_gmt":"2026-01-13T12:25:39","guid":{"rendered":"https:\/\/spin-winera.net\/app\/"},"modified":"2026-01-14T07:58:39","modified_gmt":"2026-01-14T07:58:39","slug":"aplicacion","status":"publish","type":"page","link":"https:\/\/spin-winera.net\/es\/aplicacion\/","title":{"rendered":"Aplicaci\u00f3n"},"content":{"rendered":"<h1>Aplicaci\u00f3n Spinwinera: Juegos para iOS y Android<\/h1>\n<p>La Spinwinera app ofrece a los jugadores espa\u00f1oles una experiencia de juego en formato m\u00f3vil. El software proporciona un acceso r\u00e1pido a nuestro cat\u00e1logo de juegos en todos los dispositivos. Disponible para su instalaci\u00f3n en Android, iOS y ordenadores de sobremesa, la aplicaci\u00f3n Spinwinera funciona perfectamente en cualquier dispositivo. La interfaz est\u00e1 optimizada para todas las pantallas y transmite los juegos con la m\u00e1xima calidad.<\/p>\n<div class=\"banner-wrap\" aria-label=\"Banner\"><img src=\"https:\/\/spin-winera.net\/wp-content\/uploads\/2026\/01\/Spinwinera-bonus-desktop.webp\" class=\"w-100 d-none d-lg-block img-pc main-banner-img\" alt=\"Spinwinera bonus desktop\" fetchpriority=\"high\" decoding=\"async\"><img src=\"https:\/\/spin-winera.net\/wp-content\/uploads\/2026\/01\/Spinwinera-bonus-mobile.webp\" class=\"w-100 d-none d-md-block d-lg-none main-banner-img\" alt=\"Spinwinera bonus mobile\" fetchpriority=\"high\" decoding=\"async\"><img src=\"https:\/\/spin-winera.net\/wp-content\/uploads\/2026\/01\/Spinwinera-bonus-mobile.webp\" class=\"w-100 d-md-none\" alt=\"Spinwinera bonus mobile\" fetchpriority=\"high\" decoding=\"async\"><div class=\"banner-description\">\n<div class=\"banner-title\">Bonos de bienvenida<\/div>\n<p class=\"banner-header-title\">\u20ac1,500<\/p>\n<div class=\"banner-header-AdditionalText\">+ 250 Tiradas gratis<\/div>\n<button data-item=\"homepage_banner_link\" class=\"goto m-button m-gradient-border m-button--primary m-button--large banner-button btn-orange\">\n            <div class=\"m-button-content\">\n                <span>Reg\u00edstrate ahora<\/span>\n                <span><\/span>\n            <\/div>\n        <\/button>\n<\/div>\n<div class=\"WelcomePack\">\n<p><img loading=\"lazy\" decoding=\"async\" class=\"alignnone size-full wp-image-1391\" src=\"https:\/\/spin-winera.net\/wp-content\/uploads\/2026\/01\/welcome-crown.svg\" alt=\"crown\" width=\"25\" height=\"26\" \/><\/p>\n<div class=\"WelcomePack-Info\">Reembolso semanal de hasta el 25 %<\/div>\n<p><img loading=\"lazy\" decoding=\"async\" class=\"alignnone size-full wp-image-1391\" src=\"https:\/\/spin-winera.net\/wp-content\/uploads\/2026\/01\/welcome-crown.svg\" alt=\"crown\" width=\"25\" height=\"26\" \/><\/p>\n<\/div>\n<\/div>\n<h2>Experiencia m\u00f3vil en Spinwinera<\/h2>\n<p>La versi\u00f3n m\u00f3vil de Spin Winera Casino est\u00e1 dise\u00f1ada para la movilidad con las mismas funciones y calidad. Todos los juegos, bonificaciones, m\u00e9todos de pago, configuraci\u00f3n de la cuenta y otras caracter\u00edsticas de la plataforma est\u00e1n disponibles. La versi\u00f3n de escritorio ofrece una pantalla m\u00e1s amplia y controles visuales m\u00e1s detallados, mientras que la aplicaci\u00f3n ofrece tiempos de carga m\u00e1s r\u00e1pidos. Ambas versiones admiten los mismos est\u00e1ndares de seguridad y fiabilidad.<\/p>\n<table>\n<tbody>\n<tr>\n<td>Caracter\u00edstica<\/td>\n<td>Aplicaci\u00f3n m\u00f3vil<\/td>\n<td>Versi\u00f3n para PC<\/td>\n<\/tr>\n<tr>\n<td>Accesibilidad<\/td>\n<td>Juega en cualquier lugar<\/td>\n<td>Jugar desde una ubicaci\u00f3n fija<\/td>\n<\/tr>\n<tr>\n<td>Instalaci\u00f3n<\/td>\n<td>Es necesario descargar la aplicaci\u00f3n.<\/td>\n<td>No requiere instalaci\u00f3n.<\/td>\n<\/tr>\n<tr>\n<td>Interfaz<\/td>\n<td>Optimizado para el tacto, compacto<\/td>\n<td>Dise\u00f1o m\u00e1s grande, pantalla completa<\/td>\n<\/tr>\n<tr>\n<td>Rendimiento<\/td>\n<td>R\u00e1pido, ligero<\/td>\n<td>Estable, alta resoluci\u00f3n<\/td>\n<\/tr>\n<tr>\n<td>Selecci\u00f3n de juegos<\/td>\n<td>Cat\u00e1logo completo<\/td>\n<td>Cat\u00e1logo completo<\/td>\n<\/tr>\n<\/tbody>\n<\/table>\n<p><div class=\"scrollable-content-wrap my-5\"><div class=\"scrollable-content-inner\"><h2>Aplicaci\u00f3n Spinwinera iOS Casino<\/h2>\n<p>La aplicaci\u00f3n Spinwinera iOS Casino est\u00e1 totalmente optimizada para usuarios de iPhone y iPad. Los jugadores pueden acceder al casino a trav\u00e9s de un navegador m\u00f3vil o una aplicaci\u00f3n espec\u00edfica. La interfaz est\u00e1 dise\u00f1ada para facilitar la navegaci\u00f3n en dispositivos m\u00f3viles.<\/p>\n<p>No es necesario buscar nuestra aplicaci\u00f3n en la App Store; puede descargarla directamente desde su navegador. Ofrecemos una instalaci\u00f3n segura desde nuestro sitio web oficial mediante una aplicaci\u00f3n web progresiva (PWA). Nuestra PWA ocupa un espacio m\u00ednimo en el disco y se instala r\u00e1pidamente.<\/p>\n<h3>C\u00f3mo instalar la aplicaci\u00f3n Spinwinera para iOS:<\/h3>\n<ol>\n<li>Despl\u00e1zate hasta el pie de p\u00e1gina del sitio web de Spinwinera Casino en tu iPhone o iPad.<\/li>\n<li>Selecciona Aplicaci\u00f3n del casino y pulsa Instalar.<\/li>\n<li>Espere a que finalice la instalaci\u00f3n.<\/li>\n<li>Ahora la aplicaci\u00f3n est\u00e1 en tu pantalla de inicio.<\/li>\n<\/ol>\n<p><img loading=\"lazy\" decoding=\"async\" src=\"https:\/\/spin-winera.net\/wp-content\/uploads\/2026\/01\/Spinwinera-iOS-App.webp\" alt=\"Spinwinera iOS App\" width=\"1248\" height=\"536\" \/><\/p>\n<\/div><\/div><div style=\"clear: both\"><\/div><div class=\"d-flex justify-content-center\"><button data-item=\"decouvrez_link\" data-group=\"website_links\" class=\"goto fw-bold rounded-pill btn btn-orange\" aria-label=\"Descarga la aplicaci\u00f3n Spinwinera\" >Descarga la aplicaci\u00f3n Spinwinera<\/button><\/div><div class=\"scrollable-content-wrap my-5\"><div class=\"scrollable-content-inner\"><h2>Aplicaci\u00f3n Spinwinera Android Casino<\/h2>\n<p>La aplicaci\u00f3n de casino para Android Spinwinera est\u00e1 dise\u00f1ada para un acceso r\u00e1pido desde dispositivos m\u00f3viles. No es necesario descargar nada de las tiendas de aplicaciones y nuestro proceso de instalaci\u00f3n es r\u00e1pido y sencillo. La interfaz est\u00e1 optimizada para el control t\u00e1ctil, por lo que todos los juegos se cargan r\u00e1pidamente y se ejecutan con alta calidad. Todos los jugadores tienen acceso a la biblioteca completa de juegos con todos los bonos y torneos. Todas las funciones, como los pagos y los retiros, tambi\u00e9n est\u00e1n disponibles aqu\u00ed. Tambi\u00e9n puede completar el proceso de verificaci\u00f3n de su cuenta a trav\u00e9s de la aplicaci\u00f3n para Android.<\/p>\n<h3>APK<\/h3>\n<p>Spinwinera no utiliza archivos APK para su instalaci\u00f3n. No es necesario habilitar fuentes desconocidas ni descargar paquetes de instalaci\u00f3n externos. Tampoco es necesario buscar nuestra aplicaci\u00f3n en Play Store. Est\u00e1 disponible para su descarga en nuestro sitio web oficial.<\/p>\n<h3>PWA<\/h3>\n<p>Nuestra aplicaci\u00f3n web progresiva (PWA) est\u00e1 disponible en el sitio web de Spinwinera . La PWA es una aplicaci\u00f3n \u00f3ptima con funcionalidad completa, bajo consumo de memoria y alto rendimiento. El software se instala r\u00e1pidamente y se actualiza autom\u00e1ticamente sin necesidad de instalaci\u00f3n manual ni descargas. Nuestra PWA proporciona acceso directo desde la pantalla de inicio del dispositivo con una carga r\u00e1pida de los juegos y todas las dem\u00e1s funciones de la plataforma.<\/p>\n<p>C\u00f3mo instalar la aplicaci\u00f3n Spinwinera para Android:<\/p>\n<ol>\n<li>Busca el bot\u00f3n \u00abAplicaci\u00f3n del casino\u00bb en la parte inferior de la p\u00e1gina web de Spinwinera.<\/li>\n<li>Haga clic en \u00e9l y seleccione \u00abInstalar\u00bb.<\/li>\n<li>La aplicaci\u00f3n se descargar\u00e1 autom\u00e1ticamente en tu pantalla de inicio.<\/li>\n<\/ol>\n<p><img loading=\"lazy\" decoding=\"async\" src=\"https:\/\/spin-winera.net\/wp-content\/uploads\/2026\/01\/Spinwinera-Android-App.webp\" alt=\"Spinwinera Android App\" width=\"1248\" height=\"536\" \/><\/p>\n<\/div><\/div><div style=\"clear: both\"><\/div><div class=\"d-flex justify-content-center\"><button data-item=\"decouvrez_link\" data-group=\"website_links\" class=\"goto fw-bold rounded-pill btn btn-orange\" aria-label=\"Descargar Spinwinera\" >Descargar Spinwinera<\/button><\/div><div class=\"scrollable-content-wrap my-5\"><div class=\"scrollable-content-inner\"><h2>Descargar aplicaciones para Windows y macOS<\/h2>\n<p>Spinwinera Casino tambi\u00e9n tiene una aplicaci\u00f3n para PC y port\u00e1tiles. Nuestra plataforma funciona en todos los principales navegadores, como Google Chrome, Safari y otros navegadores modernos, sin necesidad de descargar ning\u00fan archivo. A trav\u00e9s del navegador, los jugadores tienen acceso instant\u00e1neo al cat\u00e1logo completo de juegos, funciones de la cuenta y promociones.<\/p>\n<p>Para mayor comodidad, tambi\u00e9n ofrecemos una aplicaci\u00f3n web que se puede instalar desde nuestro sitio web. Con esta opci\u00f3n, los jugadores pueden iniciar el casino sin tener que abrir un navegador y buscar el sitio web cada vez. La aplicaci\u00f3n web tiene el mismo rendimiento, seguridad y funcionalidad que la versi\u00f3n para navegador. La aplicaci\u00f3n proporciona un acceso m\u00e1s r\u00e1pido y un funcionamiento c\u00f3modo en un ordenador de sobremesa. La instalaci\u00f3n es r\u00e1pida y segura tanto para macOS como para Windows.<\/p>\n<p>Para instalar el software para macOS o Windows, siga las instrucciones:<\/p>\n<ol>\n<li>Abre el men\u00fa de tres puntos en la barra de direcciones.<\/li>\n<li>Seleccione \u00abTransmitir, guardar y compartir\u00bb.<\/li>\n<li>Selecciona \u00abInstalar p\u00e1gina como aplicaci\u00f3n\u00bb.<\/li>\n<li>La aplicaci\u00f3n se a\u00f1adir\u00e1 a tu escritorio.<\/li>\n<\/ol>\n<p><img loading=\"lazy\" decoding=\"async\" src=\"https:\/\/spin-winera.net\/wp-content\/uploads\/2026\/01\/Spinwinera-PC.webp\" alt=\"Spinwinera PC\" width=\"1248\" height=\"536\" \/><\/p>\n<\/div><\/div><div style=\"clear: both\"><\/div><div class=\"d-flex justify-content-center\"><button data-item=\"decouvrez_link\" data-group=\"website_links\" class=\"goto fw-bold rounded-pill btn btn-orange\" aria-label=\"Descarga la aplicaci\u00f3n Spinwinera\" >Descarga la aplicaci\u00f3n Spinwinera<\/button><\/div><div class=\"scrollable-content-wrap my-5\"><div class=\"scrollable-content-inner\"><h2>Preguntas frecuentes<\/h2>\n<h3>\u00bfLa aplicaci\u00f3n Spin Winera Casino ofrece atenci\u00f3n al cliente?<\/h3>\n<p>S\u00ed, puedes ponerte en contacto con el servicio de asistencia a trav\u00e9s de la aplicaci\u00f3n. Los jugadores pueden ponerse en contacto con el equipo de asistencia las 24 horas del d\u00eda, los 7 d\u00edas de la semana, a trav\u00e9s del chat en vivo de la aplicaci\u00f3n o del sitio web, o por correo electr\u00f3nico. Nuestro servicio profesional est\u00e1 disponible para cualquier pregunta. Estamos disponibles en varios idiomas, incluyendo ingl\u00e9s, alem\u00e1n, holand\u00e9s, espa\u00f1ol, italiano, polaco y franc\u00e9s.<\/p>\n<h3>\u00bfEs necesario crear una cuenta para utilizar la aplicaci\u00f3n Spin Winera?<\/h3>\n<p>S\u00ed, necesitas tener una cuenta para usar la aplicaci\u00f3n Spin Winera. Solo los usuarios registrados pueden acceder a los juegos, realizar dep\u00f3sitos, retirar ganancias y usar bonificaciones. Despu\u00e9s de registrarse, los jugadores pueden usar la misma cuenta tanto en su dispositivo m\u00f3vil como en su ordenador. Tambi\u00e9n puedes iniciar sesi\u00f3n en tu navegador y en la aplicaci\u00f3n al mismo tiempo. Todo tu progreso y configuraci\u00f3n se sincronizar\u00e1n.<\/p>\n<h3>\u00bfTodos los juegos est\u00e1n disponibles en la aplicaci\u00f3n?<\/h3>\n<p>S\u00ed, la aplicaci\u00f3n Spinwinera proporciona acceso al cat\u00e1logo completo de juegos. Los jugadores pueden jugar a tragamonedas en l\u00ednea, juegos de mesa, juegos con crupier en vivo y juegos instant\u00e1neos. Todos los juegos est\u00e1n optimizados para su uso en dispositivos m\u00f3viles y ofrecen las mismas funciones que en un navegador.<\/p>\n<h3>\u00bfC\u00f3mo puedo actualizar la aplicaci\u00f3n del casino Spinwinera?<\/h3>\n<p>La aplicaci\u00f3n Spin Winera Casino se actualiza autom\u00e1ticamente a trav\u00e9s de tu navegador. Cuando hay una nueva versi\u00f3n disponible, los cambios se aplican en segundo plano. No es necesario descargar manualmente las actualizaciones ni reinstalar la aplicaci\u00f3n. Recibir\u00e1s notificaciones autom\u00e1ticas sobre las actualizaciones de la aplicaci\u00f3n.<\/p>\n<\/div><\/div><\/p>\n","protected":false},"excerpt":{"rendered":"<p>Aplicaci\u00f3n Spinwinera: Juegos para iOS y Android La Spinwinera app ofrece a los jugadores espa\u00f1oles una experiencia de juego en formato m\u00f3vil. El software proporciona un acceso r\u00e1pido a nuestro cat\u00e1logo de juegos en todos los dispositivos. Disponible para su instalaci\u00f3n en Android, iOS y ordenadores de sobremesa, la aplicaci\u00f3n Spinwinera funciona perfectamente en cualquier [&hellip;]<\/p>\n","protected":false},"author":1,"featured_media":0,"parent":0,"menu_order":0,"comment_status":"closed","ping_status":"closed","template":"template-builder.php","meta":{"_acf_changed":false,"inline_featured_image":false,"footnotes":""},"class_list":["post-1437","page","type-page","status-publish","hentry"],"acf":[],"yoast_head":"<!-- This site is optimized with the Yoast SEO plugin v27.3 - https:\/\/yoast.com\/product\/yoast-seo-wordpress\/ -->\n<title>Spinwinera Aplicaci\u00f3n | Plataformas iOS y Android<\/title>\n<meta name=\"description\" content=\"La aplicaci\u00f3n Spinwinera ofrece una experiencia de juego fluida en casinos para Android, iOS, Windows y macOS, con cuentas sincronizadas, actualizaciones peri\u00f3dicas y asistencia al cliente integrada para una experiencia sin complicaciones.\" \/>\n<meta name=\"robots\" content=\"index, follow, max-snippet:-1, max-image-preview:large, max-video-preview:-1\" \/>\n<link rel=\"canonical\" href=\"https:\/\/spin-winera.net\/es\/aplicacion\/\" \/>\n<meta property=\"og:locale\" content=\"es_ES\" \/>\n<meta property=\"og:type\" content=\"article\" \/>\n<meta property=\"og:title\" content=\"Spinwinera Aplicaci\u00f3n | Plataformas iOS y Android\" \/>\n<meta property=\"og:description\" content=\"La aplicaci\u00f3n Spinwinera ofrece una experiencia de juego fluida en casinos para Android, iOS, Windows y macOS, con cuentas sincronizadas, actualizaciones peri\u00f3dicas y asistencia al cliente integrada para una experiencia sin complicaciones.\" \/>\n<meta property=\"og:url\" content=\"https:\/\/spin-winera.net\/es\/aplicacion\/\" \/>\n<meta property=\"og:site_name\" content=\"spinwinera\" \/>\n<meta property=\"article:modified_time\" content=\"2026-01-14T07:58:39+00:00\" \/>\n<meta name=\"twitter:card\" content=\"summary_large_image\" \/>\n<meta name=\"twitter:label1\" content=\"Est. reading time\" \/>\n\t<meta name=\"twitter:data1\" content=\"1 minute\" \/>\n<script type=\"application\/ld+json\" class=\"yoast-schema-graph\">{\"@context\":\"https:\\\/\\\/schema.org\",\"@graph\":[{\"@type\":\"WebPage\",\"@id\":\"https:\\\/\\\/spin-winera.net\\\/es\\\/aplicacion\\\/\",\"url\":\"https:\\\/\\\/spin-winera.net\\\/es\\\/aplicacion\\\/\",\"name\":\"Spinwinera Aplicaci\u00f3n | Plataformas iOS y Android\",\"isPartOf\":{\"@id\":\"https:\\\/\\\/spin-winera.net\\\/es\\\/#website\"},\"datePublished\":\"2026-01-13T12:25:39+00:00\",\"dateModified\":\"2026-01-14T07:58:39+00:00\",\"description\":\"La aplicaci\u00f3n Spinwinera ofrece una experiencia de juego fluida en casinos para Android, iOS, Windows y macOS, con cuentas sincronizadas, actualizaciones peri\u00f3dicas y asistencia al cliente integrada para una experiencia sin complicaciones.\",\"breadcrumb\":{\"@id\":\"https:\\\/\\\/spin-winera.net\\\/es\\\/aplicacion\\\/#breadcrumb\"},\"inLanguage\":\"es-ES\",\"potentialAction\":[{\"@type\":\"ReadAction\",\"target\":[\"https:\\\/\\\/spin-winera.net\\\/es\\\/aplicacion\\\/\"]}]},{\"@type\":\"BreadcrumbList\",\"@id\":\"https:\\\/\\\/spin-winera.net\\\/es\\\/aplicacion\\\/#breadcrumb\",\"itemListElement\":[{\"@type\":\"ListItem\",\"position\":1,\"name\":\"Spinwinera\",\"item\":\"https:\\\/\\\/spin-winera.net\\\/es\\\/\"},{\"@type\":\"ListItem\",\"position\":2,\"name\":\"Aplicaci\u00f3n\"}]},{\"@type\":\"WebSite\",\"@id\":\"https:\\\/\\\/spin-winera.net\\\/es\\\/#website\",\"url\":\"https:\\\/\\\/spin-winera.net\\\/es\\\/\",\"name\":\"Spinwinera\",\"description\":\"\",\"publisher\":{\"@id\":\"https:\\\/\\\/spin-winera.net\\\/es\\\/#organization\"},\"potentialAction\":[{\"@type\":\"SearchAction\",\"target\":{\"@type\":\"EntryPoint\",\"urlTemplate\":\"https:\\\/\\\/spin-winera.net\\\/es\\\/?s={search_term_string}\"},\"query-input\":{\"@type\":\"PropertyValueSpecification\",\"valueRequired\":true,\"valueName\":\"search_term_string\"}}],\"inLanguage\":\"es-ES\"},{\"@type\":\"Organization\",\"@id\":\"https:\\\/\\\/spin-winera.net\\\/es\\\/#organization\",\"name\":\"Spinwinera\",\"url\":\"https:\\\/\\\/spin-winera.net\\\/es\\\/\",\"logo\":{\"@type\":\"ImageObject\",\"inLanguage\":\"es-ES\",\"@id\":\"https:\\\/\\\/spin-winera.net\\\/es\\\/#\\\/schema\\\/logo\\\/image\\\/\",\"url\":\"https:\\\/\\\/spin-winera.net\\\/wp-content\\\/uploads\\\/2025\\\/08\\\/80u1FaquEZeR6OUTeJCc-1.png\",\"contentUrl\":\"https:\\\/\\\/spin-winera.net\\\/wp-content\\\/uploads\\\/2025\\\/08\\\/80u1FaquEZeR6OUTeJCc-1.png\",\"width\":157,\"height\":30,\"caption\":\"Spinwinera\"},\"image\":{\"@id\":\"https:\\\/\\\/spin-winera.net\\\/es\\\/#\\\/schema\\\/logo\\\/image\\\/\"}}]}<\/script>\n<!-- \/ Yoast SEO plugin. -->","yoast_head_json":{"title":"Spinwinera Aplicaci\u00f3n | Plataformas iOS y Android","description":"La aplicaci\u00f3n Spinwinera ofrece una experiencia de juego fluida en casinos para Android, iOS, Windows y macOS, con cuentas sincronizadas, actualizaciones peri\u00f3dicas y asistencia al cliente integrada para una experiencia sin complicaciones.","robots":{"index":"index","follow":"follow","max-snippet":"max-snippet:-1","max-image-preview":"max-image-preview:large","max-video-preview":"max-video-preview:-1"},"canonical":"https:\/\/spin-winera.net\/es\/aplicacion\/","og_locale":"es_ES","og_type":"article","og_title":"Spinwinera Aplicaci\u00f3n | Plataformas iOS y Android","og_description":"La aplicaci\u00f3n Spinwinera ofrece una experiencia de juego fluida en casinos para Android, iOS, Windows y macOS, con cuentas sincronizadas, actualizaciones peri\u00f3dicas y asistencia al cliente integrada para una experiencia sin complicaciones.","og_url":"https:\/\/spin-winera.net\/es\/aplicacion\/","og_site_name":"spinwinera","article_modified_time":"2026-01-14T07:58:39+00:00","twitter_card":"summary_large_image","twitter_misc":{"Est. reading time":"1 minute"},"schema":{"@context":"https:\/\/schema.org","@graph":[{"@type":"WebPage","@id":"https:\/\/spin-winera.net\/es\/aplicacion\/","url":"https:\/\/spin-winera.net\/es\/aplicacion\/","name":"Spinwinera Aplicaci\u00f3n | Plataformas iOS y Android","isPartOf":{"@id":"https:\/\/spin-winera.net\/es\/#website"},"datePublished":"2026-01-13T12:25:39+00:00","dateModified":"2026-01-14T07:58:39+00:00","description":"La aplicaci\u00f3n Spinwinera ofrece una experiencia de juego fluida en casinos para Android, iOS, Windows y macOS, con cuentas sincronizadas, actualizaciones peri\u00f3dicas y asistencia al cliente integrada para una experiencia sin complicaciones.","breadcrumb":{"@id":"https:\/\/spin-winera.net\/es\/aplicacion\/#breadcrumb"},"inLanguage":"es-ES","potentialAction":[{"@type":"ReadAction","target":["https:\/\/spin-winera.net\/es\/aplicacion\/"]}]},{"@type":"BreadcrumbList","@id":"https:\/\/spin-winera.net\/es\/aplicacion\/#breadcrumb","itemListElement":[{"@type":"ListItem","position":1,"name":"Spinwinera","item":"https:\/\/spin-winera.net\/es\/"},{"@type":"ListItem","position":2,"name":"Aplicaci\u00f3n"}]},{"@type":"WebSite","@id":"https:\/\/spin-winera.net\/es\/#website","url":"https:\/\/spin-winera.net\/es\/","name":"Spinwinera","description":"","publisher":{"@id":"https:\/\/spin-winera.net\/es\/#organization"},"potentialAction":[{"@type":"SearchAction","target":{"@type":"EntryPoint","urlTemplate":"https:\/\/spin-winera.net\/es\/?s={search_term_string}"},"query-input":{"@type":"PropertyValueSpecification","valueRequired":true,"valueName":"search_term_string"}}],"inLanguage":"es-ES"},{"@type":"Organization","@id":"https:\/\/spin-winera.net\/es\/#organization","name":"Spinwinera","url":"https:\/\/spin-winera.net\/es\/","logo":{"@type":"ImageObject","inLanguage":"es-ES","@id":"https:\/\/spin-winera.net\/es\/#\/schema\/logo\/image\/","url":"https:\/\/spin-winera.net\/wp-content\/uploads\/2025\/08\/80u1FaquEZeR6OUTeJCc-1.png","contentUrl":"https:\/\/spin-winera.net\/wp-content\/uploads\/2025\/08\/80u1FaquEZeR6OUTeJCc-1.png","width":157,"height":30,"caption":"Spinwinera"},"image":{"@id":"https:\/\/spin-winera.net\/es\/#\/schema\/logo\/image\/"}}]}},"_links":{"self":[{"href":"https:\/\/spin-winera.net\/es\/wp-json\/wp\/v2\/pages\/1437","targetHints":{"allow":["GET"]}}],"collection":[{"href":"https:\/\/spin-winera.net\/es\/wp-json\/wp\/v2\/pages"}],"about":[{"href":"https:\/\/spin-winera.net\/es\/wp-json\/wp\/v2\/types\/page"}],"author":[{"embeddable":true,"href":"https:\/\/spin-winera.net\/es\/wp-json\/wp\/v2\/users\/1"}],"replies":[{"embeddable":true,"href":"https:\/\/spin-winera.net\/es\/wp-json\/wp\/v2\/comments?post=1437"}],"version-history":[{"count":2,"href":"https:\/\/spin-winera.net\/es\/wp-json\/wp\/v2\/pages\/1437\/revisions"}],"predecessor-version":[{"id":1918,"href":"https:\/\/spin-winera.net\/es\/wp-json\/wp\/v2\/pages\/1437\/revisions\/1918"}],"wp:attachment":[{"href":"https:\/\/spin-winera.net\/es\/wp-json\/wp\/v2\/media?parent=1437"}],"curies":[{"name":"wp","href":"https:\/\/api.w.org\/{rel}","templated":true}]}}