{"id":1484,"date":"2026-01-13T12:28:12","date_gmt":"2026-01-13T12:28:12","guid":{"rendered":"https:\/\/spin-winera.net\/login-and-registration\/"},"modified":"2026-01-14T07:59:53","modified_gmt":"2026-01-14T07:59:53","slug":"inicio-de-sesion-y-registro","status":"publish","type":"page","link":"https:\/\/spin-winera.net\/es\/inicio-de-sesion-y-registro\/","title":{"rendered":"Inicio de sesi\u00f3n y Registro"},"content":{"rendered":"<h1>Inicio de sesi\u00f3n en Spinwinera: Registro r\u00e1pido<\/h1>\n<p>Crear una cuenta en Spinwinera Casino es un paso necesario para acceder a todos los juegos y funciones. El proceso de Spinwinera login permite a los jugadores espa\u00f1oles gestionar sus cuentas, realizar dep\u00f3sitos y retiradas, y recibir bonificaciones.<\/p>\n<p>El proceso de registro y acceso es totalmente seguro, ya que todos nuestros datos est\u00e1n protegidos por encriptaci\u00f3n y protocolos de seguridad. Con una cuenta activada, podr\u00e1s disfrutar del casino en cualquier dispositivo.<\/p>\n<p><div class=\"banner-wrap\" aria-label=\"Banner\"><img src=\"https:\/\/spin-winera.net\/wp-content\/uploads\/2026\/01\/Spinwinera-bonus-desktop.webp\" class=\"w-100 d-none d-lg-block img-pc main-banner-img\" alt=\"Spinwinera bonus desktop\" fetchpriority=\"high\" decoding=\"async\"><img src=\"https:\/\/spin-winera.net\/wp-content\/uploads\/2026\/01\/Spinwinera-bonus-mobile.webp\" class=\"w-100 d-none d-md-block d-lg-none main-banner-img\" alt=\"Spinwinera bonus mobile\" fetchpriority=\"high\" decoding=\"async\"><img src=\"https:\/\/spin-winera.net\/wp-content\/uploads\/2026\/01\/Spinwinera-bonus-mobile.webp\" class=\"w-100 d-md-none\" alt=\"Spinwinera bonus mobile\" fetchpriority=\"high\" decoding=\"async\"><div class=\"banner-description\">\n<div class=\"banner-title\">Bonos de bienvenida<\/div>\n<p class=\"banner-header-title\">\u20ac1,500<\/p>\n<div class=\"banner-header-AdditionalText\">+ 250 Tiradas gratis<\/div>\n<button data-item=\"homepage_banner_link\" class=\"goto m-button m-gradient-border m-button--primary m-button--large banner-button btn-orange\">\n            <div class=\"m-button-content\">\n                <span>Reg\u00edstrate ahora<\/span>\n                <span><\/span>\n            <\/div>\n        <\/button>\n<\/div>\n<div class=\"WelcomePack\">\n<p><img loading=\"lazy\" decoding=\"async\" class=\"alignnone size-full wp-image-1391\" src=\"https:\/\/spin-winera.net\/wp-content\/uploads\/2026\/01\/welcome-crown.svg\" alt=\"crown\" width=\"25\" height=\"26\" \/><\/p>\n<div class=\"WelcomePack-Info\">Reembolso semanal de hasta el 25 %<\/div>\n<p><img loading=\"lazy\" decoding=\"async\" class=\"alignnone size-full wp-image-1391\" src=\"https:\/\/spin-winera.net\/wp-content\/uploads\/2026\/01\/welcome-crown.svg\" alt=\"crown\" width=\"25\" height=\"26\" \/><\/p>\n<\/div>\n<\/div><div class=\"scrollable-content-wrap my-5\"><div class=\"scrollable-content-inner\"><h2>Gira Winera Reg\u00edstrate para nuevos jugadores<\/h2>\n<p>Al registrar una cuenta en Spinwinera Casino, tendr\u00e1s acceso a todas las funciones de la plataforma. Nuestro casino solo est\u00e1 disponible para usuarios registrados. Despu\u00e9s de registrarte e iniciar sesi\u00f3n en Spinwinera, podr\u00e1s jugar a todas las tragamonedas, juegos de mesa, crupieres en vivo y premios instant\u00e1neos, recibir bonificaciones, participar en torneos, realizar dep\u00f3sitos, retirar fondos y realizar un seguimiento de tu historial de juego.<\/p>\n<h3>Crea tu cuenta<\/h3>\n<ol>\n<li>Haga clic en el bot\u00f3n \u00abRegistrarse\u00bb situado en la esquina de la p\u00e1gina web.<\/li>\n<li>Introduce tu direcci\u00f3n de correo electr\u00f3nico y crea una contrase\u00f1a.<\/li>\n<li>Confirme que tiene 18 a\u00f1os o m\u00e1s y acepte los T\u00e9rminos de uso.<\/li>\n<li>Haga clic en \u00abGuardar\u00bb para crear su cuenta.<\/li>\n<li>Recibir\u00e1s un correo electr\u00f3nico con un enlace de activaci\u00f3n; haz clic en \u00e9l para activar tu cuenta.<\/li>\n<\/ol>\n<p>Despu\u00e9s de registrarte, puedes usar tu inicio de sesi\u00f3n en Spinwinera para acceder a nuestro casino.<\/p>\n<h2>Comience con una cuenta Spinwinera<\/h2>\n<p>Tu inicio de sesi\u00f3n en Spinwinera es r\u00e1pido y sencillo. Para iniciar sesi\u00f3n, haz clic en el bot\u00f3n correspondiente e introduce tu direcci\u00f3n de correo electr\u00f3nico y contrase\u00f1a registradas. Una vez que hayas iniciado sesi\u00f3n, podr\u00e1s gestionar tus datos personales y de pago, supervisar tu actividad de juego, configurar los ajustes de seguridad y utilizar herramientas de juego responsable. El panel de control de la cuenta es el centro neur\u00e1lgico de todas tus interacciones con el casino.<\/p>\n<table>\n<tbody>\n<tr>\n<td>Caracter\u00edstica<\/td>\n<td>Detalles<\/td>\n<\/tr>\n<tr>\n<td>Gesti\u00f3n de cuentas<\/td>\n<td>Actualizar informaci\u00f3n personal, datos de pago y preferencias de contacto.<\/td>\n<\/tr>\n<tr>\n<td>Historial de actividades<\/td>\n<td>Revisa el historial de juegos, dep\u00f3sitos, retiros y actividad de bonificaciones.<\/td>\n<\/tr>\n<tr>\n<td>Seguridad y protecci\u00f3n<\/td>\n<td>Realiza un seguimiento de los dispositivos conectados, habilita la autenticaci\u00f3n de dos factores (2FA).<\/td>\n<\/tr>\n<tr>\n<td>Herramientas para el juego responsable<\/td>\n<td>Establece l\u00edmites de dep\u00f3sito, apuesta y p\u00e9rdida, recordatorios de sesi\u00f3n y autoexclusi\u00f3n.<\/td>\n<\/tr>\n<\/tbody>\n<\/table>\n<h3>\u00bfOlvidaste tu contrase\u00f1a?<\/h3>\n<p>Es habitual olvidar los datos de acceso a Spinwinera, especialmente las contrase\u00f1as. Spinwinera facilita la recuperaci\u00f3n del acceso para que puedas seguir jugando. Para recuperar tu contrase\u00f1a, solo tienes que seguir nuestras instrucciones.<\/p>\n<p>C\u00f3mo recuperar tu contrase\u00f1a:<\/p>\n<ol>\n<li>Ve a la p\u00e1gina de inicio de sesi\u00f3n.<\/li>\n<li>Haga clic en \u00ab\u00bfOlvid\u00f3 su contrase\u00f1a?\u00bb.<\/li>\n<li>Introduzca la direcci\u00f3n de correo electr\u00f3nico utilizada en el registro.<\/li>\n<li>Sigue el enlace para restablecer la contrase\u00f1a que aparece en tu correo electr\u00f3nico.<\/li>\n<li>Crea una nueva contrase\u00f1a y util\u00edzala cuando inicies sesi\u00f3n.<\/li>\n<\/ol>\n<h3>Proteger y confirmar una cuenta en el casino Spin Winera<\/h3>\n<p>Proteger tu cuenta es nuestra m\u00e1xima prioridad. Para mantener tu cuenta segura, debes crear una contrase\u00f1a \u00fanica y habilitar la autenticaci\u00f3n de dos factores (2FA) para mayor seguridad. Cierra siempre la sesi\u00f3n si no est\u00e1s utilizando tu dispositivo personal.<\/p>\n<p>Utilizamos cifrado de datos y protocolos de seguridad para proteger las cuentas de nuestros jugadores, como el proceso de verificaci\u00f3n de cuentas. Solo despu\u00e9s de la verificaci\u00f3n podr\u00e1s recibir bonificaciones y retirar fondos. Todas las solicitudes de retirada son revisadas manualmente por nuestros especialistas para verificar la recepci\u00f3n de los fondos y la seguridad.<\/p>\n<h2>Preguntas frecuentes<\/h2>\n<h3>\u00bfC\u00f3mo completo el proceso de verificaci\u00f3n de la cuenta?<\/h3>\n<p>Para completar el proceso de verificaci\u00f3n de la cuenta Spinwinera, debe cargar documentos personales. Deber\u00e1 cargar los siguientes documentos: documento de identidad, prueba de domicilio (por ejemplo, factura de servicios p\u00fablicos) y datos bancarios. Despu\u00e9s de subirlos, nuestro equipo revisar\u00e1 los documentos, lo que suele tardar hasta 48 horas. Una vez aprobados, su cuenta quedar\u00e1 totalmente verificada y podr\u00e1 retirar fondos y utilizar bonificaciones.<\/p>\n<h3>\u00bfC\u00f3mo actualizar la contrase\u00f1a o la direcci\u00f3n de correo electr\u00f3nico?<\/h3>\n<p>Puedes actualizar tu contrase\u00f1a o direcci\u00f3n de correo electr\u00f3nico en tu cuenta Spinwinera. Abre la configuraci\u00f3n de tu cuenta en el men\u00fa principal y busca tus datos personales. Introduce tu contrase\u00f1a actual y, a continuaci\u00f3n, establece una nueva contrase\u00f1a o una nueva direcci\u00f3n de correo electr\u00f3nico.<\/p>\n<h3>\u00bfQu\u00e9 debo hacer si mi cuenta est\u00e1 bloqueada?<\/h3>\n<p>Si tu cuenta Spinwinera est\u00e1 bloqueada, intenta cerrar sesi\u00f3n y volver a iniciarla. Tambi\u00e9n puedes intentar iniciar sesi\u00f3n en otro dispositivo. Consulte la legislaci\u00f3n local, ya que es posible que nuestro sitio web est\u00e9 restringido en su regi\u00f3n. Si el problema persiste, p\u00f3ngase en contacto con nuestro servicio de asistencia multiling\u00fce a trav\u00e9s del chat en vivo o por correo electr\u00f3nico. Indique su direcci\u00f3n de correo electr\u00f3nico registrada. Nuestro personal profesional le ayudar\u00e1 a restablecer el acceso.<\/p>\n<h3>\u00bfC\u00f3mo puedo cerrar o suspender temporalmente mi cuenta?<\/h3>\n<p>Puedes cerrar o suspender temporalmente tu cuenta de Spinwinera utilizando las herramientas de juego responsable. Ve al men\u00fa de tu cuenta y selecciona las herramientas de juego responsable. Elige un periodo de reflexi\u00f3n para una suspensi\u00f3n temporal o una autoexclusi\u00f3n para un cierre m\u00e1s prolongado.<\/p>\n<\/div><\/div><\/p>\n","protected":false},"excerpt":{"rendered":"<p>Inicio de sesi\u00f3n en Spinwinera: Registro r\u00e1pido Crear una cuenta en Spinwinera Casino es un paso necesario para acceder a todos los juegos y funciones. El proceso de Spinwinera login permite a los jugadores espa\u00f1oles gestionar sus cuentas, realizar dep\u00f3sitos y retiradas, y recibir bonificaciones. El proceso de registro y acceso es totalmente seguro, ya [&hellip;]<\/p>\n","protected":false},"author":1,"featured_media":0,"parent":0,"menu_order":0,"comment_status":"closed","ping_status":"closed","template":"template-builder.php","meta":{"_acf_changed":false,"inline_featured_image":false,"footnotes":""},"class_list":["post-1484","page","type-page","status-publish","hentry"],"acf":[],"yoast_head":"<!-- This site is optimized with the Yoast SEO plugin v27.3 - https:\/\/yoast.com\/product\/yoast-seo-wordpress\/ -->\n<title>Spinwinera Inicio de sesi\u00f3n y registro<\/title>\n<meta name=\"description\" content=\"Crea, gestiona y verifica tu cuenta de Spinwinera Casino sin esfuerzo. Disfruta de un registro r\u00e1pido, una recuperaci\u00f3n de cuenta sencilla y un cierre seguro con Spinwinera Login, que mantiene tu cuenta protegida las 24 horas del d\u00eda.\" \/>\n<meta name=\"robots\" content=\"index, follow, max-snippet:-1, max-image-preview:large, max-video-preview:-1\" \/>\n<link rel=\"canonical\" href=\"https:\/\/spin-winera.net\/es\/inicio-de-sesion-y-registro\/\" \/>\n<meta property=\"og:locale\" content=\"es_ES\" \/>\n<meta property=\"og:type\" content=\"article\" \/>\n<meta property=\"og:title\" content=\"Spinwinera Inicio de sesi\u00f3n y registro\" \/>\n<meta property=\"og:description\" content=\"Crea, gestiona y verifica tu cuenta de Spinwinera Casino sin esfuerzo. Disfruta de un registro r\u00e1pido, una recuperaci\u00f3n de cuenta sencilla y un cierre seguro con Spinwinera Login, que mantiene tu cuenta protegida las 24 horas del d\u00eda.\" \/>\n<meta property=\"og:url\" content=\"https:\/\/spin-winera.net\/es\/inicio-de-sesion-y-registro\/\" \/>\n<meta property=\"og:site_name\" content=\"spinwinera\" \/>\n<meta property=\"article:modified_time\" content=\"2026-01-14T07:59:53+00:00\" \/>\n<meta name=\"twitter:card\" content=\"summary_large_image\" \/>\n<meta name=\"twitter:label1\" content=\"Est. reading time\" \/>\n\t<meta name=\"twitter:data1\" content=\"1 minute\" \/>\n<script type=\"application\/ld+json\" class=\"yoast-schema-graph\">{\"@context\":\"https:\\\/\\\/schema.org\",\"@graph\":[{\"@type\":\"WebPage\",\"@id\":\"https:\\\/\\\/spin-winera.net\\\/es\\\/inicio-de-sesion-y-registro\\\/\",\"url\":\"https:\\\/\\\/spin-winera.net\\\/es\\\/inicio-de-sesion-y-registro\\\/\",\"name\":\"Spinwinera Inicio de sesi\u00f3n y registro\",\"isPartOf\":{\"@id\":\"https:\\\/\\\/spin-winera.net\\\/es\\\/#website\"},\"datePublished\":\"2026-01-13T12:28:12+00:00\",\"dateModified\":\"2026-01-14T07:59:53+00:00\",\"description\":\"Crea, gestiona y verifica tu cuenta de Spinwinera Casino sin esfuerzo. Disfruta de un registro r\u00e1pido, una recuperaci\u00f3n de cuenta sencilla y un cierre seguro con Spinwinera Login, que mantiene tu cuenta protegida las 24 horas del d\u00eda.\",\"breadcrumb\":{\"@id\":\"https:\\\/\\\/spin-winera.net\\\/es\\\/inicio-de-sesion-y-registro\\\/#breadcrumb\"},\"inLanguage\":\"es-ES\",\"potentialAction\":[{\"@type\":\"ReadAction\",\"target\":[\"https:\\\/\\\/spin-winera.net\\\/es\\\/inicio-de-sesion-y-registro\\\/\"]}]},{\"@type\":\"BreadcrumbList\",\"@id\":\"https:\\\/\\\/spin-winera.net\\\/es\\\/inicio-de-sesion-y-registro\\\/#breadcrumb\",\"itemListElement\":[{\"@type\":\"ListItem\",\"position\":1,\"name\":\"Spinwinera\",\"item\":\"https:\\\/\\\/spin-winera.net\\\/es\\\/\"},{\"@type\":\"ListItem\",\"position\":2,\"name\":\"Inicio de sesi\u00f3n y Registro\"}]},{\"@type\":\"WebSite\",\"@id\":\"https:\\\/\\\/spin-winera.net\\\/es\\\/#website\",\"url\":\"https:\\\/\\\/spin-winera.net\\\/es\\\/\",\"name\":\"Spinwinera\",\"description\":\"\",\"publisher\":{\"@id\":\"https:\\\/\\\/spin-winera.net\\\/es\\\/#organization\"},\"potentialAction\":[{\"@type\":\"SearchAction\",\"target\":{\"@type\":\"EntryPoint\",\"urlTemplate\":\"https:\\\/\\\/spin-winera.net\\\/es\\\/?s={search_term_string}\"},\"query-input\":{\"@type\":\"PropertyValueSpecification\",\"valueRequired\":true,\"valueName\":\"search_term_string\"}}],\"inLanguage\":\"es-ES\"},{\"@type\":\"Organization\",\"@id\":\"https:\\\/\\\/spin-winera.net\\\/es\\\/#organization\",\"name\":\"Spinwinera\",\"url\":\"https:\\\/\\\/spin-winera.net\\\/es\\\/\",\"logo\":{\"@type\":\"ImageObject\",\"inLanguage\":\"es-ES\",\"@id\":\"https:\\\/\\\/spin-winera.net\\\/es\\\/#\\\/schema\\\/logo\\\/image\\\/\",\"url\":\"https:\\\/\\\/spin-winera.net\\\/wp-content\\\/uploads\\\/2025\\\/08\\\/80u1FaquEZeR6OUTeJCc-1.png\",\"contentUrl\":\"https:\\\/\\\/spin-winera.net\\\/wp-content\\\/uploads\\\/2025\\\/08\\\/80u1FaquEZeR6OUTeJCc-1.png\",\"width\":157,\"height\":30,\"caption\":\"Spinwinera\"},\"image\":{\"@id\":\"https:\\\/\\\/spin-winera.net\\\/es\\\/#\\\/schema\\\/logo\\\/image\\\/\"}}]}<\/script>\n<!-- \/ Yoast SEO plugin. -->","yoast_head_json":{"title":"Spinwinera Inicio de sesi\u00f3n y registro","description":"Crea, gestiona y verifica tu cuenta de Spinwinera Casino sin esfuerzo. Disfruta de un registro r\u00e1pido, una recuperaci\u00f3n de cuenta sencilla y un cierre seguro con Spinwinera Login, que mantiene tu cuenta protegida las 24 horas del d\u00eda.","robots":{"index":"index","follow":"follow","max-snippet":"max-snippet:-1","max-image-preview":"max-image-preview:large","max-video-preview":"max-video-preview:-1"},"canonical":"https:\/\/spin-winera.net\/es\/inicio-de-sesion-y-registro\/","og_locale":"es_ES","og_type":"article","og_title":"Spinwinera Inicio de sesi\u00f3n y registro","og_description":"Crea, gestiona y verifica tu cuenta de Spinwinera Casino sin esfuerzo. Disfruta de un registro r\u00e1pido, una recuperaci\u00f3n de cuenta sencilla y un cierre seguro con Spinwinera Login, que mantiene tu cuenta protegida las 24 horas del d\u00eda.","og_url":"https:\/\/spin-winera.net\/es\/inicio-de-sesion-y-registro\/","og_site_name":"spinwinera","article_modified_time":"2026-01-14T07:59:53+00:00","twitter_card":"summary_large_image","twitter_misc":{"Est. reading time":"1 minute"},"schema":{"@context":"https:\/\/schema.org","@graph":[{"@type":"WebPage","@id":"https:\/\/spin-winera.net\/es\/inicio-de-sesion-y-registro\/","url":"https:\/\/spin-winera.net\/es\/inicio-de-sesion-y-registro\/","name":"Spinwinera Inicio de sesi\u00f3n y registro","isPartOf":{"@id":"https:\/\/spin-winera.net\/es\/#website"},"datePublished":"2026-01-13T12:28:12+00:00","dateModified":"2026-01-14T07:59:53+00:00","description":"Crea, gestiona y verifica tu cuenta de Spinwinera Casino sin esfuerzo. Disfruta de un registro r\u00e1pido, una recuperaci\u00f3n de cuenta sencilla y un cierre seguro con Spinwinera Login, que mantiene tu cuenta protegida las 24 horas del d\u00eda.","breadcrumb":{"@id":"https:\/\/spin-winera.net\/es\/inicio-de-sesion-y-registro\/#breadcrumb"},"inLanguage":"es-ES","potentialAction":[{"@type":"ReadAction","target":["https:\/\/spin-winera.net\/es\/inicio-de-sesion-y-registro\/"]}]},{"@type":"BreadcrumbList","@id":"https:\/\/spin-winera.net\/es\/inicio-de-sesion-y-registro\/#breadcrumb","itemListElement":[{"@type":"ListItem","position":1,"name":"Spinwinera","item":"https:\/\/spin-winera.net\/es\/"},{"@type":"ListItem","position":2,"name":"Inicio de sesi\u00f3n y Registro"}]},{"@type":"WebSite","@id":"https:\/\/spin-winera.net\/es\/#website","url":"https:\/\/spin-winera.net\/es\/","name":"Spinwinera","description":"","publisher":{"@id":"https:\/\/spin-winera.net\/es\/#organization"},"potentialAction":[{"@type":"SearchAction","target":{"@type":"EntryPoint","urlTemplate":"https:\/\/spin-winera.net\/es\/?s={search_term_string}"},"query-input":{"@type":"PropertyValueSpecification","valueRequired":true,"valueName":"search_term_string"}}],"inLanguage":"es-ES"},{"@type":"Organization","@id":"https:\/\/spin-winera.net\/es\/#organization","name":"Spinwinera","url":"https:\/\/spin-winera.net\/es\/","logo":{"@type":"ImageObject","inLanguage":"es-ES","@id":"https:\/\/spin-winera.net\/es\/#\/schema\/logo\/image\/","url":"https:\/\/spin-winera.net\/wp-content\/uploads\/2025\/08\/80u1FaquEZeR6OUTeJCc-1.png","contentUrl":"https:\/\/spin-winera.net\/wp-content\/uploads\/2025\/08\/80u1FaquEZeR6OUTeJCc-1.png","width":157,"height":30,"caption":"Spinwinera"},"image":{"@id":"https:\/\/spin-winera.net\/es\/#\/schema\/logo\/image\/"}}]}},"_links":{"self":[{"href":"https:\/\/spin-winera.net\/es\/wp-json\/wp\/v2\/pages\/1484","targetHints":{"allow":["GET"]}}],"collection":[{"href":"https:\/\/spin-winera.net\/es\/wp-json\/wp\/v2\/pages"}],"about":[{"href":"https:\/\/spin-winera.net\/es\/wp-json\/wp\/v2\/types\/page"}],"author":[{"embeddable":true,"href":"https:\/\/spin-winera.net\/es\/wp-json\/wp\/v2\/users\/1"}],"replies":[{"embeddable":true,"href":"https:\/\/spin-winera.net\/es\/wp-json\/wp\/v2\/comments?post=1484"}],"version-history":[{"count":1,"href":"https:\/\/spin-winera.net\/es\/wp-json\/wp\/v2\/pages\/1484\/revisions"}],"predecessor-version":[{"id":1919,"href":"https:\/\/spin-winera.net\/es\/wp-json\/wp\/v2\/pages\/1484\/revisions\/1919"}],"wp:attachment":[{"href":"https:\/\/spin-winera.net\/es\/wp-json\/wp\/v2\/media?parent=1484"}],"curies":[{"name":"wp","href":"https:\/\/api.w.org\/{rel}","templated":true}]}}