{"id":1427,"date":"2026-01-13T12:25:39","date_gmt":"2026-01-13T12:25:39","guid":{"rendered":"https:\/\/spin-winera.net\/app\/"},"modified":"2026-01-13T14:17:21","modified_gmt":"2026-01-13T14:17:21","slug":"app","status":"publish","type":"page","link":"https:\/\/spin-winera.net\/fr\/app\/","title":{"rendered":"App"},"content":{"rendered":"<h1>Application Spinwinera : jeux iOS et Android<\/h1>\n<p>Spinwinera app offre aux joueurs une exp\u00e9rience de jeu au format mobile. Le logiciel permet d&rsquo;acc\u00e9der rapidement \u00e0 notre catalogue de jeux sur tous les appareils. Disponible pour une installation sur Android, iOS et les ordinateurs de bureau, l&rsquo;application Spinwinera fonctionne parfaitement sur n&rsquo;importe quel appareil. L&rsquo;interface est optimis\u00e9e pour tous les \u00e9crans et diffuse les jeux dans la meilleure qualit\u00e9 possible.<\/p>\n<div class=\"banner-wrap\" aria-label=\"Banner\"><img src=\"https:\/\/spin-winera.net\/wp-content\/uploads\/2026\/01\/Spinwinera-bonus-desktop.webp\" class=\"w-100 d-none d-lg-block img-pc main-banner-img\" alt=\"Spinwinera bonus desktop\" fetchpriority=\"high\" decoding=\"async\"><img src=\"https:\/\/spin-winera.net\/wp-content\/uploads\/2026\/01\/Spinwinera-bonus-mobile.webp\" class=\"w-100 d-none d-md-block d-lg-none main-banner-img\" alt=\"Spinwinera bonus mobile\" fetchpriority=\"high\" decoding=\"async\"><img src=\"https:\/\/spin-winera.net\/wp-content\/uploads\/2026\/01\/Spinwinera-bonus-mobile.webp\" class=\"w-100 d-md-none\" alt=\"Spinwinera bonus mobile\" fetchpriority=\"high\" decoding=\"async\"><div class=\"banner-description\">\n<div class=\"banner-title\">Bonus de bienvenue<\/div>\n<p class=\"banner-header-title\">\u20ac1,500<\/p>\n<div class=\"banner-header-AdditionalText\">+ 250 Tours gratuits<\/div>\n<button data-item=\"homepage_banner_link\" class=\"goto m-button m-gradient-border m-button--primary m-button--large banner-button btn-orange\">\n            <div class=\"m-button-content\">\n                <span>Inscrivez-vous d\u00e8s maintenant<\/span>\n                <span><\/span>\n            <\/div>\n        <\/button>\n<\/div>\n<div class=\"WelcomePack\">\n<p><img loading=\"lazy\" decoding=\"async\" class=\"alignnone size-full wp-image-1391\" src=\"https:\/\/spin-winera.net\/wp-content\/uploads\/2026\/01\/welcome-crown.svg\" alt=\"crown\" width=\"25\" height=\"26\" \/><\/p>\n<div class=\"WelcomePack-Info\">Cashback hebdomadaire jusqu&rsquo;\u00e0 25 %<\/div>\n<p><img loading=\"lazy\" decoding=\"async\" class=\"alignnone size-full wp-image-1391\" src=\"https:\/\/spin-winera.net\/wp-content\/uploads\/2026\/01\/welcome-crown.svg\" alt=\"crown\" width=\"25\" height=\"26\" \/><\/p>\n<\/div>\n<\/div>\n<h2>Exp\u00e9rience mobile chez Spinwinera<\/h2>\n<p>La version mobile de Spin Winera Casino est con\u00e7ue pour la mobilit\u00e9 avec les m\u00eames fonctions et la m\u00eame qualit\u00e9. Tous les jeux, bonus, m\u00e9thodes de paiement, param\u00e8tres de compte et autres fonctionnalit\u00e9s de la plateforme sont disponibles. La version pour ordinateur offre un \u00e9cran plus large et des commandes visuelles plus d\u00e9taill\u00e9es, tandis que l&rsquo;application offre des temps de chargement plus rapides. Les deux versions prennent en charge les m\u00eames normes de s\u00e9curit\u00e9 et la m\u00eame fiabilit\u00e9.<\/p>\n<table>\n<tbody>\n<tr>\n<td>Fonctionnalit\u00e9<\/td>\n<td>Application mobile<\/td>\n<td>Version PC<\/td>\n<\/tr>\n<tr>\n<td>Accessibilit\u00e9<\/td>\n<td>Jouez n&rsquo;importe o\u00f9<\/td>\n<td>Jouer depuis un emplacement fixe<\/td>\n<\/tr>\n<tr>\n<td>Installation<\/td>\n<td>T\u00e9l\u00e9chargement de l&rsquo;application requis<\/td>\n<td>Aucune installation n\u00e9cessaire<\/td>\n<\/tr>\n<tr>\n<td>Interface<\/td>\n<td>Optimis\u00e9 pour le toucher, compact<\/td>\n<td>Disposition plus grande, affichage complet<\/td>\n<\/tr>\n<tr>\n<td>Performance<\/td>\n<td>Rapide, l\u00e9ger<\/td>\n<td>Stable, haute r\u00e9solution<\/td>\n<\/tr>\n<tr>\n<td>S\u00e9lection de jeux<\/td>\n<td>Catalogue complet<\/td>\n<td>Catalogue complet<\/td>\n<\/tr>\n<\/tbody>\n<\/table>\n<p><div class=\"scrollable-content-wrap my-5\"><div class=\"scrollable-content-inner\"><h2>Application iOS Spinwinera Casino<\/h2>\n<p>L&rsquo;application Spinwinera iOS Casino est enti\u00e8rement optimis\u00e9e pour les utilisateurs d&rsquo;iPhone et d&rsquo;iPad. Les joueurs peuvent acc\u00e9der au casino via un navigateur mobile ou une application d\u00e9di\u00e9e. L&rsquo;interface est con\u00e7ue pour une navigation fluide sur les appareils mobiles.<\/p>\n<p>Inutile de chercher notre application dans l&rsquo;App Store, vous pouvez la t\u00e9l\u00e9charger directement depuis votre navigateur. Nous proposons une installation s\u00e9curis\u00e9e depuis notre site officiel \u00e0 l&rsquo;aide d&rsquo;une application web progressive (PWA). Notre PWA occupe un espace disque minimal et s&rsquo;installe rapidement.<\/p>\n<h3>Comment installer l&rsquo;application Spinwinera iOS :<\/h3>\n<ol>\n<li>Faites d\u00e9filer jusqu&rsquo;au bas de la page du site Web Spinwinera Casino sur votre iPhone ou iPad.<\/li>\n<li>S\u00e9lectionnez Casino App et appuyez sur Installer.<\/li>\n<li>Attendez que l&rsquo;installation soit termin\u00e9e.<\/li>\n<li>L&rsquo;application se trouve d\u00e9sormais sur votre \u00e9cran d&rsquo;accueil.<\/li>\n<\/ol>\n<p><img loading=\"lazy\" decoding=\"async\" src=\"https:\/\/spin-winera.net\/wp-content\/uploads\/2026\/01\/Spinwinera-iOS-App.webp\" alt=\"Spinwinera iOS App\" width=\"1248\" height=\"536\" \/><\/p>\n<\/div><\/div><div style=\"clear: both\"><\/div><div class=\"d-flex justify-content-center\"><button data-item=\"decouvrez_link\" data-group=\"website_links\" class=\"goto fw-bold rounded-pill btn btn-orange\" aria-label=\"T\u00e9l\u00e9chargez l&#039;application Spinwinera\" >T\u00e9l\u00e9chargez l&#039;application Spinwinera<\/button><\/div><div class=\"scrollable-content-wrap my-5\"><div class=\"scrollable-content-inner\"><h2>Spinwinera Application Android Casino<\/h2>\n<p>L&rsquo;application Android Spinwinera est con\u00e7ue pour un acc\u00e8s rapide depuis les appareils mobiles. Elle ne n\u00e9cessite aucun t\u00e9l\u00e9chargement depuis les boutiques d&rsquo;applications et son installation est rapide et facile. L&rsquo;interface est optimis\u00e9e pour le contr\u00f4le tactile, de sorte que tous les jeux se chargent rapidement et fonctionnent en haute qualit\u00e9. Tous les joueurs ont acc\u00e8s \u00e0 la biblioth\u00e8que compl\u00e8te de jeux avec tous les bonus et tournois. Toutes les fonctions, telles que les paiements et les retraits, sont \u00e9galement disponibles ici. Vous pouvez \u00e9galement effectuer le processus de v\u00e9rification de votre compte via l&rsquo;application Android.<\/p>\n<h3>APK<\/h3>\n<p>Spinwinera n&rsquo;utilise pas de fichiers APK pour l&rsquo;installation. Il n&rsquo;est pas n\u00e9cessaire d&rsquo;activer les sources inconnues ou de t\u00e9l\u00e9charger des paquets d&rsquo;installation externes. Vous n&rsquo;avez pas non plus besoin de rechercher notre application dans le Play Store. Elle est disponible en t\u00e9l\u00e9chargement sur notre site officiel.<\/p>\n<h3>PWA<\/h3>\n<p>Notre application web progressive (PWA) est disponible sur le site web Spinwinera. La PWA est une application optimale offrant toutes les fonctionnalit\u00e9s, une faible consommation de m\u00e9moire et des performances \u00e9lev\u00e9es. Le logiciel s&rsquo;installe rapidement et se met \u00e0 jour automatiquement sans n\u00e9cessiter d&rsquo;installation manuelle ni de t\u00e9l\u00e9chargement. Notre PWA offre un acc\u00e8s direct depuis l&rsquo;\u00e9cran d&rsquo;accueil de l&rsquo;appareil avec un chargement rapide des jeux et de toutes les autres fonctionnalit\u00e9s de la plateforme.<\/p>\n<p>Comment installer l&rsquo;application Spinwinera pour Android :<\/p>\n<ol>\n<li>Trouvez le bouton \u00ab Application Casino \u00bb en bas du site web Spinwinera.<\/li>\n<li>Cliquez dessus, puis s\u00e9lectionnez \u00ab Installer \u00bb.<\/li>\n<li>L&rsquo;application sera automatiquement t\u00e9l\u00e9charg\u00e9e sur votre \u00e9cran d&rsquo;accueil.<\/li>\n<\/ol>\n<p><img loading=\"lazy\" decoding=\"async\" src=\"https:\/\/spin-winera.net\/wp-content\/uploads\/2026\/01\/Spinwinera-Android-App.webp\" alt=\"Spinwinera Android App\" width=\"1248\" height=\"536\" \/><\/p>\n<\/div><\/div><div style=\"clear: both\"><\/div><div class=\"d-flex justify-content-center\"><button data-item=\"decouvrez_link\" data-group=\"website_links\" class=\"goto fw-bold rounded-pill btn btn-orange\" aria-label=\"T\u00e9l\u00e9charger Spinwinera\" >T\u00e9l\u00e9charger Spinwinera<\/button><\/div><div class=\"scrollable-content-wrap my-5\"><div class=\"scrollable-content-inner\"><h2>T\u00e9l\u00e9charger les applications pour Windows et macOS<\/h2>\n<p>Spinwinera Casino dispose \u00e9galement d&rsquo;une application pour PC et ordinateurs portables. Notre plateforme fonctionne sur tous les principaux navigateurs, tels que Google Chrome, Safari et d&rsquo;autres navigateurs modernes, sans qu&rsquo;il soit n\u00e9cessaire de t\u00e9l\u00e9charger des fichiers. Gr\u00e2ce au navigateur, les joueurs ont un acc\u00e8s instantan\u00e9 \u00e0 l&rsquo;ensemble du catalogue de jeux, aux fonctionnalit\u00e9s du compte et aux promotions.<\/p>\n<p>Pour plus de commodit\u00e9, nous proposons \u00e9galement une application web qui peut \u00eatre install\u00e9e \u00e0 partir de notre site web. Gr\u00e2ce \u00e0 cette option, les joueurs peuvent lancer le casino sans avoir \u00e0 ouvrir un navigateur et \u00e0 rechercher le site web \u00e0 chaque fois. L&rsquo;application web offre les m\u00eames performances, la m\u00eame s\u00e9curit\u00e9 et les m\u00eames fonctionnalit\u00e9s que la version navigateur. L&rsquo;application offre un acc\u00e8s plus rapide et un fonctionnement pratique sur un ordinateur de bureau. L&rsquo;installation est rapide et s\u00fbre, tant pour macOS que pour Windows.<\/p>\n<p>Pour installer le logiciel pour macOS ou Windows, suivez les instructions :<\/p>\n<ol>\n<li>Ouvrez le menu \u00e0 trois points dans la barre d&rsquo;adresse.<\/li>\n<li>S\u00e9lectionnez \u00ab Diffuser, enregistrer et partager \u00bb.<\/li>\n<li>S\u00e9lectionnez \u00ab Installer la page en tant qu&rsquo;application \u00bb.<\/li>\n<li>L&rsquo;application sera alors ajout\u00e9e \u00e0 votre bureau.<\/li>\n<\/ol>\n<p><img loading=\"lazy\" decoding=\"async\" src=\"https:\/\/spin-winera.net\/wp-content\/uploads\/2026\/01\/Spinwinera-PC.webp\" alt=\"Spinwinera PC\" width=\"1248\" height=\"536\" \/><\/p>\n<\/div><\/div><div style=\"clear: both\"><\/div><div class=\"d-flex justify-content-center\"><button data-item=\"decouvrez_link\" data-group=\"website_links\" class=\"goto fw-bold rounded-pill btn btn-orange\" aria-label=\"T\u00e9l\u00e9chargez l&#039;application Spinwinera\" >T\u00e9l\u00e9chargez l&#039;application Spinwinera<\/button><\/div><div class=\"scrollable-content-wrap my-5\"><div class=\"scrollable-content-inner\"><h2>FAQ<\/h2>\n<h3>L&rsquo;application Spin Winera Casino offre-t-elle un service client ?<\/h3>\n<p>Oui, vous pouvez contacter le service d&rsquo;assistance via l&rsquo;application. Les joueurs peuvent contacter l&rsquo;\u00e9quipe d&rsquo;assistance 24 heures sur 24, 7 jours sur 7, via le chat en direct dans l&rsquo;application ou sur le site web, ou par e-mail. Notre service professionnel est \u00e0 votre disposition pour r\u00e9pondre \u00e0 toutes vos questions. Nous sommes disponibles en plusieurs langues, notamment en anglais, allemand, n\u00e9erlandais, espagnol, italien, polonais et fran\u00e7ais.<\/p>\n<h3>Faut-il cr\u00e9er un compte pour utiliser l&rsquo;application Spin Winera ?<\/h3>\n<p>Oui, vous devez disposer d&rsquo;un compte pour utiliser l&rsquo;application Spin Winera. Seuls les utilisateurs enregistr\u00e9s peuvent acc\u00e9der aux jeux, effectuer des d\u00e9p\u00f4ts, retirer leurs gains et utiliser des bonus. Apr\u00e8s leur inscription, les joueurs peuvent utiliser le m\u00eame compte sur leur appareil mobile et leur ordinateur. Vous pouvez \u00e9galement vous connecter simultan\u00e9ment \u00e0 votre navigateur et \u00e0 l&rsquo;application. Tous vos progr\u00e8s et param\u00e8tres seront synchronis\u00e9s.<\/p>\n<h3>Tous les jeux sont-ils disponibles dans l&rsquo;application ?<\/h3>\n<p>Oui, l&rsquo;application Spinwinera donne acc\u00e8s \u00e0 l&rsquo;int\u00e9gralit\u00e9 du catalogue de jeux. Les joueurs peuvent jouer aux machines \u00e0 sous en ligne, aux jeux de table, aux jeux avec croupier en direct et aux jeux instantan\u00e9s. Tous les jeux sont optimis\u00e9s pour une utilisation mobile et offrent les m\u00eames fonctionnalit\u00e9s que dans un navigateur.<\/p>\n<h3>Comment puis-je mettre \u00e0 jour l&rsquo;application Spinwinera Casino ?<\/h3>\n<p>L&rsquo;application Spin Winera Casino se met \u00e0 jour automatiquement via votre navigateur. Lorsqu&rsquo;une nouvelle version est disponible, les modifications sont appliqu\u00e9es en arri\u00e8re-plan. Il n&rsquo;est pas n\u00e9cessaire de t\u00e9l\u00e9charger manuellement les mises \u00e0 jour ni de r\u00e9installer l&rsquo;application. Vous recevrez des notifications automatiques concernant les mises \u00e0 jour de l&rsquo;application.<\/p>\n<\/div><\/div><\/p>\n","protected":false},"excerpt":{"rendered":"<p>Application Spinwinera : jeux iOS et Android Spinwinera app offre aux joueurs une exp\u00e9rience de jeu au format mobile. Le logiciel permet d&rsquo;acc\u00e9der rapidement \u00e0 notre catalogue de jeux sur tous les appareils. Disponible pour une installation sur Android, iOS et les ordinateurs de bureau, l&rsquo;application Spinwinera fonctionne parfaitement sur n&rsquo;importe quel appareil. L&rsquo;interface est [&hellip;]<\/p>\n","protected":false},"author":1,"featured_media":0,"parent":0,"menu_order":0,"comment_status":"closed","ping_status":"closed","template":"template-builder.php","meta":{"_acf_changed":false,"inline_featured_image":false,"footnotes":""},"class_list":["post-1427","page","type-page","status-publish","hentry"],"acf":[],"yoast_head":"<!-- This site is optimized with the Yoast SEO plugin v27.3 - https:\/\/yoast.com\/product\/yoast-seo-wordpress\/ -->\n<title>Spinwinera Application | Plateformes iOS et Android<\/title>\n<meta name=\"description\" content=\"L&#039;application Spinwinera offre une exp\u00e9rience de jeu fluide sur Android, iOS, Windows et macOS, avec des comptes synchronis\u00e9s, des mises \u00e0 jour r\u00e9guli\u00e8res et un service client int\u00e9gr\u00e9 pour une exp\u00e9rience sans souci.\" \/>\n<meta name=\"robots\" content=\"index, follow, max-snippet:-1, max-image-preview:large, max-video-preview:-1\" \/>\n<link rel=\"canonical\" href=\"https:\/\/spin-winera.net\/fr\/app\/\" \/>\n<meta property=\"og:locale\" content=\"fr_FR\" \/>\n<meta property=\"og:type\" content=\"article\" \/>\n<meta property=\"og:title\" content=\"Spinwinera Application | Plateformes iOS et Android\" \/>\n<meta property=\"og:description\" content=\"L&#039;application Spinwinera offre une exp\u00e9rience de jeu fluide sur Android, iOS, Windows et macOS, avec des comptes synchronis\u00e9s, des mises \u00e0 jour r\u00e9guli\u00e8res et un service client int\u00e9gr\u00e9 pour une exp\u00e9rience sans souci.\" \/>\n<meta property=\"og:url\" content=\"https:\/\/spin-winera.net\/fr\/app\/\" \/>\n<meta property=\"og:site_name\" content=\"spinwinera\" \/>\n<meta property=\"article:modified_time\" content=\"2026-01-13T14:17:21+00:00\" \/>\n<meta name=\"twitter:card\" content=\"summary_large_image\" \/>\n<meta name=\"twitter:label1\" content=\"Dur\u00e9e de lecture estim\u00e9e\" \/>\n\t<meta name=\"twitter:data1\" content=\"1 minute\" \/>\n<script type=\"application\/ld+json\" class=\"yoast-schema-graph\">{\"@context\":\"https:\\\/\\\/schema.org\",\"@graph\":[{\"@type\":\"WebPage\",\"@id\":\"https:\\\/\\\/spin-winera.net\\\/fr\\\/app\\\/\",\"url\":\"https:\\\/\\\/spin-winera.net\\\/fr\\\/app\\\/\",\"name\":\"Spinwinera Application | Plateformes iOS et Android\",\"isPartOf\":{\"@id\":\"https:\\\/\\\/spin-winera.net\\\/fr\\\/#website\"},\"datePublished\":\"2026-01-13T12:25:39+00:00\",\"dateModified\":\"2026-01-13T14:17:21+00:00\",\"description\":\"L'application Spinwinera offre une exp\u00e9rience de jeu fluide sur Android, iOS, Windows et macOS, avec des comptes synchronis\u00e9s, des mises \u00e0 jour r\u00e9guli\u00e8res et un service client int\u00e9gr\u00e9 pour une exp\u00e9rience sans souci.\",\"breadcrumb\":{\"@id\":\"https:\\\/\\\/spin-winera.net\\\/fr\\\/app\\\/#breadcrumb\"},\"inLanguage\":\"fr-FR\",\"potentialAction\":[{\"@type\":\"ReadAction\",\"target\":[\"https:\\\/\\\/spin-winera.net\\\/fr\\\/app\\\/\"]}]},{\"@type\":\"BreadcrumbList\",\"@id\":\"https:\\\/\\\/spin-winera.net\\\/fr\\\/app\\\/#breadcrumb\",\"itemListElement\":[{\"@type\":\"ListItem\",\"position\":1,\"name\":\"Spinwinera\",\"item\":\"https:\\\/\\\/spin-winera.net\\\/fr\\\/\"},{\"@type\":\"ListItem\",\"position\":2,\"name\":\"App\"}]},{\"@type\":\"WebSite\",\"@id\":\"https:\\\/\\\/spin-winera.net\\\/fr\\\/#website\",\"url\":\"https:\\\/\\\/spin-winera.net\\\/fr\\\/\",\"name\":\"Spinwinera\",\"description\":\"\",\"publisher\":{\"@id\":\"https:\\\/\\\/spin-winera.net\\\/fr\\\/#organization\"},\"potentialAction\":[{\"@type\":\"SearchAction\",\"target\":{\"@type\":\"EntryPoint\",\"urlTemplate\":\"https:\\\/\\\/spin-winera.net\\\/fr\\\/?s={search_term_string}\"},\"query-input\":{\"@type\":\"PropertyValueSpecification\",\"valueRequired\":true,\"valueName\":\"search_term_string\"}}],\"inLanguage\":\"fr-FR\"},{\"@type\":\"Organization\",\"@id\":\"https:\\\/\\\/spin-winera.net\\\/fr\\\/#organization\",\"name\":\"Spinwinera\",\"url\":\"https:\\\/\\\/spin-winera.net\\\/fr\\\/\",\"logo\":{\"@type\":\"ImageObject\",\"inLanguage\":\"fr-FR\",\"@id\":\"https:\\\/\\\/spin-winera.net\\\/fr\\\/#\\\/schema\\\/logo\\\/image\\\/\",\"url\":\"https:\\\/\\\/spin-winera.net\\\/wp-content\\\/uploads\\\/2025\\\/08\\\/80u1FaquEZeR6OUTeJCc-1.png\",\"contentUrl\":\"https:\\\/\\\/spin-winera.net\\\/wp-content\\\/uploads\\\/2025\\\/08\\\/80u1FaquEZeR6OUTeJCc-1.png\",\"width\":157,\"height\":30,\"caption\":\"Spinwinera\"},\"image\":{\"@id\":\"https:\\\/\\\/spin-winera.net\\\/fr\\\/#\\\/schema\\\/logo\\\/image\\\/\"}}]}<\/script>\n<!-- \/ Yoast SEO plugin. -->","yoast_head_json":{"title":"Spinwinera Application | Plateformes iOS et Android","description":"L'application Spinwinera offre une exp\u00e9rience de jeu fluide sur Android, iOS, Windows et macOS, avec des comptes synchronis\u00e9s, des mises \u00e0 jour r\u00e9guli\u00e8res et un service client int\u00e9gr\u00e9 pour une exp\u00e9rience sans souci.","robots":{"index":"index","follow":"follow","max-snippet":"max-snippet:-1","max-image-preview":"max-image-preview:large","max-video-preview":"max-video-preview:-1"},"canonical":"https:\/\/spin-winera.net\/fr\/app\/","og_locale":"fr_FR","og_type":"article","og_title":"Spinwinera Application | Plateformes iOS et Android","og_description":"L'application Spinwinera offre une exp\u00e9rience de jeu fluide sur Android, iOS, Windows et macOS, avec des comptes synchronis\u00e9s, des mises \u00e0 jour r\u00e9guli\u00e8res et un service client int\u00e9gr\u00e9 pour une exp\u00e9rience sans souci.","og_url":"https:\/\/spin-winera.net\/fr\/app\/","og_site_name":"spinwinera","article_modified_time":"2026-01-13T14:17:21+00:00","twitter_card":"summary_large_image","twitter_misc":{"Dur\u00e9e de lecture estim\u00e9e":"1 minute"},"schema":{"@context":"https:\/\/schema.org","@graph":[{"@type":"WebPage","@id":"https:\/\/spin-winera.net\/fr\/app\/","url":"https:\/\/spin-winera.net\/fr\/app\/","name":"Spinwinera Application | Plateformes iOS et Android","isPartOf":{"@id":"https:\/\/spin-winera.net\/fr\/#website"},"datePublished":"2026-01-13T12:25:39+00:00","dateModified":"2026-01-13T14:17:21+00:00","description":"L'application Spinwinera offre une exp\u00e9rience de jeu fluide sur Android, iOS, Windows et macOS, avec des comptes synchronis\u00e9s, des mises \u00e0 jour r\u00e9guli\u00e8res et un service client int\u00e9gr\u00e9 pour une exp\u00e9rience sans souci.","breadcrumb":{"@id":"https:\/\/spin-winera.net\/fr\/app\/#breadcrumb"},"inLanguage":"fr-FR","potentialAction":[{"@type":"ReadAction","target":["https:\/\/spin-winera.net\/fr\/app\/"]}]},{"@type":"BreadcrumbList","@id":"https:\/\/spin-winera.net\/fr\/app\/#breadcrumb","itemListElement":[{"@type":"ListItem","position":1,"name":"Spinwinera","item":"https:\/\/spin-winera.net\/fr\/"},{"@type":"ListItem","position":2,"name":"App"}]},{"@type":"WebSite","@id":"https:\/\/spin-winera.net\/fr\/#website","url":"https:\/\/spin-winera.net\/fr\/","name":"Spinwinera","description":"","publisher":{"@id":"https:\/\/spin-winera.net\/fr\/#organization"},"potentialAction":[{"@type":"SearchAction","target":{"@type":"EntryPoint","urlTemplate":"https:\/\/spin-winera.net\/fr\/?s={search_term_string}"},"query-input":{"@type":"PropertyValueSpecification","valueRequired":true,"valueName":"search_term_string"}}],"inLanguage":"fr-FR"},{"@type":"Organization","@id":"https:\/\/spin-winera.net\/fr\/#organization","name":"Spinwinera","url":"https:\/\/spin-winera.net\/fr\/","logo":{"@type":"ImageObject","inLanguage":"fr-FR","@id":"https:\/\/spin-winera.net\/fr\/#\/schema\/logo\/image\/","url":"https:\/\/spin-winera.net\/wp-content\/uploads\/2025\/08\/80u1FaquEZeR6OUTeJCc-1.png","contentUrl":"https:\/\/spin-winera.net\/wp-content\/uploads\/2025\/08\/80u1FaquEZeR6OUTeJCc-1.png","width":157,"height":30,"caption":"Spinwinera"},"image":{"@id":"https:\/\/spin-winera.net\/fr\/#\/schema\/logo\/image\/"}}]}},"_links":{"self":[{"href":"https:\/\/spin-winera.net\/fr\/wp-json\/wp\/v2\/pages\/1427","targetHints":{"allow":["GET"]}}],"collection":[{"href":"https:\/\/spin-winera.net\/fr\/wp-json\/wp\/v2\/pages"}],"about":[{"href":"https:\/\/spin-winera.net\/fr\/wp-json\/wp\/v2\/types\/page"}],"author":[{"embeddable":true,"href":"https:\/\/spin-winera.net\/fr\/wp-json\/wp\/v2\/users\/1"}],"replies":[{"embeddable":true,"href":"https:\/\/spin-winera.net\/fr\/wp-json\/wp\/v2\/comments?post=1427"}],"version-history":[{"count":2,"href":"https:\/\/spin-winera.net\/fr\/wp-json\/wp\/v2\/pages\/1427\/revisions"}],"predecessor-version":[{"id":1609,"href":"https:\/\/spin-winera.net\/fr\/wp-json\/wp\/v2\/pages\/1427\/revisions\/1609"}],"wp:attachment":[{"href":"https:\/\/spin-winera.net\/fr\/wp-json\/wp\/v2\/media?parent=1427"}],"curies":[{"name":"wp","href":"https:\/\/api.w.org\/{rel}","templated":true}]}}