{"id":1479,"date":"2026-01-13T12:28:12","date_gmt":"2026-01-13T12:28:12","guid":{"rendered":"https:\/\/spin-winera.net\/login-and-registration\/"},"modified":"2026-01-13T14:23:10","modified_gmt":"2026-01-13T14:23:10","slug":"connexion-et-inscription","status":"publish","type":"page","link":"https:\/\/spin-winera.net\/fr\/connexion-et-inscription\/","title":{"rendered":"Connexion et inscription"},"content":{"rendered":"<h1>Connexion Spinwinera : inscription rapide<\/h1>\n<p>La cr\u00e9ation d&rsquo;un compte sur Spinwinera Casino est une \u00e9tape n\u00e9cessaire pour acc\u00e9der \u00e0 tous les jeux et fonctionnalit\u00e9s. Le processus de Spinwinera login permet aux joueurs de g\u00e9rer leur compte, d&rsquo;effectuer des d\u00e9p\u00f4ts et des retraits, et de recevoir des bonus.<\/p>\n<p>Le processus d&rsquo;inscription et d&rsquo;enregistrement est enti\u00e8rement s\u00e9curis\u00e9, car toutes nos donn\u00e9es sont prot\u00e9g\u00e9es par des protocoles de cryptage et de s\u00e9curit\u00e9. Une fois votre compte activ\u00e9, vous pouvez profiter du casino sur n&rsquo;importe quel appareil.<\/p>\n<p><div class=\"banner-wrap\" aria-label=\"Banner\"><img src=\"https:\/\/spin-winera.net\/wp-content\/uploads\/2026\/01\/Spinwinera-bonus-desktop.webp\" class=\"w-100 d-none d-lg-block img-pc main-banner-img\" alt=\"Spinwinera bonus desktop\" fetchpriority=\"high\" decoding=\"async\"><img src=\"https:\/\/spin-winera.net\/wp-content\/uploads\/2026\/01\/Spinwinera-bonus-mobile.webp\" class=\"w-100 d-none d-md-block d-lg-none main-banner-img\" alt=\"Spinwinera bonus mobile\" fetchpriority=\"high\" decoding=\"async\"><img src=\"https:\/\/spin-winera.net\/wp-content\/uploads\/2026\/01\/Spinwinera-bonus-mobile.webp\" class=\"w-100 d-md-none\" alt=\"Spinwinera bonus mobile\" fetchpriority=\"high\" decoding=\"async\"><div class=\"banner-description\">\n<div class=\"banner-title\">Bonus de bienvenue<\/div>\n<p class=\"banner-header-title\">\u20ac1,500<\/p>\n<div class=\"banner-header-AdditionalText\">+ 250 Tours gratuits<\/div>\n<button data-item=\"homepage_banner_link\" class=\"goto m-button m-gradient-border m-button--primary m-button--large banner-button btn-orange\">\n            <div class=\"m-button-content\">\n                <span>Inscrivez-vous d\u00e8s maintenant<\/span>\n                <span><\/span>\n            <\/div>\n        <\/button>\n<\/div>\n<div class=\"WelcomePack\">\n<p><img loading=\"lazy\" decoding=\"async\" class=\"alignnone size-full wp-image-1391\" src=\"https:\/\/spin-winera.net\/wp-content\/uploads\/2026\/01\/welcome-crown.svg\" alt=\"crown\" width=\"25\" height=\"26\" \/><\/p>\n<div class=\"WelcomePack-Info\">Cashback hebdomadaire jusqu&rsquo;\u00e0 25 %<\/div>\n<p><img loading=\"lazy\" decoding=\"async\" class=\"alignnone size-full wp-image-1391\" src=\"https:\/\/spin-winera.net\/wp-content\/uploads\/2026\/01\/welcome-crown.svg\" alt=\"crown\" width=\"25\" height=\"26\" \/><\/p>\n<\/div>\n<\/div><div class=\"scrollable-content-wrap my-5\"><div class=\"scrollable-content-inner\"><h2>Spin Winera Inscription pour les nouveaux joueurs<\/h2>\n<p>En cr\u00e9ant un compte sur Spinwinera Casino, vous aurez acc\u00e8s \u00e0 toutes les fonctionnalit\u00e9s de la plateforme. Notre casino est r\u00e9serv\u00e9 aux utilisateurs enregistr\u00e9s. Apr\u00e8s votre inscription et votre connexion \u00e0 Spinwinera, vous pourrez jouer \u00e0 toutes les machines \u00e0 sous, jeux de table, jeux avec croupiers en direct et jeux \u00e0 gains instantan\u00e9s, recevoir des bonus, participer \u00e0 des tournois, effectuer des d\u00e9p\u00f4ts, retirer des fonds et consulter l&rsquo;historique de vos jeux.<\/p>\n<h3>Cr\u00e9ez votre compte<\/h3>\n<ol>\n<li>Cliquez sur le bouton \u00ab S&rsquo;inscrire \u00bb dans le coin de la page Web.<\/li>\n<li>Entrez votre adresse e-mail et cr\u00e9ez un mot de passe.<\/li>\n<li>Confirmez que vous avez 18 ans ou plus et acceptez les conditions d&rsquo;utilisation.<\/li>\n<li>Cliquez sur \u00ab Enregistrer \u00bb pour cr\u00e9er votre compte.<\/li>\n<li>Vous recevrez un e-mail contenant un lien d&rsquo;activation ; cliquez dessus pour activer votre compte.<\/li>\n<\/ol>\n<p>Apr\u00e8s votre inscription, vous pouvez utiliser votre identifiant Spinwinera pour acc\u00e9der \u00e0 notre casino.<\/p>\n<h2>Commencez avec un compte Spinwinera<\/h2>\n<p>Votre connexion \u00e0 Spinwinera est rapide et facile. Pour vous connecter, cliquez sur le bouton correspondant et entrez votre adresse e-mail et votre mot de passe enregistr\u00e9s. Une fois connect\u00e9, vous pouvez g\u00e9rer vos informations personnelles et vos informations de paiement, surveiller votre activit\u00e9 de jeu, configurer les param\u00e8tres de s\u00e9curit\u00e9 et utiliser les outils de jeu responsable. Le panneau de contr\u00f4le du compte est le centre n\u00e9vralgique de toutes vos interactions avec le casino.<\/p>\n<table>\n<tbody>\n<tr>\n<td>Fonctionnalit\u00e9<\/td>\n<td>D\u00e9tails<\/td>\n<\/tr>\n<tr>\n<td>Gestion des comptes<\/td>\n<td>Mettre \u00e0 jour les informations personnelles, les d\u00e9tails de paiement et les pr\u00e9f\u00e9rences de contact<\/td>\n<\/tr>\n<tr>\n<td>Historique des activit\u00e9s<\/td>\n<td>Consultez l&rsquo;historique des jeux, les d\u00e9p\u00f4ts, les retraits et les bonus.<\/td>\n<\/tr>\n<tr>\n<td>S\u00e9curit\u00e9 et protection<\/td>\n<td>Suivre les appareils connect\u00e9s, activer l&rsquo;authentification \u00e0 deux facteurs (2FA)<\/td>\n<\/tr>\n<tr>\n<td>Outils de jeu responsable<\/td>\n<td>D\u00e9finissez des limites de d\u00e9p\u00f4t, de mise et de perte, des rappels de session et l&rsquo;auto-exclusion.<\/td>\n<\/tr>\n<\/tbody>\n<\/table>\n<h3>Mot de passe oubli\u00e9 ?<\/h3>\n<p>Il est courant d&rsquo;oublier vos identifiants de connexion \u00e0 Spinwinera, en particulier vos mots de passe. Spinwinera vous permet de restaurer facilement votre acc\u00e8s et de continuer \u00e0 jouer. Pour restaurer votre mot de passe, il vous suffit de suivre nos instructions.<\/p>\n<p>Comment r\u00e9cup\u00e9rer votre mot de passe :<\/p>\n<ol>\n<li>Acc\u00e9dez \u00e0 la page de connexion.<\/li>\n<li>Cliquez sur \u00ab Mot de passe oubli\u00e9 ? \u00bb.<\/li>\n<li>Entrez l&rsquo;adresse e-mail utilis\u00e9e lors de l&rsquo;inscription.<\/li>\n<li>Suivez le lien de r\u00e9initialisation du mot de passe dans votre e-mail.<\/li>\n<li>Cr\u00e9ez un nouveau mot de passe et utilisez-le lorsque vous vous connectez.<\/li>\n<\/ol>\n<h3>S\u00e9curisation et confirmation d&rsquo;un compte Spin Winera Casino<\/h3>\n<p>La protection de votre compte est notre priorit\u00e9 absolue. Pour garantir la s\u00e9curit\u00e9 de votre compte, vous devez cr\u00e9er un mot de passe unique et activer l&rsquo;authentification \u00e0 deux facteurs (2FA) pour plus de s\u00e9curit\u00e9. D\u00e9connectez-vous toujours lorsque vous n&rsquo;utilisez pas votre appareil personnel.<\/p>\n<p>Nous utilisons des protocoles de cryptage et de s\u00e9curit\u00e9 des donn\u00e9es pour prot\u00e9ger les comptes de nos joueurs, tels que le processus de v\u00e9rification des comptes. Ce n&rsquo;est qu&rsquo;apr\u00e8s v\u00e9rification que vous pourrez recevoir des bonus et retirer des fonds. Toutes les demandes de retrait sont examin\u00e9es manuellement par nos sp\u00e9cialistes afin de v\u00e9rifier la r\u00e9ception des fonds et la s\u00e9curit\u00e9.<\/p>\n<h2>FAQ<\/h2>\n<h3>Comment puis-je terminer le processus de v\u00e9rification du compte ?<\/h3>\n<p>Pour terminer le processus de v\u00e9rification du compte Spinwinera, vous devez t\u00e9l\u00e9charger des documents personnels. Vous devrez t\u00e9l\u00e9charger les documents suivants : pi\u00e8ce d&rsquo;identit\u00e9, justificatif de domicile (par exemple, facture d&rsquo;\u00e9lectricit\u00e9) et coordonn\u00e9es bancaires. Apr\u00e8s le t\u00e9l\u00e9chargement, notre \u00e9quipe examinera les documents, ce qui prend g\u00e9n\u00e9ralement jusqu&rsquo;\u00e0 48 heures. Une fois approuv\u00e9, votre compte sera enti\u00e8rement v\u00e9rifi\u00e9 et vous pourrez retirer des fonds et utiliser des bonus.<\/p>\n<h3>Comment mettre \u00e0 jour votre mot de passe ou votre adresse e-mail ?<\/h3>\n<p>Vous pouvez mettre \u00e0 jour votre mot de passe ou votre adresse e-mail dans votre compte Spinwinera. Ouvrez les param\u00e8tres de votre compte dans le menu principal et recherchez vos informations personnelles. Saisissez votre mot de passe actuel, puis d\u00e9finissez un nouveau mot de passe ou une nouvelle adresse e-mail.<\/p>\n<h3>Que dois-je faire si mon compte est bloqu\u00e9 ?<\/h3>\n<p>Si votre compte Spinwinera est bloqu\u00e9, essayez de vous d\u00e9connecter et de vous reconnecter. Vous pouvez \u00e9galement essayer de vous connecter sur un autre appareil. V\u00e9rifiez la l\u00e9gislation locale ; notre site web peut \u00eatre soumis \u00e0 des restrictions dans votre r\u00e9gion. Si le probl\u00e8me persiste, contactez notre service d&rsquo;assistance multilingue via le chat en direct ou par e-mail. Indiquez votre adresse e-mail enregistr\u00e9e. Notre \u00e9quipe professionnelle vous aidera \u00e0 r\u00e9tablir votre acc\u00e8s.<\/p>\n<h3>Comment puis-je fermer ou suspendre temporairement mon compte ?<\/h3>\n<p>Vous pouvez fermer ou suspendre temporairement votre compte Spinwinera \u00e0 l&rsquo;aide des outils de jeu responsable. Acc\u00e9dez au menu de votre compte et s\u00e9lectionnez les outils de jeu responsable. Choisissez une p\u00e9riode de r\u00e9flexion pour une suspension temporaire ou une auto-exclusion pour une fermeture plus longue.<\/p>\n<\/div><\/div><\/p>\n","protected":false},"excerpt":{"rendered":"<p>Connexion Spinwinera : inscription rapide La cr\u00e9ation d&rsquo;un compte sur Spinwinera Casino est une \u00e9tape n\u00e9cessaire pour acc\u00e9der \u00e0 tous les jeux et fonctionnalit\u00e9s. Le processus de Spinwinera login permet aux joueurs de g\u00e9rer leur compte, d&rsquo;effectuer des d\u00e9p\u00f4ts et des retraits, et de recevoir des bonus. Le processus d&rsquo;inscription et d&rsquo;enregistrement est enti\u00e8rement s\u00e9curis\u00e9, [&hellip;]<\/p>\n","protected":false},"author":1,"featured_media":0,"parent":0,"menu_order":0,"comment_status":"closed","ping_status":"closed","template":"template-builder.php","meta":{"_acf_changed":false,"inline_featured_image":false,"footnotes":""},"class_list":["post-1479","page","type-page","status-publish","hentry"],"acf":[],"yoast_head":"<!-- This site is optimized with the Yoast SEO plugin v27.3 - https:\/\/yoast.com\/product\/yoast-seo-wordpress\/ -->\n<title>Spinwinera Connexion et inscription<\/title>\n<meta name=\"description\" content=\"Cr\u00e9ez, g\u00e9rez et v\u00e9rifiez votre compte Spinwinera Casino en toute simplicit\u00e9. Profitez d&#039;une inscription rapide, d&#039;une r\u00e9cup\u00e9ration facile de votre compte et d&#039;une fermeture s\u00e9curis\u00e9e gr\u00e2ce \u00e0 Spinwinera Login, qui prot\u00e8ge votre compte 24 heures sur 24.\" \/>\n<meta name=\"robots\" content=\"index, follow, max-snippet:-1, max-image-preview:large, max-video-preview:-1\" \/>\n<link rel=\"canonical\" href=\"https:\/\/spin-winera.net\/fr\/connexion-et-inscription\/\" \/>\n<meta property=\"og:locale\" content=\"fr_FR\" \/>\n<meta property=\"og:type\" content=\"article\" \/>\n<meta property=\"og:title\" content=\"Spinwinera Connexion et inscription\" \/>\n<meta property=\"og:description\" content=\"Cr\u00e9ez, g\u00e9rez et v\u00e9rifiez votre compte Spinwinera Casino en toute simplicit\u00e9. Profitez d&#039;une inscription rapide, d&#039;une r\u00e9cup\u00e9ration facile de votre compte et d&#039;une fermeture s\u00e9curis\u00e9e gr\u00e2ce \u00e0 Spinwinera Login, qui prot\u00e8ge votre compte 24 heures sur 24.\" \/>\n<meta property=\"og:url\" content=\"https:\/\/spin-winera.net\/fr\/connexion-et-inscription\/\" \/>\n<meta property=\"og:site_name\" content=\"spinwinera\" \/>\n<meta property=\"article:modified_time\" content=\"2026-01-13T14:23:10+00:00\" \/>\n<meta name=\"twitter:card\" content=\"summary_large_image\" \/>\n<meta name=\"twitter:label1\" content=\"Dur\u00e9e de lecture estim\u00e9e\" \/>\n\t<meta name=\"twitter:data1\" content=\"1 minute\" \/>\n<script type=\"application\/ld+json\" class=\"yoast-schema-graph\">{\"@context\":\"https:\\\/\\\/schema.org\",\"@graph\":[{\"@type\":\"WebPage\",\"@id\":\"https:\\\/\\\/spin-winera.net\\\/fr\\\/connexion-et-inscription\\\/\",\"url\":\"https:\\\/\\\/spin-winera.net\\\/fr\\\/connexion-et-inscription\\\/\",\"name\":\"Spinwinera Connexion et inscription\",\"isPartOf\":{\"@id\":\"https:\\\/\\\/spin-winera.net\\\/fr\\\/#website\"},\"datePublished\":\"2026-01-13T12:28:12+00:00\",\"dateModified\":\"2026-01-13T14:23:10+00:00\",\"description\":\"Cr\u00e9ez, g\u00e9rez et v\u00e9rifiez votre compte Spinwinera Casino en toute simplicit\u00e9. Profitez d'une inscription rapide, d'une r\u00e9cup\u00e9ration facile de votre compte et d'une fermeture s\u00e9curis\u00e9e gr\u00e2ce \u00e0 Spinwinera Login, qui prot\u00e8ge votre compte 24 heures sur 24.\",\"breadcrumb\":{\"@id\":\"https:\\\/\\\/spin-winera.net\\\/fr\\\/connexion-et-inscription\\\/#breadcrumb\"},\"inLanguage\":\"fr-FR\",\"potentialAction\":[{\"@type\":\"ReadAction\",\"target\":[\"https:\\\/\\\/spin-winera.net\\\/fr\\\/connexion-et-inscription\\\/\"]}]},{\"@type\":\"BreadcrumbList\",\"@id\":\"https:\\\/\\\/spin-winera.net\\\/fr\\\/connexion-et-inscription\\\/#breadcrumb\",\"itemListElement\":[{\"@type\":\"ListItem\",\"position\":1,\"name\":\"Spinwinera\",\"item\":\"https:\\\/\\\/spin-winera.net\\\/fr\\\/\"},{\"@type\":\"ListItem\",\"position\":2,\"name\":\"Connexion et inscription\"}]},{\"@type\":\"WebSite\",\"@id\":\"https:\\\/\\\/spin-winera.net\\\/fr\\\/#website\",\"url\":\"https:\\\/\\\/spin-winera.net\\\/fr\\\/\",\"name\":\"Spinwinera\",\"description\":\"\",\"publisher\":{\"@id\":\"https:\\\/\\\/spin-winera.net\\\/fr\\\/#organization\"},\"potentialAction\":[{\"@type\":\"SearchAction\",\"target\":{\"@type\":\"EntryPoint\",\"urlTemplate\":\"https:\\\/\\\/spin-winera.net\\\/fr\\\/?s={search_term_string}\"},\"query-input\":{\"@type\":\"PropertyValueSpecification\",\"valueRequired\":true,\"valueName\":\"search_term_string\"}}],\"inLanguage\":\"fr-FR\"},{\"@type\":\"Organization\",\"@id\":\"https:\\\/\\\/spin-winera.net\\\/fr\\\/#organization\",\"name\":\"Spinwinera\",\"url\":\"https:\\\/\\\/spin-winera.net\\\/fr\\\/\",\"logo\":{\"@type\":\"ImageObject\",\"inLanguage\":\"fr-FR\",\"@id\":\"https:\\\/\\\/spin-winera.net\\\/fr\\\/#\\\/schema\\\/logo\\\/image\\\/\",\"url\":\"https:\\\/\\\/spin-winera.net\\\/wp-content\\\/uploads\\\/2025\\\/08\\\/80u1FaquEZeR6OUTeJCc-1.png\",\"contentUrl\":\"https:\\\/\\\/spin-winera.net\\\/wp-content\\\/uploads\\\/2025\\\/08\\\/80u1FaquEZeR6OUTeJCc-1.png\",\"width\":157,\"height\":30,\"caption\":\"Spinwinera\"},\"image\":{\"@id\":\"https:\\\/\\\/spin-winera.net\\\/fr\\\/#\\\/schema\\\/logo\\\/image\\\/\"}}]}<\/script>\n<!-- \/ Yoast SEO plugin. -->","yoast_head_json":{"title":"Spinwinera Connexion et inscription","description":"Cr\u00e9ez, g\u00e9rez et v\u00e9rifiez votre compte Spinwinera Casino en toute simplicit\u00e9. Profitez d'une inscription rapide, d'une r\u00e9cup\u00e9ration facile de votre compte et d'une fermeture s\u00e9curis\u00e9e gr\u00e2ce \u00e0 Spinwinera Login, qui prot\u00e8ge votre compte 24 heures sur 24.","robots":{"index":"index","follow":"follow","max-snippet":"max-snippet:-1","max-image-preview":"max-image-preview:large","max-video-preview":"max-video-preview:-1"},"canonical":"https:\/\/spin-winera.net\/fr\/connexion-et-inscription\/","og_locale":"fr_FR","og_type":"article","og_title":"Spinwinera Connexion et inscription","og_description":"Cr\u00e9ez, g\u00e9rez et v\u00e9rifiez votre compte Spinwinera Casino en toute simplicit\u00e9. Profitez d'une inscription rapide, d'une r\u00e9cup\u00e9ration facile de votre compte et d'une fermeture s\u00e9curis\u00e9e gr\u00e2ce \u00e0 Spinwinera Login, qui prot\u00e8ge votre compte 24 heures sur 24.","og_url":"https:\/\/spin-winera.net\/fr\/connexion-et-inscription\/","og_site_name":"spinwinera","article_modified_time":"2026-01-13T14:23:10+00:00","twitter_card":"summary_large_image","twitter_misc":{"Dur\u00e9e de lecture estim\u00e9e":"1 minute"},"schema":{"@context":"https:\/\/schema.org","@graph":[{"@type":"WebPage","@id":"https:\/\/spin-winera.net\/fr\/connexion-et-inscription\/","url":"https:\/\/spin-winera.net\/fr\/connexion-et-inscription\/","name":"Spinwinera Connexion et inscription","isPartOf":{"@id":"https:\/\/spin-winera.net\/fr\/#website"},"datePublished":"2026-01-13T12:28:12+00:00","dateModified":"2026-01-13T14:23:10+00:00","description":"Cr\u00e9ez, g\u00e9rez et v\u00e9rifiez votre compte Spinwinera Casino en toute simplicit\u00e9. Profitez d'une inscription rapide, d'une r\u00e9cup\u00e9ration facile de votre compte et d'une fermeture s\u00e9curis\u00e9e gr\u00e2ce \u00e0 Spinwinera Login, qui prot\u00e8ge votre compte 24 heures sur 24.","breadcrumb":{"@id":"https:\/\/spin-winera.net\/fr\/connexion-et-inscription\/#breadcrumb"},"inLanguage":"fr-FR","potentialAction":[{"@type":"ReadAction","target":["https:\/\/spin-winera.net\/fr\/connexion-et-inscription\/"]}]},{"@type":"BreadcrumbList","@id":"https:\/\/spin-winera.net\/fr\/connexion-et-inscription\/#breadcrumb","itemListElement":[{"@type":"ListItem","position":1,"name":"Spinwinera","item":"https:\/\/spin-winera.net\/fr\/"},{"@type":"ListItem","position":2,"name":"Connexion et inscription"}]},{"@type":"WebSite","@id":"https:\/\/spin-winera.net\/fr\/#website","url":"https:\/\/spin-winera.net\/fr\/","name":"Spinwinera","description":"","publisher":{"@id":"https:\/\/spin-winera.net\/fr\/#organization"},"potentialAction":[{"@type":"SearchAction","target":{"@type":"EntryPoint","urlTemplate":"https:\/\/spin-winera.net\/fr\/?s={search_term_string}"},"query-input":{"@type":"PropertyValueSpecification","valueRequired":true,"valueName":"search_term_string"}}],"inLanguage":"fr-FR"},{"@type":"Organization","@id":"https:\/\/spin-winera.net\/fr\/#organization","name":"Spinwinera","url":"https:\/\/spin-winera.net\/fr\/","logo":{"@type":"ImageObject","inLanguage":"fr-FR","@id":"https:\/\/spin-winera.net\/fr\/#\/schema\/logo\/image\/","url":"https:\/\/spin-winera.net\/wp-content\/uploads\/2025\/08\/80u1FaquEZeR6OUTeJCc-1.png","contentUrl":"https:\/\/spin-winera.net\/wp-content\/uploads\/2025\/08\/80u1FaquEZeR6OUTeJCc-1.png","width":157,"height":30,"caption":"Spinwinera"},"image":{"@id":"https:\/\/spin-winera.net\/fr\/#\/schema\/logo\/image\/"}}]}},"_links":{"self":[{"href":"https:\/\/spin-winera.net\/fr\/wp-json\/wp\/v2\/pages\/1479","targetHints":{"allow":["GET"]}}],"collection":[{"href":"https:\/\/spin-winera.net\/fr\/wp-json\/wp\/v2\/pages"}],"about":[{"href":"https:\/\/spin-winera.net\/fr\/wp-json\/wp\/v2\/types\/page"}],"author":[{"embeddable":true,"href":"https:\/\/spin-winera.net\/fr\/wp-json\/wp\/v2\/users\/1"}],"replies":[{"embeddable":true,"href":"https:\/\/spin-winera.net\/fr\/wp-json\/wp\/v2\/comments?post=1479"}],"version-history":[{"count":2,"href":"https:\/\/spin-winera.net\/fr\/wp-json\/wp\/v2\/pages\/1479\/revisions"}],"predecessor-version":[{"id":1611,"href":"https:\/\/spin-winera.net\/fr\/wp-json\/wp\/v2\/pages\/1479\/revisions\/1611"}],"wp:attachment":[{"href":"https:\/\/spin-winera.net\/fr\/wp-json\/wp\/v2\/media?parent=1479"}],"curies":[{"name":"wp","href":"https:\/\/api.w.org\/{rel}","templated":true}]}}