{"id":1433,"date":"2026-01-13T12:25:39","date_gmt":"2026-01-13T12:25:39","guid":{"rendered":"https:\/\/spin-winera.net\/app\/"},"modified":"2026-01-14T07:17:16","modified_gmt":"2026-01-14T07:17:16","slug":"applicazione","status":"publish","type":"page","link":"https:\/\/spin-winera.net\/it\/applicazione\/","title":{"rendered":"Applicazione"},"content":{"rendered":"<h1>App Spinwinera: giochi per iOS e Android<\/h1>\n<p>Spinwinera app offre ai giocatori italiani un&#8217;esperienza di gioco in formato mobile. Il software consente un accesso rapido al nostro catalogo di giochi su tutti i dispositivi. Disponibile per l&#8217;installazione su Android, iOS e computer desktop, l&#8217;app Spinwinera funziona perfettamente su qualsiasi dispositivo. L&#8217;interfaccia \u00e8 ottimizzata per tutti gli schermi e trasmette i giochi con la massima qualit\u00e0.<\/p>\n<div class=\"banner-wrap\" aria-label=\"Banner\"><img src=\"https:\/\/spin-winera.net\/wp-content\/uploads\/2026\/01\/Spinwinera-bonus-desktop.webp\" class=\"w-100 d-none d-lg-block img-pc main-banner-img\" alt=\"Spinwinera bonus desktop\" fetchpriority=\"high\" decoding=\"async\"><img src=\"https:\/\/spin-winera.net\/wp-content\/uploads\/2026\/01\/Spinwinera-bonus-mobile.webp\" class=\"w-100 d-none d-md-block d-lg-none main-banner-img\" alt=\"Spinwinera bonus mobile\" fetchpriority=\"high\" decoding=\"async\"><img src=\"https:\/\/spin-winera.net\/wp-content\/uploads\/2026\/01\/Spinwinera-bonus-mobile.webp\" class=\"w-100 d-md-none\" alt=\"Spinwinera bonus mobile\" fetchpriority=\"high\" decoding=\"async\"><div class=\"banner-description\">\n<div class=\"banner-title\">Bonus di benvenuto<\/div>\n<p class=\"banner-header-title\">\u20ac1,500<\/p>\n<div class=\"banner-header-AdditionalText\">+ 250 Giri gratuiti<\/div>\n<button data-item=\"homepage_banner_link\" class=\"goto m-button m-gradient-border m-button--primary m-button--large banner-button btn-orange\">\n            <div class=\"m-button-content\">\n                <span>Iscriviti ora<\/span>\n                <span><\/span>\n            <\/div>\n        <\/button>\n<\/div>\n<div class=\"WelcomePack\">\n<p><img loading=\"lazy\" decoding=\"async\" class=\"alignnone size-full wp-image-1391\" src=\"https:\/\/spin-winera.net\/wp-content\/uploads\/2026\/01\/welcome-crown.svg\" alt=\"crown\" width=\"25\" height=\"26\" \/><\/p>\n<div class=\"WelcomePack-Info\">Cashback settimanale fino al 25%<\/div>\n<p><img loading=\"lazy\" decoding=\"async\" class=\"alignnone size-full wp-image-1391\" src=\"https:\/\/spin-winera.net\/wp-content\/uploads\/2026\/01\/welcome-crown.svg\" alt=\"crown\" width=\"25\" height=\"26\" \/><\/p>\n<\/div>\n<\/div>\n<h2>Esperienza mobile su Spinwinera<\/h2>\n<p>La versione mobile di Spin Winera Casino \u00e8 progettata per la mobilit\u00e0 con le stesse funzioni e qualit\u00e0. Sono disponibili tutti i giochi, i bonus, i metodi di pagamento, le impostazioni dell&#8217;account e altre funzionalit\u00e0 della piattaforma. La versione desktop offre uno schermo pi\u00f9 ampio e controlli visivi pi\u00f9 dettagliati, mentre l&#8217;app offre tempi di caricamento pi\u00f9 rapidi. Entrambe le versioni supportano gli stessi standard di sicurezza e affidabilit\u00e0.<\/p>\n<table>\n<tbody>\n<tr>\n<td>Caratteristica<\/td>\n<td>App mobile<\/td>\n<td>Versione PC<\/td>\n<\/tr>\n<tr>\n<td>Accessibilit\u00e0<\/td>\n<td>Gioca ovunque<\/td>\n<td>Gioca da una posizione fissa<\/td>\n<\/tr>\n<tr>\n<td>Installazione<\/td>\n<td>\u00c8 necessario scaricare l&#8217;app<\/td>\n<td>Non \u00e8 necessaria alcuna installazione<\/td>\n<\/tr>\n<tr>\n<td>Interfaccia<\/td>\n<td>Ottimizzato per il tocco, compatto<\/td>\n<td>Layout pi\u00f9 grande, visualizzazione completa<\/td>\n<\/tr>\n<tr>\n<td>Prestazioni<\/td>\n<td>Veloce, leggero<\/td>\n<td>Stabile, alta risoluzione<\/td>\n<\/tr>\n<tr>\n<td>Selezione dei giochi<\/td>\n<td>Catalogo completo<\/td>\n<td>Catalogo completo<\/td>\n<\/tr>\n<\/tbody>\n<\/table>\n<p><div class=\"scrollable-content-wrap my-5\"><div class=\"scrollable-content-inner\"><h2>Spinwinera App Casin\u00f2 iOS<\/h2>\n<p>L&#8217;app Spinwinera iOS Casino \u00e8 completamente ottimizzata per gli utenti iPhone e iPad. I giocatori possono accedere al casin\u00f2 tramite un browser mobile o un&#8217;app dedicata. L&#8217;interfaccia \u00e8 progettata per una navigazione fluida sui dispositivi mobili.<\/p>\n<p>Non \u00e8 necessario cercare la nostra app nell&#8217;App Store; puoi scaricarla direttamente dal tuo browser. Offriamo un&#8217;installazione sicura dal nostro sito web ufficiale utilizzando una Progressive Web App (PWA). La nostra PWA occupa uno spazio minimo sul disco e si installa rapidamente.<\/p>\n<h3>Come installare l&#8217;app Spinwinera per iOS:<\/h3>\n<ol>\n<li>Scorri fino al pi\u00e8 di pagina del sito web di Spinwinera Casino sul tuo iPhone o iPad.<\/li>\n<li>Seleziona App Casin\u00f2 e tocca Installa.<\/li>\n<li>Attendere il completamento dell&#8217;installazione.<\/li>\n<li>Ora l&#8217;app \u00e8 sulla schermata iniziale.<\/li>\n<\/ol>\n<p><img loading=\"lazy\" decoding=\"async\" src=\"https:\/\/spin-winera.net\/wp-content\/uploads\/2026\/01\/Spinwinera-iOS-App.webp\" alt=\"Spinwinera iOS App\" width=\"1248\" height=\"536\" \/><\/p>\n<\/div><\/div><div style=\"clear: both\"><\/div><div class=\"d-flex justify-content-center\"><button data-item=\"decouvrez_link\" data-group=\"website_links\" class=\"goto fw-bold rounded-pill btn btn-orange\" aria-label=\"Scarica l&#039;app Spinwinera\" >Scarica l&#039;app Spinwinera<\/button><\/div><div class=\"scrollable-content-wrap my-5\"><div class=\"scrollable-content-inner\"><h2>Spinwinera App Android Casino<\/h2>\n<p>L&#8217;app per casin\u00f2 Android Spinwinera \u00e8 progettata per un accesso rapido dai dispositivi mobili. Non \u00e8 necessario scaricarla dagli app store e il processo di installazione \u00e8 semplice e veloce. L&#8217;interfaccia \u00e8 ottimizzata per il controllo touch, quindi tutti i giochi si caricano rapidamente e funzionano in alta qualit\u00e0. Tutti i giocatori hanno accesso alla libreria completa dei giochi con tutti i bonus e i tornei. Anche tutte le funzioni, come i pagamenti e i prelievi, sono disponibili qui. \u00c8 inoltre possibile completare il processo di verifica del proprio account tramite l&#8217;app Android.<\/p>\n<h3>APK<\/h3>\n<p>Spinwinera non utilizza file APK per l&#8217;installazione. Non \u00e8 necessario abilitare fonti sconosciute o scaricare pacchetti di installazione esterni. Non \u00e8 nemmeno necessario cercare la nostra app nel Play Store. \u00c8 disponibile per il download dal nostro sito web ufficiale.<\/p>\n<h3>PWA<\/h3>\n<p>La nostra applicazione web progressiva (PWA) \u00e8 disponibile sul sito web Spinwinera. La PWA \u00e8 un&#8217;applicazione ottimale con funzionalit\u00e0 complete, basso consumo di memoria e prestazioni elevate. Il software si installa rapidamente e si aggiorna automaticamente senza necessit\u00e0 di installazione manuale o download. La nostra PWA fornisce un accesso diretto dalla schermata iniziale del dispositivo con un caricamento veloce dei giochi e di tutte le altre funzionalit\u00e0 della piattaforma.<\/p>\n<p>Come installare l&#8217;app Spinwinera per Android:<\/p>\n<ol>\n<li>Trova il pulsante &#8220;App del casin\u00f2&#8221; nella parte inferiore del sito web Spinwinera.<\/li>\n<li>Cliccaci sopra e poi seleziona &#8220;Installa&#8221;.<\/li>\n<li>L&#8217;app verr\u00e0 scaricata automaticamente sulla schermata iniziale.<\/li>\n<\/ol>\n<p><img loading=\"lazy\" decoding=\"async\" src=\"https:\/\/spin-winera.net\/wp-content\/uploads\/2026\/01\/Spinwinera-Android-App.webp\" alt=\"Spinwinera Android App\" width=\"1248\" height=\"536\" \/><\/p>\n<\/div><\/div><div style=\"clear: both\"><\/div><div class=\"d-flex justify-content-center\"><button data-item=\"decouvrez_link\" data-group=\"website_links\" class=\"goto fw-bold rounded-pill btn btn-orange\" aria-label=\"Scarica Spinwinera\" >Scarica Spinwinera<\/button><\/div><div class=\"scrollable-content-wrap my-5\"><div class=\"scrollable-content-inner\"><h2>Scarica le app per Windows e macOS<\/h2>\n<p>Spinwinera Casino dispone anche di un&#8217;app per PC e laptop. La nostra piattaforma funziona su tutti i principali browser, come Google Chrome, Safari e altri browser moderni, senza la necessit\u00e0 di scaricare alcun file. Attraverso il browser, i giocatori hanno accesso immediato al catalogo completo dei giochi, alle funzioni dell&#8217;account e alle promozioni.<\/p>\n<p>Per una maggiore comodit\u00e0, forniamo anche un&#8217;applicazione web che pu\u00f2 essere installata dal nostro sito web. Con questa opzione, i giocatori possono avviare il casin\u00f2 senza dover aprire ogni volta un browser e cercare il sito web. L&#8217;applicazione web ha le stesse prestazioni, sicurezza e funzionalit\u00e0 della versione browser. L&#8217;applicazione offre un accesso pi\u00f9 rapido e un funzionamento comodo su un computer desktop. L&#8217;installazione \u00e8 rapida e sicura sia per macOS che per Windows.<\/p>\n<p>Per installare il software per macOS o Windows, segui le istruzioni:<\/p>\n<ol>\n<li>Apri il menu con i tre puntini nella barra degli indirizzi.<\/li>\n<li>Scegli &#8220;Trasmetti, salva e condividi&#8221;.<\/li>\n<li>Seleziona &#8220;Installa pagina come app&#8221;.<\/li>\n<li>L&#8217;app verr\u00e0 quindi aggiunta al desktop.<\/li>\n<\/ol>\n<p><img loading=\"lazy\" decoding=\"async\" src=\"https:\/\/spin-winera.net\/wp-content\/uploads\/2026\/01\/Spinwinera-PC.webp\" alt=\"Spinwinera PC\" width=\"1248\" height=\"536\" \/><\/p>\n<\/div><\/div><div style=\"clear: both\"><\/div><div class=\"d-flex justify-content-center\"><button data-item=\"decouvrez_link\" data-group=\"website_links\" class=\"goto fw-bold rounded-pill btn btn-orange\" aria-label=\"Scarica l&#039;app Spinwinera\" >Scarica l&#039;app Spinwinera<\/button><\/div><div class=\"scrollable-content-wrap my-5\"><div class=\"scrollable-content-inner\"><h2>Domande frequenti<\/h2>\n<h3>L&#8217;app Spin Winera Casino offre assistenza clienti?<\/h3>\n<p>S\u00ec, \u00e8 possibile contattare l&#8217;assistenza tramite l&#8217;app. I giocatori possono contattare il team di assistenza 24 ore su 24, 7 giorni su 7, tramite la live chat nell&#8217;app o sul sito web o tramite e-mail. Il nostro servizio professionale \u00e8 a disposizione per qualsiasi domanda. Siamo disponibili in diverse lingue, tra cui inglese, tedesco, olandese, spagnolo, italiano, polacco e francese.<\/p>\n<h3>\u00c8 necessario creare un account per utilizzare l&#8217;app Spin Winera?<\/h3>\n<p>S\u00ec, \u00e8 necessario disporre di un account per utilizzare l&#8217;app Spin Winera. Solo gli utenti registrati possono accedere ai giochi, effettuare depositi, prelevare vincite e utilizzare i bonus. Dopo la registrazione, i giocatori possono utilizzare lo stesso account sia sul proprio dispositivo mobile che sul computer. \u00c8 anche possibile accedere contemporaneamente al browser e all&#8217;app. Tutti i progressi e le impostazioni saranno sincronizzati.<\/p>\n<h3>Tutti i giochi sono disponibili nell&#8217;app?<\/h3>\n<p>S\u00ec, l&#8217;app Spinwinera consente di accedere all&#8217;intero catalogo di giochi. I giocatori possono giocare alle slot online, ai giochi da tavolo, ai giochi con croupier dal vivo e ai giochi istantanei. Tutti i giochi sono ottimizzati per l&#8217;uso su dispositivi mobili e offrono le stesse funzionalit\u00e0 disponibili su browser.<\/p>\n<h3>Come posso aggiornare l&#8217;app Spinwinera Casino?<\/h3>\n<p>L&#8217;app Spin Winera Casino si aggiorna automaticamente tramite il browser. Quando \u00e8 disponibile una nuova versione, le modifiche vengono applicate in background. Non \u00e8 necessario scaricare manualmente gli aggiornamenti o reinstallare l&#8217;app. Riceverai notifiche automatiche sugli aggiornamenti dell&#8217;app.<\/p>\n<\/div><\/div><\/p>\n","protected":false},"excerpt":{"rendered":"<p>App Spinwinera: giochi per iOS e Android Spinwinera app offre ai giocatori italiani un&#8217;esperienza di gioco in formato mobile. Il software consente un accesso rapido al nostro catalogo di giochi su tutti i dispositivi. Disponibile per l&#8217;installazione su Android, iOS e computer desktop, l&#8217;app Spinwinera funziona perfettamente su qualsiasi dispositivo. L&#8217;interfaccia \u00e8 ottimizzata per tutti [&hellip;]<\/p>\n","protected":false},"author":1,"featured_media":0,"parent":0,"menu_order":0,"comment_status":"closed","ping_status":"closed","template":"template-builder.php","meta":{"_acf_changed":false,"inline_featured_image":false,"footnotes":""},"class_list":["post-1433","page","type-page","status-publish","hentry"],"acf":[],"yoast_head":"<!-- This site is optimized with the Yoast SEO plugin v27.3 - https:\/\/yoast.com\/product\/yoast-seo-wordpress\/ -->\n<title>Spinwinera App | Piattaforme iOS e Android<\/title>\n<meta name=\"description\" content=\"L&#039;app Spinwinera offre un&#039;esperienza di gioco fluida su Android, iOS, Windows e macOS, con account sincronizzati, aggiornamenti regolari e assistenza clienti integrata per un&#039;esperienza senza intoppi.\" \/>\n<meta name=\"robots\" content=\"index, follow, max-snippet:-1, max-image-preview:large, max-video-preview:-1\" \/>\n<link rel=\"canonical\" href=\"https:\/\/spin-winera.net\/it\/applicazione\/\" \/>\n<meta property=\"og:locale\" content=\"it_IT\" \/>\n<meta property=\"og:type\" content=\"article\" \/>\n<meta property=\"og:title\" content=\"Spinwinera App | Piattaforme iOS e Android\" \/>\n<meta property=\"og:description\" content=\"L&#039;app Spinwinera offre un&#039;esperienza di gioco fluida su Android, iOS, Windows e macOS, con account sincronizzati, aggiornamenti regolari e assistenza clienti integrata per un&#039;esperienza senza intoppi.\" \/>\n<meta property=\"og:url\" content=\"https:\/\/spin-winera.net\/it\/applicazione\/\" \/>\n<meta property=\"og:site_name\" content=\"spinwinera\" \/>\n<meta property=\"article:modified_time\" content=\"2026-01-14T07:17:16+00:00\" \/>\n<meta name=\"twitter:card\" content=\"summary_large_image\" \/>\n<meta name=\"twitter:label1\" content=\"Est. reading time\" \/>\n\t<meta name=\"twitter:data1\" content=\"1 minute\" \/>\n<script type=\"application\/ld+json\" class=\"yoast-schema-graph\">{\"@context\":\"https:\\\/\\\/schema.org\",\"@graph\":[{\"@type\":\"WebPage\",\"@id\":\"https:\\\/\\\/spin-winera.net\\\/it\\\/applicazione\\\/\",\"url\":\"https:\\\/\\\/spin-winera.net\\\/it\\\/applicazione\\\/\",\"name\":\"Spinwinera App | Piattaforme iOS e Android\",\"isPartOf\":{\"@id\":\"https:\\\/\\\/spin-winera.net\\\/it\\\/#website\"},\"datePublished\":\"2026-01-13T12:25:39+00:00\",\"dateModified\":\"2026-01-14T07:17:16+00:00\",\"description\":\"L'app Spinwinera offre un'esperienza di gioco fluida su Android, iOS, Windows e macOS, con account sincronizzati, aggiornamenti regolari e assistenza clienti integrata per un'esperienza senza intoppi.\",\"breadcrumb\":{\"@id\":\"https:\\\/\\\/spin-winera.net\\\/it\\\/applicazione\\\/#breadcrumb\"},\"inLanguage\":\"it-IT\",\"potentialAction\":[{\"@type\":\"ReadAction\",\"target\":[\"https:\\\/\\\/spin-winera.net\\\/it\\\/applicazione\\\/\"]}]},{\"@type\":\"BreadcrumbList\",\"@id\":\"https:\\\/\\\/spin-winera.net\\\/it\\\/applicazione\\\/#breadcrumb\",\"itemListElement\":[{\"@type\":\"ListItem\",\"position\":1,\"name\":\"Spinwinera\",\"item\":\"https:\\\/\\\/spin-winera.net\\\/it\\\/\"},{\"@type\":\"ListItem\",\"position\":2,\"name\":\"Applicazione\"}]},{\"@type\":\"WebSite\",\"@id\":\"https:\\\/\\\/spin-winera.net\\\/it\\\/#website\",\"url\":\"https:\\\/\\\/spin-winera.net\\\/it\\\/\",\"name\":\"Spinwinera\",\"description\":\"\",\"publisher\":{\"@id\":\"https:\\\/\\\/spin-winera.net\\\/it\\\/#organization\"},\"potentialAction\":[{\"@type\":\"SearchAction\",\"target\":{\"@type\":\"EntryPoint\",\"urlTemplate\":\"https:\\\/\\\/spin-winera.net\\\/it\\\/?s={search_term_string}\"},\"query-input\":{\"@type\":\"PropertyValueSpecification\",\"valueRequired\":true,\"valueName\":\"search_term_string\"}}],\"inLanguage\":\"it-IT\"},{\"@type\":\"Organization\",\"@id\":\"https:\\\/\\\/spin-winera.net\\\/it\\\/#organization\",\"name\":\"Spinwinera\",\"url\":\"https:\\\/\\\/spin-winera.net\\\/it\\\/\",\"logo\":{\"@type\":\"ImageObject\",\"inLanguage\":\"it-IT\",\"@id\":\"https:\\\/\\\/spin-winera.net\\\/it\\\/#\\\/schema\\\/logo\\\/image\\\/\",\"url\":\"https:\\\/\\\/spin-winera.net\\\/wp-content\\\/uploads\\\/2025\\\/08\\\/80u1FaquEZeR6OUTeJCc-1.png\",\"contentUrl\":\"https:\\\/\\\/spin-winera.net\\\/wp-content\\\/uploads\\\/2025\\\/08\\\/80u1FaquEZeR6OUTeJCc-1.png\",\"width\":157,\"height\":30,\"caption\":\"Spinwinera\"},\"image\":{\"@id\":\"https:\\\/\\\/spin-winera.net\\\/it\\\/#\\\/schema\\\/logo\\\/image\\\/\"}}]}<\/script>\n<!-- \/ Yoast SEO plugin. -->","yoast_head_json":{"title":"Spinwinera App | Piattaforme iOS e Android","description":"L'app Spinwinera offre un'esperienza di gioco fluida su Android, iOS, Windows e macOS, con account sincronizzati, aggiornamenti regolari e assistenza clienti integrata per un'esperienza senza intoppi.","robots":{"index":"index","follow":"follow","max-snippet":"max-snippet:-1","max-image-preview":"max-image-preview:large","max-video-preview":"max-video-preview:-1"},"canonical":"https:\/\/spin-winera.net\/it\/applicazione\/","og_locale":"it_IT","og_type":"article","og_title":"Spinwinera App | Piattaforme iOS e Android","og_description":"L'app Spinwinera offre un'esperienza di gioco fluida su Android, iOS, Windows e macOS, con account sincronizzati, aggiornamenti regolari e assistenza clienti integrata per un'esperienza senza intoppi.","og_url":"https:\/\/spin-winera.net\/it\/applicazione\/","og_site_name":"spinwinera","article_modified_time":"2026-01-14T07:17:16+00:00","twitter_card":"summary_large_image","twitter_misc":{"Est. reading time":"1 minute"},"schema":{"@context":"https:\/\/schema.org","@graph":[{"@type":"WebPage","@id":"https:\/\/spin-winera.net\/it\/applicazione\/","url":"https:\/\/spin-winera.net\/it\/applicazione\/","name":"Spinwinera App | Piattaforme iOS e Android","isPartOf":{"@id":"https:\/\/spin-winera.net\/it\/#website"},"datePublished":"2026-01-13T12:25:39+00:00","dateModified":"2026-01-14T07:17:16+00:00","description":"L'app Spinwinera offre un'esperienza di gioco fluida su Android, iOS, Windows e macOS, con account sincronizzati, aggiornamenti regolari e assistenza clienti integrata per un'esperienza senza intoppi.","breadcrumb":{"@id":"https:\/\/spin-winera.net\/it\/applicazione\/#breadcrumb"},"inLanguage":"it-IT","potentialAction":[{"@type":"ReadAction","target":["https:\/\/spin-winera.net\/it\/applicazione\/"]}]},{"@type":"BreadcrumbList","@id":"https:\/\/spin-winera.net\/it\/applicazione\/#breadcrumb","itemListElement":[{"@type":"ListItem","position":1,"name":"Spinwinera","item":"https:\/\/spin-winera.net\/it\/"},{"@type":"ListItem","position":2,"name":"Applicazione"}]},{"@type":"WebSite","@id":"https:\/\/spin-winera.net\/it\/#website","url":"https:\/\/spin-winera.net\/it\/","name":"Spinwinera","description":"","publisher":{"@id":"https:\/\/spin-winera.net\/it\/#organization"},"potentialAction":[{"@type":"SearchAction","target":{"@type":"EntryPoint","urlTemplate":"https:\/\/spin-winera.net\/it\/?s={search_term_string}"},"query-input":{"@type":"PropertyValueSpecification","valueRequired":true,"valueName":"search_term_string"}}],"inLanguage":"it-IT"},{"@type":"Organization","@id":"https:\/\/spin-winera.net\/it\/#organization","name":"Spinwinera","url":"https:\/\/spin-winera.net\/it\/","logo":{"@type":"ImageObject","inLanguage":"it-IT","@id":"https:\/\/spin-winera.net\/it\/#\/schema\/logo\/image\/","url":"https:\/\/spin-winera.net\/wp-content\/uploads\/2025\/08\/80u1FaquEZeR6OUTeJCc-1.png","contentUrl":"https:\/\/spin-winera.net\/wp-content\/uploads\/2025\/08\/80u1FaquEZeR6OUTeJCc-1.png","width":157,"height":30,"caption":"Spinwinera"},"image":{"@id":"https:\/\/spin-winera.net\/it\/#\/schema\/logo\/image\/"}}]}},"_links":{"self":[{"href":"https:\/\/spin-winera.net\/it\/wp-json\/wp\/v2\/pages\/1433","targetHints":{"allow":["GET"]}}],"collection":[{"href":"https:\/\/spin-winera.net\/it\/wp-json\/wp\/v2\/pages"}],"about":[{"href":"https:\/\/spin-winera.net\/it\/wp-json\/wp\/v2\/types\/page"}],"author":[{"embeddable":true,"href":"https:\/\/spin-winera.net\/it\/wp-json\/wp\/v2\/users\/1"}],"replies":[{"embeddable":true,"href":"https:\/\/spin-winera.net\/it\/wp-json\/wp\/v2\/comments?post=1433"}],"version-history":[{"count":2,"href":"https:\/\/spin-winera.net\/it\/wp-json\/wp\/v2\/pages\/1433\/revisions"}],"predecessor-version":[{"id":1801,"href":"https:\/\/spin-winera.net\/it\/wp-json\/wp\/v2\/pages\/1433\/revisions\/1801"}],"wp:attachment":[{"href":"https:\/\/spin-winera.net\/it\/wp-json\/wp\/v2\/media?parent=1433"}],"curies":[{"name":"wp","href":"https:\/\/api.w.org\/{rel}","templated":true}]}}