{"id":1482,"date":"2026-01-13T12:28:12","date_gmt":"2026-01-13T12:28:12","guid":{"rendered":"https:\/\/spin-winera.net\/login-and-registration\/"},"modified":"2026-01-14T07:18:21","modified_gmt":"2026-01-14T07:18:21","slug":"accesso-e-registrazione","status":"publish","type":"page","link":"https:\/\/spin-winera.net\/it\/accesso-e-registrazione\/","title":{"rendered":"Accesso e registrazione"},"content":{"rendered":"<h1>Accesso a Spinwinera: registrazione rapida<\/h1>\n<p>La creazione di un account su Spinwinera Casino \u00e8 un passaggio necessario per accedere a tutti i giochi e le funzionalit\u00e0. Il processo di Spinwinera login consente ai giocatori italiani di gestire i propri account, effettuare depositi e prelievi e ricevere bonus.<\/p>\n<p>Il processo di registrazione e accesso \u00e8 completamente sicuro, poich\u00e9 tutti i nostri dati sono protetti da crittografia e protocolli di sicurezza. Con un account attivato, potrai divertirti al casin\u00f2 su qualsiasi dispositivo.<\/p>\n<p><div class=\"banner-wrap\" aria-label=\"Banner\"><img src=\"https:\/\/spin-winera.net\/wp-content\/uploads\/2026\/01\/Spinwinera-bonus-desktop.webp\" class=\"w-100 d-none d-lg-block img-pc main-banner-img\" alt=\"Spinwinera bonus desktop\" fetchpriority=\"high\" decoding=\"async\"><img src=\"https:\/\/spin-winera.net\/wp-content\/uploads\/2026\/01\/Spinwinera-bonus-mobile.webp\" class=\"w-100 d-none d-md-block d-lg-none main-banner-img\" alt=\"Spinwinera bonus mobile\" fetchpriority=\"high\" decoding=\"async\"><img src=\"https:\/\/spin-winera.net\/wp-content\/uploads\/2026\/01\/Spinwinera-bonus-mobile.webp\" class=\"w-100 d-md-none\" alt=\"Spinwinera bonus mobile\" fetchpriority=\"high\" decoding=\"async\"><div class=\"banner-description\">\n<div class=\"banner-title\">Bonus di benvenuto<\/div>\n<p class=\"banner-header-title\">\u20ac1,500<\/p>\n<div class=\"banner-header-AdditionalText\">+ 250 Giri gratuiti<\/div>\n<button data-item=\"homepage_banner_link\" class=\"goto m-button m-gradient-border m-button--primary m-button--large banner-button btn-orange\">\n            <div class=\"m-button-content\">\n                <span>Iscriviti ora<\/span>\n                <span><\/span>\n            <\/div>\n        <\/button>\n<\/div>\n<div class=\"WelcomePack\">\n<p><img loading=\"lazy\" decoding=\"async\" class=\"alignnone size-full wp-image-1391\" src=\"https:\/\/spin-winera.net\/wp-content\/uploads\/2026\/01\/welcome-crown.svg\" alt=\"crown\" width=\"25\" height=\"26\" \/><\/p>\n<div class=\"WelcomePack-Info\">Cashback settimanale fino al 25%<\/div>\n<p><img loading=\"lazy\" decoding=\"async\" class=\"alignnone size-full wp-image-1391\" src=\"https:\/\/spin-winera.net\/wp-content\/uploads\/2026\/01\/welcome-crown.svg\" alt=\"crown\" width=\"25\" height=\"26\" \/><\/p>\n<\/div>\n<\/div><div class=\"scrollable-content-wrap my-5\"><div class=\"scrollable-content-inner\"><h2>Gira Winera Registrati per i nuovi giocatori<\/h2>\n<p>Registrando un account su Spinwinera Casino avrai accesso a tutte le funzionalit\u00e0 della piattaforma. Il nostro casin\u00f2 \u00e8 disponibile solo per gli utenti registrati. Dopo la registrazione e il login su Spinwinera, potrai giocare a tutte le slot, ai giochi da tavolo, ai giochi con croupier dal vivo e alle vincite immediate, ricevere bonus, partecipare a tornei, effettuare depositi, prelevare fondi e tenere traccia della tua cronologia di gioco.<\/p>\n<h3>Crea il tuo account<\/h3>\n<ol>\n<li>Clicca sul pulsante &#8220;Registrati&#8221; nell&#8217;angolo della pagina web.<\/li>\n<li>Inserisci il tuo indirizzo e-mail e crea una password.<\/li>\n<li>Conferma di avere almeno 18 anni e di accettare i Termini di utilizzo.<\/li>\n<li>Clicca su &#8220;Salva&#8221; per creare il tuo account.<\/li>\n<li>Riceverai un&#8217;e-mail con un link di attivazione; clicca su di esso per attivare il tuo account.<\/li>\n<\/ol>\n<p>Dopo la registrazione, puoi utilizzare il tuo login Spinwinera per accedere al nostro casin\u00f2.<\/p>\n<h2>Inizia con un account Spinwinera<\/h2>\n<p>Il tuo login Spinwinera \u00e8 facile e veloce. Per accedere, clicca sul pulsante corrispondente e inserisci il tuo indirizzo email registrato e la password. Una volta effettuato l&#8217;accesso, potrai gestire i tuoi dati personali e di pagamento, monitorare la tua attivit\u00e0 di gioco, configurare le impostazioni di sicurezza e utilizzare gli strumenti di gioco responsabile. Il pannello di controllo dell&#8217;account \u00e8 il centro nevralgico di tutte le tue interazioni con il casin\u00f2.<\/p>\n<table>\n<tbody>\n<tr>\n<td>Caratteristica<\/td>\n<td>Dettagli<\/td>\n<\/tr>\n<tr>\n<td>Gestione account<\/td>\n<td>Aggiorna le informazioni personali, i dettagli di pagamento e le preferenze di contatto<\/td>\n<\/tr>\n<tr>\n<td>Cronologia attivit\u00e0<\/td>\n<td>Rivedi la cronologia di gioco, i depositi, i prelievi e l&#8217;attivit\u00e0 dei bonus<\/td>\n<\/tr>\n<tr>\n<td>Sicurezza e protezione<\/td>\n<td>Traccia i dispositivi connessi, abilita l&#8217;autenticazione a due fattori (2FA)<\/td>\n<\/tr>\n<tr>\n<td>Strumenti per il gioco responsabile<\/td>\n<td>Imposta limiti di deposito, scommessa e perdita, promemoria di sessione e autoesclusione<\/td>\n<\/tr>\n<\/tbody>\n<\/table>\n<h3>Hai dimenticato la password?<\/h3>\n<p>\u00c8 normale dimenticare i propri dati di accesso a Spinwinera, in particolare le password. Spinwinera consente di ripristinare facilmente l&#8217;accesso e continuare a giocare. Per ripristinare la password, basta seguire le nostre istruzioni.<\/p>\n<p>Come recuperare la password:<\/p>\n<ol>\n<li>Vai alla pagina di accesso.<\/li>\n<li>Clicca su &#8220;Hai dimenticato la password?&#8221;.<\/li>\n<li>Inserisci l&#8217;indirizzo e-mail utilizzato per la registrazione.<\/li>\n<li>Segui il link per reimpostare la password contenuto nell&#8217;e-mail.<\/li>\n<li>Crea una nuova password e utilizzala quando effettui l&#8217;accesso.<\/li>\n<\/ol>\n<h3>Protezione e conferma di un conto Spin Winera Casino<\/h3>\n<p>Proteggere il tuo account \u00e8 la nostra priorit\u00e0 assoluta. Per garantire la sicurezza del tuo account, devi creare una password univoca e abilitare l&#8217;autenticazione a due fattori (2FA) per una maggiore sicurezza. Esci sempre dal tuo account se non stai utilizzando il tuo dispositivo personale.<\/p>\n<p>Utilizziamo protocolli di crittografia e sicurezza dei dati per proteggere gli account dei nostri giocatori, come il processo di verifica dell&#8217;account. Solo dopo la verifica potrai ricevere bonus e prelevare fondi. Tutte le richieste di prelievo vengono esaminate manualmente dai nostri specialisti per verificare la ricezione dei fondi e la sicurezza.<\/p>\n<h2>Domande frequenti<\/h2>\n<h3>Come posso completare il processo di verifica dell&#8217;account?<\/h3>\n<p>Per completare il processo di verifica dell&#8217;account Spinwinera, \u00e8 necessario caricare i documenti personali. Dovrai caricare i seguenti documenti: documento d&#8217;identit\u00e0, prova di residenza (ad esempio, bolletta) e coordinate bancarie. Dopo il caricamento, il nostro team esaminer\u00e0 i documenti, operazione che richiede solitamente fino a 48 ore. Una volta approvati, il tuo account sar\u00e0 completamente verificato e potrai prelevare fondi e utilizzare i bonus.<\/p>\n<h3>Come aggiornare la password o l&#8217;indirizzo e-mail?<\/h3>\n<p>Puoi aggiornare la tua password o il tuo indirizzo e-mail nel tuo account Spinwinera. Apri le impostazioni del tuo account nel menu principale e trova i tuoi dati personali. Inserisci la tua password attuale, quindi imposta una nuova password o un nuovo indirizzo e-mail.<\/p>\n<h3>Cosa devo fare se il mio account \u00e8 bloccato?<\/h3>\n<p>Se il tuo account Spinwinera \u00e8 bloccato, prova a disconnetterti e ricollegarti. Puoi anche provare a effettuare l&#8217;accesso da un altro dispositivo. Verifica le leggi locali; il nostro sito web potrebbe essere soggetto a restrizioni nella tua regione. Se il problema persiste, contatta il nostro servizio di assistenza multilingue tramite live chat o e-mail. Fornisci il tuo indirizzo e-mail registrato. Il nostro staff professionale ti aiuter\u00e0 a ripristinare l&#8217;accesso.<\/p>\n<h3>Come posso chiudere o sospendere temporaneamente il mio account?<\/h3>\n<p>Puoi chiudere o sospendere temporaneamente il tuo account Spinwinera utilizzando gli strumenti di gioco responsabile. Vai al menu del tuo account e seleziona gli strumenti di gioco responsabile. Scegli un periodo di pausa per una sospensione temporanea o l&#8217;autoesclusione per una chiusura pi\u00f9 lunga.<\/p>\n<\/div><\/div><\/p>\n","protected":false},"excerpt":{"rendered":"<p>Accesso a Spinwinera: registrazione rapida La creazione di un account su Spinwinera Casino \u00e8 un passaggio necessario per accedere a tutti i giochi e le funzionalit\u00e0. Il processo di Spinwinera login consente ai giocatori italiani di gestire i propri account, effettuare depositi e prelievi e ricevere bonus. Il processo di registrazione e accesso \u00e8 completamente [&hellip;]<\/p>\n","protected":false},"author":1,"featured_media":0,"parent":0,"menu_order":0,"comment_status":"closed","ping_status":"closed","template":"template-builder.php","meta":{"_acf_changed":false,"inline_featured_image":false,"footnotes":""},"class_list":["post-1482","page","type-page","status-publish","hentry"],"acf":[],"yoast_head":"<!-- This site is optimized with the Yoast SEO plugin v27.3 - https:\/\/yoast.com\/product\/yoast-seo-wordpress\/ -->\n<title>Spinwinera Login e registrazione<\/title>\n<meta name=\"description\" content=\"Crea, gestisci e verifica il tuo account Spinwinera Casino senza alcuno sforzo. Approfitta della registrazione rapida, del facile recupero dell&#039;account e della chiusura sicura con Spinwinera Login, che protegge il tuo account 24 ore su 24.\" \/>\n<meta name=\"robots\" content=\"index, follow, max-snippet:-1, max-image-preview:large, max-video-preview:-1\" \/>\n<link rel=\"canonical\" href=\"https:\/\/spin-winera.net\/it\/accesso-e-registrazione\/\" \/>\n<meta property=\"og:locale\" content=\"it_IT\" \/>\n<meta property=\"og:type\" content=\"article\" \/>\n<meta property=\"og:title\" content=\"Spinwinera Login e registrazione\" \/>\n<meta property=\"og:description\" content=\"Crea, gestisci e verifica il tuo account Spinwinera Casino senza alcuno sforzo. Approfitta della registrazione rapida, del facile recupero dell&#039;account e della chiusura sicura con Spinwinera Login, che protegge il tuo account 24 ore su 24.\" \/>\n<meta property=\"og:url\" content=\"https:\/\/spin-winera.net\/it\/accesso-e-registrazione\/\" \/>\n<meta property=\"og:site_name\" content=\"spinwinera\" \/>\n<meta property=\"article:modified_time\" content=\"2026-01-14T07:18:21+00:00\" \/>\n<meta name=\"twitter:card\" content=\"summary_large_image\" \/>\n<meta name=\"twitter:label1\" content=\"Est. reading time\" \/>\n\t<meta name=\"twitter:data1\" content=\"1 minute\" \/>\n<script type=\"application\/ld+json\" class=\"yoast-schema-graph\">{\"@context\":\"https:\\\/\\\/schema.org\",\"@graph\":[{\"@type\":\"WebPage\",\"@id\":\"https:\\\/\\\/spin-winera.net\\\/it\\\/accesso-e-registrazione\\\/\",\"url\":\"https:\\\/\\\/spin-winera.net\\\/it\\\/accesso-e-registrazione\\\/\",\"name\":\"Spinwinera Login e registrazione\",\"isPartOf\":{\"@id\":\"https:\\\/\\\/spin-winera.net\\\/it\\\/#website\"},\"datePublished\":\"2026-01-13T12:28:12+00:00\",\"dateModified\":\"2026-01-14T07:18:21+00:00\",\"description\":\"Crea, gestisci e verifica il tuo account Spinwinera Casino senza alcuno sforzo. Approfitta della registrazione rapida, del facile recupero dell'account e della chiusura sicura con Spinwinera Login, che protegge il tuo account 24 ore su 24.\",\"breadcrumb\":{\"@id\":\"https:\\\/\\\/spin-winera.net\\\/it\\\/accesso-e-registrazione\\\/#breadcrumb\"},\"inLanguage\":\"it-IT\",\"potentialAction\":[{\"@type\":\"ReadAction\",\"target\":[\"https:\\\/\\\/spin-winera.net\\\/it\\\/accesso-e-registrazione\\\/\"]}]},{\"@type\":\"BreadcrumbList\",\"@id\":\"https:\\\/\\\/spin-winera.net\\\/it\\\/accesso-e-registrazione\\\/#breadcrumb\",\"itemListElement\":[{\"@type\":\"ListItem\",\"position\":1,\"name\":\"Spinwinera\",\"item\":\"https:\\\/\\\/spin-winera.net\\\/it\\\/\"},{\"@type\":\"ListItem\",\"position\":2,\"name\":\"Accesso e registrazione\"}]},{\"@type\":\"WebSite\",\"@id\":\"https:\\\/\\\/spin-winera.net\\\/it\\\/#website\",\"url\":\"https:\\\/\\\/spin-winera.net\\\/it\\\/\",\"name\":\"Spinwinera\",\"description\":\"\",\"publisher\":{\"@id\":\"https:\\\/\\\/spin-winera.net\\\/it\\\/#organization\"},\"potentialAction\":[{\"@type\":\"SearchAction\",\"target\":{\"@type\":\"EntryPoint\",\"urlTemplate\":\"https:\\\/\\\/spin-winera.net\\\/it\\\/?s={search_term_string}\"},\"query-input\":{\"@type\":\"PropertyValueSpecification\",\"valueRequired\":true,\"valueName\":\"search_term_string\"}}],\"inLanguage\":\"it-IT\"},{\"@type\":\"Organization\",\"@id\":\"https:\\\/\\\/spin-winera.net\\\/it\\\/#organization\",\"name\":\"Spinwinera\",\"url\":\"https:\\\/\\\/spin-winera.net\\\/it\\\/\",\"logo\":{\"@type\":\"ImageObject\",\"inLanguage\":\"it-IT\",\"@id\":\"https:\\\/\\\/spin-winera.net\\\/it\\\/#\\\/schema\\\/logo\\\/image\\\/\",\"url\":\"https:\\\/\\\/spin-winera.net\\\/wp-content\\\/uploads\\\/2025\\\/08\\\/80u1FaquEZeR6OUTeJCc-1.png\",\"contentUrl\":\"https:\\\/\\\/spin-winera.net\\\/wp-content\\\/uploads\\\/2025\\\/08\\\/80u1FaquEZeR6OUTeJCc-1.png\",\"width\":157,\"height\":30,\"caption\":\"Spinwinera\"},\"image\":{\"@id\":\"https:\\\/\\\/spin-winera.net\\\/it\\\/#\\\/schema\\\/logo\\\/image\\\/\"}}]}<\/script>\n<!-- \/ Yoast SEO plugin. -->","yoast_head_json":{"title":"Spinwinera Login e registrazione","description":"Crea, gestisci e verifica il tuo account Spinwinera Casino senza alcuno sforzo. Approfitta della registrazione rapida, del facile recupero dell'account e della chiusura sicura con Spinwinera Login, che protegge il tuo account 24 ore su 24.","robots":{"index":"index","follow":"follow","max-snippet":"max-snippet:-1","max-image-preview":"max-image-preview:large","max-video-preview":"max-video-preview:-1"},"canonical":"https:\/\/spin-winera.net\/it\/accesso-e-registrazione\/","og_locale":"it_IT","og_type":"article","og_title":"Spinwinera Login e registrazione","og_description":"Crea, gestisci e verifica il tuo account Spinwinera Casino senza alcuno sforzo. Approfitta della registrazione rapida, del facile recupero dell'account e della chiusura sicura con Spinwinera Login, che protegge il tuo account 24 ore su 24.","og_url":"https:\/\/spin-winera.net\/it\/accesso-e-registrazione\/","og_site_name":"spinwinera","article_modified_time":"2026-01-14T07:18:21+00:00","twitter_card":"summary_large_image","twitter_misc":{"Est. reading time":"1 minute"},"schema":{"@context":"https:\/\/schema.org","@graph":[{"@type":"WebPage","@id":"https:\/\/spin-winera.net\/it\/accesso-e-registrazione\/","url":"https:\/\/spin-winera.net\/it\/accesso-e-registrazione\/","name":"Spinwinera Login e registrazione","isPartOf":{"@id":"https:\/\/spin-winera.net\/it\/#website"},"datePublished":"2026-01-13T12:28:12+00:00","dateModified":"2026-01-14T07:18:21+00:00","description":"Crea, gestisci e verifica il tuo account Spinwinera Casino senza alcuno sforzo. Approfitta della registrazione rapida, del facile recupero dell'account e della chiusura sicura con Spinwinera Login, che protegge il tuo account 24 ore su 24.","breadcrumb":{"@id":"https:\/\/spin-winera.net\/it\/accesso-e-registrazione\/#breadcrumb"},"inLanguage":"it-IT","potentialAction":[{"@type":"ReadAction","target":["https:\/\/spin-winera.net\/it\/accesso-e-registrazione\/"]}]},{"@type":"BreadcrumbList","@id":"https:\/\/spin-winera.net\/it\/accesso-e-registrazione\/#breadcrumb","itemListElement":[{"@type":"ListItem","position":1,"name":"Spinwinera","item":"https:\/\/spin-winera.net\/it\/"},{"@type":"ListItem","position":2,"name":"Accesso e registrazione"}]},{"@type":"WebSite","@id":"https:\/\/spin-winera.net\/it\/#website","url":"https:\/\/spin-winera.net\/it\/","name":"Spinwinera","description":"","publisher":{"@id":"https:\/\/spin-winera.net\/it\/#organization"},"potentialAction":[{"@type":"SearchAction","target":{"@type":"EntryPoint","urlTemplate":"https:\/\/spin-winera.net\/it\/?s={search_term_string}"},"query-input":{"@type":"PropertyValueSpecification","valueRequired":true,"valueName":"search_term_string"}}],"inLanguage":"it-IT"},{"@type":"Organization","@id":"https:\/\/spin-winera.net\/it\/#organization","name":"Spinwinera","url":"https:\/\/spin-winera.net\/it\/","logo":{"@type":"ImageObject","inLanguage":"it-IT","@id":"https:\/\/spin-winera.net\/it\/#\/schema\/logo\/image\/","url":"https:\/\/spin-winera.net\/wp-content\/uploads\/2025\/08\/80u1FaquEZeR6OUTeJCc-1.png","contentUrl":"https:\/\/spin-winera.net\/wp-content\/uploads\/2025\/08\/80u1FaquEZeR6OUTeJCc-1.png","width":157,"height":30,"caption":"Spinwinera"},"image":{"@id":"https:\/\/spin-winera.net\/it\/#\/schema\/logo\/image\/"}}]}},"_links":{"self":[{"href":"https:\/\/spin-winera.net\/it\/wp-json\/wp\/v2\/pages\/1482","targetHints":{"allow":["GET"]}}],"collection":[{"href":"https:\/\/spin-winera.net\/it\/wp-json\/wp\/v2\/pages"}],"about":[{"href":"https:\/\/spin-winera.net\/it\/wp-json\/wp\/v2\/types\/page"}],"author":[{"embeddable":true,"href":"https:\/\/spin-winera.net\/it\/wp-json\/wp\/v2\/users\/1"}],"replies":[{"embeddable":true,"href":"https:\/\/spin-winera.net\/it\/wp-json\/wp\/v2\/comments?post=1482"}],"version-history":[{"count":1,"href":"https:\/\/spin-winera.net\/it\/wp-json\/wp\/v2\/pages\/1482\/revisions"}],"predecessor-version":[{"id":1802,"href":"https:\/\/spin-winera.net\/it\/wp-json\/wp\/v2\/pages\/1482\/revisions\/1802"}],"wp:attachment":[{"href":"https:\/\/spin-winera.net\/it\/wp-json\/wp\/v2\/media?parent=1482"}],"curies":[{"name":"wp","href":"https:\/\/api.w.org\/{rel}","templated":true}]}}