{"id":1435,"date":"2026-01-13T12:25:39","date_gmt":"2026-01-13T12:25:39","guid":{"rendered":"https:\/\/spin-winera.net\/app\/"},"modified":"2026-01-14T07:36:34","modified_gmt":"2026-01-14T07:36:34","slug":"aplikacja","status":"publish","type":"page","link":"https:\/\/spin-winera.net\/pl\/aplikacja\/","title":{"rendered":"Aplikacja"},"content":{"rendered":"<h1>Aplikacja Spinwinera: gry na iOS i Androida<\/h1>\n<p>Spinwinera App zapewnia polskim graczom wra\u017cenia z gry w formacie mobilnym. Oprogramowanie zapewnia szybki dost\u0119p do naszego katalogu gier na wszystkich urz\u0105dzeniach. Dost\u0119pna do instalacji na urz\u0105dzeniach z systemem Android, iOS i komputerach stacjonarnych, aplikacja Spinwinera dzia\u0142a doskonale na ka\u017cdym urz\u0105dzeniu. Interfejs jest zoptymalizowany dla wszystkich ekran\u00f3w i strumieniuje gry w najwy\u017cszej jako\u015bci.<\/p>\n<div class=\"banner-wrap\" aria-label=\"Banner\"><img src=\"https:\/\/spin-winera.net\/wp-content\/uploads\/2026\/01\/Spinwinera-bonus-desktop.webp\" class=\"w-100 d-none d-lg-block img-pc main-banner-img\" alt=\"Spinwinera bonus desktop\" fetchpriority=\"high\" decoding=\"async\"><img src=\"https:\/\/spin-winera.net\/wp-content\/uploads\/2026\/01\/Spinwinera-bonus-mobile.webp\" class=\"w-100 d-none d-md-block d-lg-none main-banner-img\" alt=\"Spinwinera bonus mobile\" fetchpriority=\"high\" decoding=\"async\"><img src=\"https:\/\/spin-winera.net\/wp-content\/uploads\/2026\/01\/Spinwinera-bonus-mobile.webp\" class=\"w-100 d-md-none\" alt=\"Spinwinera bonus mobile\" fetchpriority=\"high\" decoding=\"async\"><div class=\"banner-description\">\n<div class=\"banner-title\">Bonusy powitalne<\/div>\n<p class=\"banner-header-title\">\u20ac1,500<\/p>\n<div class=\"banner-header-AdditionalText\">+ 250 Darmowe spiny<\/div>\n<button data-item=\"homepage_banner_link\" class=\"goto m-button m-gradient-border m-button--primary m-button--large banner-button btn-orange\">\n            <div class=\"m-button-content\">\n                <span>Zarejestruj si\u0119 teraz<\/span>\n                <span><\/span>\n            <\/div>\n        <\/button>\n<\/div>\n<div class=\"WelcomePack\">\n<p><img loading=\"lazy\" decoding=\"async\" class=\"alignnone size-full wp-image-1391\" src=\"https:\/\/spin-winera.net\/wp-content\/uploads\/2026\/01\/welcome-crown.svg\" alt=\"crown\" width=\"25\" height=\"26\" \/><\/p>\n<div class=\"WelcomePack-Info\">Cotygodniowy zwrot got\u00f3wki do 25%<\/div>\n<p><img loading=\"lazy\" decoding=\"async\" class=\"alignnone size-full wp-image-1391\" src=\"https:\/\/spin-winera.net\/wp-content\/uploads\/2026\/01\/welcome-crown.svg\" alt=\"crown\" width=\"25\" height=\"26\" \/><\/p>\n<\/div>\n<\/div>\n<h2>Mobilne wra\u017cenia w Spinwinera<\/h2>\n<p>Wersja mobilna Spin Winera Casino zosta\u0142a zaprojektowana z my\u015bl\u0105 o mobilno\u015bci, zachowuj\u0105c te same funkcje i jako\u015b\u0107. Dost\u0119pne s\u0105 wszystkie gry, bonusy, metody p\u0142atno\u015bci, ustawienia konta i inne funkcje platformy. Wersja na komputery stacjonarne oferuje szerszy ekran i bardziej szczeg\u00f3\u0142owe elementy steruj\u0105ce, natomiast aplikacja zapewnia szybsze \u0142adowanie. Obie wersje obs\u0142uguj\u0105 te same standardy bezpiecze\u0144stwa i niezawodno\u015bci.<\/p>\n<table>\n<tbody>\n<tr>\n<td>Funkcja<\/td>\n<td>Aplikacja mobilna<\/td>\n<td>Wersja na komputery PC<\/td>\n<\/tr>\n<tr>\n<td>Dost\u0119pno\u015b\u0107<\/td>\n<td>Graj gdziekolwiek<\/td>\n<td>Graj z ustalonego miejsca<\/td>\n<\/tr>\n<tr>\n<td>Instalacja<\/td>\n<td>Wymagane pobranie aplikacji<\/td>\n<td>Nie wymaga instalacji<\/td>\n<\/tr>\n<tr>\n<td>Interfejs<\/td>\n<td>Zoptymalizowany pod k\u0105tem obs\u0142ugi dotykowej, kompaktowy<\/td>\n<td>Wi\u0119kszy uk\u0142ad, pe\u0142ny wy\u015bwietlacz<\/td>\n<\/tr>\n<tr>\n<td>Wydajno\u015b\u0107<\/td>\n<td>Szybki, lekki<\/td>\n<td>Stabilny, wysoka rozdzielczo\u015b\u0107<\/td>\n<\/tr>\n<tr>\n<td>Wyb\u00f3r gry<\/td>\n<td>Pe\u0142ny katalog<\/td>\n<td>Pe\u0142ny katalog<\/td>\n<\/tr>\n<\/tbody>\n<\/table>\n<p><div class=\"scrollable-content-wrap my-5\"><div class=\"scrollable-content-inner\"><h2>Aplikacja Spinwinera iOS Casino<\/h2>\n<p>Aplikacja Spinwinera iOS Casino jest w pe\u0142ni zoptymalizowana dla u\u017cytkownik\u00f3w iPhone&#8217;\u00f3w i iPad\u00f3w. Gracze mog\u0105 uzyska\u0107 dost\u0119p do kasyna za po\u015brednictwem przegl\u0105darki mobilnej lub dedykowanej aplikacji. Interfejs zosta\u0142 zaprojektowany z my\u015bl\u0105 o p\u0142ynnej nawigacji na urz\u0105dzeniach mobilnych.<\/p>\n<p>Nie musisz szuka\u0107 naszej aplikacji w App Store \u2013 mo\u017cesz j\u0105 pobra\u0107 bezpo\u015brednio z przegl\u0105darki. Oferujemy bezpieczn\u0105 instalacj\u0119 z naszej oficjalnej strony internetowej za pomoc\u0105 progresywnej aplikacji internetowej (PWA). Nasza PWA zajmuje minimaln\u0105 ilo\u015b\u0107 miejsca na dysku i szybko si\u0119 instaluje.<\/p>\n<h3>Jak zainstalowa\u0107 aplikacj\u0119 Spinwinera na iOS:<\/h3>\n<ol>\n<li>Przewi\u0144 do stopki strony internetowej kasyna Spinwinera na swoim iPhonie lub iPadzie.<\/li>\n<li>Wybierz Aplikacja kasyna i naci\u015bnij Zainstaluj.<\/li>\n<li>Poczekaj, a\u017c instalacja si\u0119 zako\u0144czy.<\/li>\n<li>Teraz aplikacja znajduje si\u0119 na ekranie g\u0142\u00f3wnym.<\/li>\n<\/ol>\n<p><img loading=\"lazy\" decoding=\"async\" src=\"https:\/\/spin-winera.net\/wp-content\/uploads\/2026\/01\/Spinwinera-iOS-App.webp\" alt=\"Spinwinera iOS App\" width=\"1248\" height=\"536\" \/><\/p>\n<\/div><\/div><div style=\"clear: both\"><\/div><div class=\"d-flex justify-content-center\"><button data-item=\"decouvrez_link\" data-group=\"website_links\" class=\"goto fw-bold rounded-pill btn btn-orange\" aria-label=\"Pobierz aplikacj\u0119 Spinwinera\" >Pobierz aplikacj\u0119 Spinwinera<\/button><\/div><div class=\"scrollable-content-wrap my-5\"><div class=\"scrollable-content-inner\"><h2>Aplikacja Spinwinera na Androida<\/h2>\n<p>Aplikacja kasyna Spinwinera na Androida zosta\u0142a zaprojektowana z my\u015bl\u0105 o szybkim dost\u0119pie z urz\u0105dze\u0144 mobilnych. Nie wymagamy pobierania aplikacji ze sklep\u00f3w z aplikacjami, a proces instalacji jest szybki i \u0142atwy. Interfejs jest zoptymalizowany pod k\u0105tem sterowania dotykowego, dzi\u0119ki czemu wszystkie gry \u0142aduj\u0105 si\u0119 szybko i dzia\u0142aj\u0105 w wysokiej jako\u015bci. Wszyscy gracze maj\u0105 dost\u0119p do pe\u0142nej biblioteki gier wraz ze wszystkimi bonusami i turniejami. Dost\u0119pne s\u0105 tu r\u00f3wnie\u017c wszystkie funkcje, takie jak p\u0142atno\u015bci i wyp\u0142aty. Mo\u017cesz r\u00f3wnie\u017c zako\u0144czy\u0107 proces weryfikacji swojego konta za po\u015brednictwem aplikacji na Androida.<\/p>\n<h3>APK<\/h3>\n<p>Spinwinera nie u\u017cywa plik\u00f3w APK do instalacji. Nie ma potrzeby w\u0142\u0105czania nieznanych \u017ar\u00f3de\u0142 ani pobierania zewn\u0119trznych pakiet\u00f3w instalacyjnych. Nie musisz te\u017c szuka\u0107 naszej aplikacji w Sklepie Play. Jest ona dost\u0119pna do pobrania z naszej oficjalnej strony internetowej.<\/p>\n<h3>PWA<\/h3>\n<p>Nasza progresywna aplikacja internetowa (PWA) jest dost\u0119pna na stronie internetowej Spinwinera. PWA to optymalna aplikacja o pe\u0142nej funkcjonalno\u015bci, niskim zu\u017cyciu pami\u0119ci i wysokiej wydajno\u015bci. Oprogramowanie instaluje si\u0119 szybko i aktualizuje automatycznie, bez konieczno\u015bci r\u0119cznej instalacji lub pobierania. Nasza PWA zapewnia bezpo\u015bredni dost\u0119p z ekranu g\u0142\u00f3wnego urz\u0105dzenia, umo\u017cliwiaj\u0105c szybkie \u0142adowanie gier i wszystkich innych funkcji platformy.<\/p>\n<p>Jak zainstalowa\u0107 aplikacj\u0119 Spinwinera dla systemu Android:<\/p>\n<ol>\n<li>Znajd\u017a przycisk \u201eAplikacja kasyna\u201d na dole strony internetowej Spinwinera.<\/li>\n<li>Kliknij na niego, a nast\u0119pnie wybierz \u201eZainstaluj\u201d.<\/li>\n<li>Aplikacja zostanie automatycznie pobrana na ekran g\u0142\u00f3wny.<\/li>\n<\/ol>\n<p><img loading=\"lazy\" decoding=\"async\" src=\"https:\/\/spin-winera.net\/wp-content\/uploads\/2026\/01\/Spinwinera-Android-App.webp\" alt=\"Spinwinera Android App\" width=\"1248\" height=\"536\" \/><\/p>\n<\/div><\/div><div style=\"clear: both\"><\/div><div class=\"d-flex justify-content-center\"><button data-item=\"decouvrez_link\" data-group=\"website_links\" class=\"goto fw-bold rounded-pill btn btn-orange\" aria-label=\"Pobierz Spinwinera\" >Pobierz Spinwinera<\/button><\/div><div class=\"scrollable-content-wrap my-5\"><div class=\"scrollable-content-inner\"><h2>Pobierz aplikacje dla system\u00f3w Windows i macOS<\/h2>\n<p>Kasyno Spinwinera posiada r\u00f3wnie\u017c aplikacj\u0119 na komputery stacjonarne i laptopy. Nasza platforma dzia\u0142a we wszystkich popularnych przegl\u0105darkach, takich jak Google Chrome, Safari i innych nowoczesnych przegl\u0105darkach, bez konieczno\u015bci pobierania jakichkolwiek plik\u00f3w. Dzi\u0119ki przegl\u0105darce gracze maj\u0105 natychmiastowy dost\u0119p do pe\u0142nego katalogu gier, funkcji konta i promocji.<\/p>\n<p>Dla dodatkowej wygody udost\u0119pniamy r\u00f3wnie\u017c aplikacj\u0119 internetow\u0105, kt\u00f3r\u0105 mo\u017cna zainstalowa\u0107 z naszej strony internetowej. Dzi\u0119ki tej opcji gracze mog\u0105 uruchomi\u0107 kasyno bez konieczno\u015bci otwierania przegl\u0105darki i wyszukiwania strony internetowej za ka\u017cdym razem. Aplikacja internetowa ma tak\u0105 sam\u0105 wydajno\u015b\u0107, bezpiecze\u0144stwo i funkcjonalno\u015b\u0107 jak wersja przegl\u0105darkowa. Aplikacja zapewnia szybszy dost\u0119p i wygodn\u0105 obs\u0142ug\u0119 na komputerze stacjonarnym. Instalacja jest szybka i bezpieczna zar\u00f3wno dla systemu macOS, jak i Windows.<\/p>\n<p>Aby zainstalowa\u0107 oprogramowanie dla systemu macOS lub Windows, post\u0119puj zgodnie z instrukcjami:<\/p>\n<ol>\n<li>Otw\u00f3rz menu z trzema kropkami w pasku adresu.<\/li>\n<li>Wybierz \u201eRzu\u0107, zapisz i udost\u0119pnij\u201d.<\/li>\n<li>Wybierz opcj\u0119 \u201eZainstaluj stron\u0119 jako aplikacj\u0119\u201d.<\/li>\n<li>Aplikacja zostanie dodana do pulpitu.<\/li>\n<\/ol>\n<p><img loading=\"lazy\" decoding=\"async\" src=\"https:\/\/spin-winera.net\/wp-content\/uploads\/2026\/01\/Spinwinera-PC.webp\" alt=\"Spinwinera PC\" width=\"1248\" height=\"536\" \/><\/p>\n<\/div><\/div><div style=\"clear: both\"><\/div><div class=\"d-flex justify-content-center\"><button data-item=\"decouvrez_link\" data-group=\"website_links\" class=\"goto fw-bold rounded-pill btn btn-orange\" aria-label=\"Pobierz aplikacj\u0119 Spinwinera\" >Pobierz aplikacj\u0119 Spinwinera<\/button><\/div><div class=\"scrollable-content-wrap my-5\"><div class=\"scrollable-content-inner\"><h2>Cz\u0119sto zadawane pytania<\/h2>\n<h3>Czy aplikacja Spin Winera Casino oferuje obs\u0142ug\u0119 klienta?<\/h3>\n<p>Tak, mo\u017cna skontaktowa\u0107 si\u0119 z obs\u0142ug\u0105 klienta za po\u015brednictwem aplikacji. Gracze mog\u0105 kontaktowa\u0107 si\u0119 z zespo\u0142em obs\u0142ugi klienta przez ca\u0142\u0105 dob\u0119, 7 dni w tygodniu, za po\u015brednictwem czatu na \u017cywo w aplikacji lub na stronie internetowej lub poprzez e-mail. Nasza profesjonalna obs\u0142uga jest dost\u0119pna w przypadku wszelkich pyta\u0144. Obs\u0142ugujemy kilka j\u0119zyk\u00f3w, w tym angielski, niemiecki, holenderski, hiszpa\u0144ski, w\u0142oski, polski i francuski.<\/p>\n<h3>Czy do korzystania z aplikacji Spin Winera konieczne jest utworzenie konta?<\/h3>\n<p>Tak, aby korzysta\u0107 z aplikacji Spin Winera, musisz posiada\u0107 konto. Tylko zarejestrowani u\u017cytkownicy maj\u0105 dost\u0119p do gier, mog\u0105 dokonywa\u0107 wp\u0142at, wyp\u0142aca\u0107 wygrane i korzysta\u0107 z bonus\u00f3w. Po rejestracji gracze mog\u0105 korzysta\u0107 z tego samego konta zar\u00f3wno na urz\u0105dzeniach mobilnych, jak i komputerach. Mo\u017cesz r\u00f3wnie\u017c zalogowa\u0107 si\u0119 jednocze\u015bnie do przegl\u0105darki i aplikacji. Wszystkie Twoje post\u0119py i ustawienia zostan\u0105 zsynchronizowane.<\/p>\n<h3>Czy wszystkie gry s\u0105 dost\u0119pne w aplikacji?<\/h3>\n<p>Tak, aplikacja Spinwinera zapewnia dost\u0119p do pe\u0142nego katalogu gier. Gracze mog\u0105 gra\u0107 w automaty online, gry sto\u0142owe, gry z krupierem na \u017cywo i gry b\u0142yskawiczne. Wszystkie gry s\u0105 zoptymalizowane pod k\u0105tem urz\u0105dze\u0144 mobilnych i oferuj\u0105 te same funkcje, co w przegl\u0105darce.<\/p>\n<h3>Jak mog\u0119 zaktualizowa\u0107 aplikacj\u0119 Spinwinera Casino?<\/h3>\n<p>Aplikacja Spin Winera Casino aktualizuje si\u0119 automatycznie za po\u015brednictwem przegl\u0105darki. Gdy dost\u0119pna jest nowa wersja, zmiany s\u0105 wprowadzane w tle. Nie ma potrzeby r\u0119cznego pobierania aktualizacji ani ponownej instalacji aplikacji. Otrzymasz automatyczne powiadomienia o aktualizacjach aplikacji.<\/p>\n<\/div><\/div><\/p>\n","protected":false},"excerpt":{"rendered":"<p>Aplikacja Spinwinera: gry na iOS i Androida Spinwinera App zapewnia polskim graczom wra\u017cenia z gry w formacie mobilnym. Oprogramowanie zapewnia szybki dost\u0119p do naszego katalogu gier na wszystkich urz\u0105dzeniach. Dost\u0119pna do instalacji na urz\u0105dzeniach z systemem Android, iOS i komputerach stacjonarnych, aplikacja Spinwinera dzia\u0142a doskonale na ka\u017cdym urz\u0105dzeniu. Interfejs jest zoptymalizowany dla wszystkich ekran\u00f3w i [&hellip;]<\/p>\n","protected":false},"author":1,"featured_media":0,"parent":0,"menu_order":0,"comment_status":"closed","ping_status":"closed","template":"template-builder.php","meta":{"_acf_changed":false,"inline_featured_image":false,"footnotes":""},"class_list":["post-1435","page","type-page","status-publish","hentry"],"acf":[],"yoast_head":"<!-- This site is optimized with the Yoast SEO plugin v27.3 - https:\/\/yoast.com\/product\/yoast-seo-wordpress\/ -->\n<title>Spinwinera Aplikacja | Platformy iOS i Android<\/title>\n<meta name=\"description\" content=\"Aplikacja Spinwinera zapewnia p\u0142ynn\u0105 rozgrywk\u0119 w kasynie na systemach Android, iOS, Windows i macOS, oferuj\u0105c zsynchronizowane konta, regularne aktualizacje i wbudowan\u0105 obs\u0142ug\u0119 klienta, co gwarantuje bezproblemowe korzystanie z aplikacji.\" \/>\n<meta name=\"robots\" content=\"index, follow, max-snippet:-1, max-image-preview:large, max-video-preview:-1\" \/>\n<link rel=\"canonical\" href=\"https:\/\/spin-winera.net\/pl\/aplikacja\/\" \/>\n<meta property=\"og:locale\" content=\"pl_PL\" \/>\n<meta property=\"og:type\" content=\"article\" \/>\n<meta property=\"og:title\" content=\"Spinwinera Aplikacja | Platformy iOS i Android\" \/>\n<meta property=\"og:description\" content=\"Aplikacja Spinwinera zapewnia p\u0142ynn\u0105 rozgrywk\u0119 w kasynie na systemach Android, iOS, Windows i macOS, oferuj\u0105c zsynchronizowane konta, regularne aktualizacje i wbudowan\u0105 obs\u0142ug\u0119 klienta, co gwarantuje bezproblemowe korzystanie z aplikacji.\" \/>\n<meta property=\"og:url\" content=\"https:\/\/spin-winera.net\/pl\/aplikacja\/\" \/>\n<meta property=\"og:site_name\" content=\"spinwinera\" \/>\n<meta property=\"article:modified_time\" content=\"2026-01-14T07:36:34+00:00\" \/>\n<meta name=\"twitter:card\" content=\"summary_large_image\" \/>\n<meta name=\"twitter:label1\" content=\"Est. reading time\" \/>\n\t<meta name=\"twitter:data1\" content=\"1 minute\" \/>\n<script type=\"application\/ld+json\" class=\"yoast-schema-graph\">{\"@context\":\"https:\\\/\\\/schema.org\",\"@graph\":[{\"@type\":\"WebPage\",\"@id\":\"https:\\\/\\\/spin-winera.net\\\/pl\\\/aplikacja\\\/\",\"url\":\"https:\\\/\\\/spin-winera.net\\\/pl\\\/aplikacja\\\/\",\"name\":\"Spinwinera Aplikacja | Platformy iOS i Android\",\"isPartOf\":{\"@id\":\"https:\\\/\\\/spin-winera.net\\\/pl\\\/#website\"},\"datePublished\":\"2026-01-13T12:25:39+00:00\",\"dateModified\":\"2026-01-14T07:36:34+00:00\",\"description\":\"Aplikacja Spinwinera zapewnia p\u0142ynn\u0105 rozgrywk\u0119 w kasynie na systemach Android, iOS, Windows i macOS, oferuj\u0105c zsynchronizowane konta, regularne aktualizacje i wbudowan\u0105 obs\u0142ug\u0119 klienta, co gwarantuje bezproblemowe korzystanie z aplikacji.\",\"breadcrumb\":{\"@id\":\"https:\\\/\\\/spin-winera.net\\\/pl\\\/aplikacja\\\/#breadcrumb\"},\"inLanguage\":\"pl-PL\",\"potentialAction\":[{\"@type\":\"ReadAction\",\"target\":[\"https:\\\/\\\/spin-winera.net\\\/pl\\\/aplikacja\\\/\"]}]},{\"@type\":\"BreadcrumbList\",\"@id\":\"https:\\\/\\\/spin-winera.net\\\/pl\\\/aplikacja\\\/#breadcrumb\",\"itemListElement\":[{\"@type\":\"ListItem\",\"position\":1,\"name\":\"Spinwinera\",\"item\":\"https:\\\/\\\/spin-winera.net\\\/pl\\\/\"},{\"@type\":\"ListItem\",\"position\":2,\"name\":\"Aplikacja\"}]},{\"@type\":\"WebSite\",\"@id\":\"https:\\\/\\\/spin-winera.net\\\/pl\\\/#website\",\"url\":\"https:\\\/\\\/spin-winera.net\\\/pl\\\/\",\"name\":\"Spinwinera\",\"description\":\"\",\"publisher\":{\"@id\":\"https:\\\/\\\/spin-winera.net\\\/pl\\\/#organization\"},\"potentialAction\":[{\"@type\":\"SearchAction\",\"target\":{\"@type\":\"EntryPoint\",\"urlTemplate\":\"https:\\\/\\\/spin-winera.net\\\/pl\\\/?s={search_term_string}\"},\"query-input\":{\"@type\":\"PropertyValueSpecification\",\"valueRequired\":true,\"valueName\":\"search_term_string\"}}],\"inLanguage\":\"pl-PL\"},{\"@type\":\"Organization\",\"@id\":\"https:\\\/\\\/spin-winera.net\\\/pl\\\/#organization\",\"name\":\"Spinwinera\",\"url\":\"https:\\\/\\\/spin-winera.net\\\/pl\\\/\",\"logo\":{\"@type\":\"ImageObject\",\"inLanguage\":\"pl-PL\",\"@id\":\"https:\\\/\\\/spin-winera.net\\\/pl\\\/#\\\/schema\\\/logo\\\/image\\\/\",\"url\":\"https:\\\/\\\/spin-winera.net\\\/wp-content\\\/uploads\\\/2025\\\/08\\\/80u1FaquEZeR6OUTeJCc-1.png\",\"contentUrl\":\"https:\\\/\\\/spin-winera.net\\\/wp-content\\\/uploads\\\/2025\\\/08\\\/80u1FaquEZeR6OUTeJCc-1.png\",\"width\":157,\"height\":30,\"caption\":\"Spinwinera\"},\"image\":{\"@id\":\"https:\\\/\\\/spin-winera.net\\\/pl\\\/#\\\/schema\\\/logo\\\/image\\\/\"}}]}<\/script>\n<!-- \/ Yoast SEO plugin. -->","yoast_head_json":{"title":"Spinwinera Aplikacja | Platformy iOS i Android","description":"Aplikacja Spinwinera zapewnia p\u0142ynn\u0105 rozgrywk\u0119 w kasynie na systemach Android, iOS, Windows i macOS, oferuj\u0105c zsynchronizowane konta, regularne aktualizacje i wbudowan\u0105 obs\u0142ug\u0119 klienta, co gwarantuje bezproblemowe korzystanie z aplikacji.","robots":{"index":"index","follow":"follow","max-snippet":"max-snippet:-1","max-image-preview":"max-image-preview:large","max-video-preview":"max-video-preview:-1"},"canonical":"https:\/\/spin-winera.net\/pl\/aplikacja\/","og_locale":"pl_PL","og_type":"article","og_title":"Spinwinera Aplikacja | Platformy iOS i Android","og_description":"Aplikacja Spinwinera zapewnia p\u0142ynn\u0105 rozgrywk\u0119 w kasynie na systemach Android, iOS, Windows i macOS, oferuj\u0105c zsynchronizowane konta, regularne aktualizacje i wbudowan\u0105 obs\u0142ug\u0119 klienta, co gwarantuje bezproblemowe korzystanie z aplikacji.","og_url":"https:\/\/spin-winera.net\/pl\/aplikacja\/","og_site_name":"spinwinera","article_modified_time":"2026-01-14T07:36:34+00:00","twitter_card":"summary_large_image","twitter_misc":{"Est. reading time":"1 minute"},"schema":{"@context":"https:\/\/schema.org","@graph":[{"@type":"WebPage","@id":"https:\/\/spin-winera.net\/pl\/aplikacja\/","url":"https:\/\/spin-winera.net\/pl\/aplikacja\/","name":"Spinwinera Aplikacja | Platformy iOS i Android","isPartOf":{"@id":"https:\/\/spin-winera.net\/pl\/#website"},"datePublished":"2026-01-13T12:25:39+00:00","dateModified":"2026-01-14T07:36:34+00:00","description":"Aplikacja Spinwinera zapewnia p\u0142ynn\u0105 rozgrywk\u0119 w kasynie na systemach Android, iOS, Windows i macOS, oferuj\u0105c zsynchronizowane konta, regularne aktualizacje i wbudowan\u0105 obs\u0142ug\u0119 klienta, co gwarantuje bezproblemowe korzystanie z aplikacji.","breadcrumb":{"@id":"https:\/\/spin-winera.net\/pl\/aplikacja\/#breadcrumb"},"inLanguage":"pl-PL","potentialAction":[{"@type":"ReadAction","target":["https:\/\/spin-winera.net\/pl\/aplikacja\/"]}]},{"@type":"BreadcrumbList","@id":"https:\/\/spin-winera.net\/pl\/aplikacja\/#breadcrumb","itemListElement":[{"@type":"ListItem","position":1,"name":"Spinwinera","item":"https:\/\/spin-winera.net\/pl\/"},{"@type":"ListItem","position":2,"name":"Aplikacja"}]},{"@type":"WebSite","@id":"https:\/\/spin-winera.net\/pl\/#website","url":"https:\/\/spin-winera.net\/pl\/","name":"Spinwinera","description":"","publisher":{"@id":"https:\/\/spin-winera.net\/pl\/#organization"},"potentialAction":[{"@type":"SearchAction","target":{"@type":"EntryPoint","urlTemplate":"https:\/\/spin-winera.net\/pl\/?s={search_term_string}"},"query-input":{"@type":"PropertyValueSpecification","valueRequired":true,"valueName":"search_term_string"}}],"inLanguage":"pl-PL"},{"@type":"Organization","@id":"https:\/\/spin-winera.net\/pl\/#organization","name":"Spinwinera","url":"https:\/\/spin-winera.net\/pl\/","logo":{"@type":"ImageObject","inLanguage":"pl-PL","@id":"https:\/\/spin-winera.net\/pl\/#\/schema\/logo\/image\/","url":"https:\/\/spin-winera.net\/wp-content\/uploads\/2025\/08\/80u1FaquEZeR6OUTeJCc-1.png","contentUrl":"https:\/\/spin-winera.net\/wp-content\/uploads\/2025\/08\/80u1FaquEZeR6OUTeJCc-1.png","width":157,"height":30,"caption":"Spinwinera"},"image":{"@id":"https:\/\/spin-winera.net\/pl\/#\/schema\/logo\/image\/"}}]}},"_links":{"self":[{"href":"https:\/\/spin-winera.net\/pl\/wp-json\/wp\/v2\/pages\/1435","targetHints":{"allow":["GET"]}}],"collection":[{"href":"https:\/\/spin-winera.net\/pl\/wp-json\/wp\/v2\/pages"}],"about":[{"href":"https:\/\/spin-winera.net\/pl\/wp-json\/wp\/v2\/types\/page"}],"author":[{"embeddable":true,"href":"https:\/\/spin-winera.net\/pl\/wp-json\/wp\/v2\/users\/1"}],"replies":[{"embeddable":true,"href":"https:\/\/spin-winera.net\/pl\/wp-json\/wp\/v2\/comments?post=1435"}],"version-history":[{"count":2,"href":"https:\/\/spin-winera.net\/pl\/wp-json\/wp\/v2\/pages\/1435\/revisions"}],"predecessor-version":[{"id":1877,"href":"https:\/\/spin-winera.net\/pl\/wp-json\/wp\/v2\/pages\/1435\/revisions\/1877"}],"wp:attachment":[{"href":"https:\/\/spin-winera.net\/pl\/wp-json\/wp\/v2\/media?parent=1435"}],"curies":[{"name":"wp","href":"https:\/\/api.w.org\/{rel}","templated":true}]}}