{"id":1483,"date":"2026-01-13T12:28:12","date_gmt":"2026-01-13T12:28:12","guid":{"rendered":"https:\/\/spin-winera.net\/login-and-registration\/"},"modified":"2026-01-14T07:37:42","modified_gmt":"2026-01-14T07:37:42","slug":"logowanie-i-rejestracja","status":"publish","type":"page","link":"https:\/\/spin-winera.net\/pl\/logowanie-i-rejestracja\/","title":{"rendered":"Logowanie i rejestracja"},"content":{"rendered":"<h1>Logowanie do Spinwinera: Szybka rejestracja<\/h1>\n<p>Za\u0142o\u017cenie konta w kasynie Spinwinera jest niezb\u0119dnym krokiem, aby uzyska\u0107 dost\u0119p do wszystkich gier i funkcji. Proces Spinwinera login pozwala graczom z Polski zarz\u0105dza\u0107 swoimi kontami, dokonywa\u0107 wp\u0142at i wyp\u0142at oraz otrzymywa\u0107 bonusy.<\/p>\n<p>Proces logowania i rejestracji jest ca\u0142kowicie bezpieczny, poniewa\u017c wszystkie nasze dane s\u0105 chronione przez szyfrowanie i protoko\u0142y bezpiecze\u0144stwa. Po aktywacji konta mo\u017cesz korzysta\u0107 z kasyna na dowolnym urz\u0105dzeniu.<\/p>\n<p><div class=\"banner-wrap\" aria-label=\"Banner\"><img src=\"https:\/\/spin-winera.net\/wp-content\/uploads\/2026\/01\/Spinwinera-bonus-desktop.webp\" class=\"w-100 d-none d-lg-block img-pc main-banner-img\" alt=\"Spinwinera bonus desktop\" fetchpriority=\"high\" decoding=\"async\"><img src=\"https:\/\/spin-winera.net\/wp-content\/uploads\/2026\/01\/Spinwinera-bonus-mobile.webp\" class=\"w-100 d-none d-md-block d-lg-none main-banner-img\" alt=\"Spinwinera bonus mobile\" fetchpriority=\"high\" decoding=\"async\"><img src=\"https:\/\/spin-winera.net\/wp-content\/uploads\/2026\/01\/Spinwinera-bonus-mobile.webp\" class=\"w-100 d-md-none\" alt=\"Spinwinera bonus mobile\" fetchpriority=\"high\" decoding=\"async\"><div class=\"banner-description\">\n<div class=\"banner-title\">Bonusy powitalne<\/div>\n<p class=\"banner-header-title\">\u20ac1,500<\/p>\n<div class=\"banner-header-AdditionalText\">+ 250 Darmowe spiny<\/div>\n<button data-item=\"homepage_banner_link\" class=\"goto m-button m-gradient-border m-button--primary m-button--large banner-button btn-orange\">\n            <div class=\"m-button-content\">\n                <span>Zarejestruj si\u0119 teraz<\/span>\n                <span><\/span>\n            <\/div>\n        <\/button>\n<\/div>\n<div class=\"WelcomePack\">\n<p><img loading=\"lazy\" decoding=\"async\" class=\"alignnone size-full wp-image-1391\" src=\"https:\/\/spin-winera.net\/wp-content\/uploads\/2026\/01\/welcome-crown.svg\" alt=\"crown\" width=\"25\" height=\"26\" \/><\/p>\n<div class=\"WelcomePack-Info\">Cotygodniowy zwrot got\u00f3wki do 25%<\/div>\n<p><img loading=\"lazy\" decoding=\"async\" class=\"alignnone size-full wp-image-1391\" src=\"https:\/\/spin-winera.net\/wp-content\/uploads\/2026\/01\/welcome-crown.svg\" alt=\"crown\" width=\"25\" height=\"26\" \/><\/p>\n<\/div>\n<\/div><div class=\"scrollable-content-wrap my-5\"><div class=\"scrollable-content-inner\"><h2>Spin Winera Zarejestruj si\u0119 dla nowych graczy<\/h2>\n<p>Rejestracja konta w Spinwinera Casino daje dost\u0119p do wszystkich funkcji platformy. Nasze kasyno jest dost\u0119pne tylko dla zarejestrowanych u\u017cytkownik\u00f3w. Po rejestracji i zalogowaniu si\u0119 do Spinwinera mo\u017cesz gra\u0107 we wszystkie automaty, gry sto\u0142owe, gry z krupierem na \u017cywo i gry z natychmiastowymi wygranymi, otrzymywa\u0107 bonusy, bra\u0107 udzia\u0142 w turniejach, dokonywa\u0107 wp\u0142at, wyp\u0142aca\u0107 \u015brodki i \u015bledzi\u0107 histori\u0119 swoich gier.<\/p>\n<h3>Za\u0142\u00f3\u017c konto<\/h3>\n<ol>\n<li>Kliknij przycisk \u201eZarejestruj si\u0119\u201d w rogu strony internetowej.<\/li>\n<li>Wpisz sw\u00f3j adres e-mail i utw\u00f3rz has\u0142o.<\/li>\n<li>Potwierd\u017a, \u017ce masz uko\u0144czone 18 lat i akceptujesz Warunki u\u017cytkowania.<\/li>\n<li>Kliknij \u201eZapisz\u201d, aby utworzy\u0107 konto.<\/li>\n<li>Otrzymasz wiadomo\u015b\u0107 e-mail z linkiem aktywacyjnym; kliknij na niego, aby aktywowa\u0107 swoje konto.<\/li>\n<\/ol>\n<p>Po rejestracji mo\u017cesz u\u017cy\u0107 swojego loginu Spinwinera, aby uzyska\u0107 dost\u0119p do naszego kasyna.<\/p>\n<h2>Zacznij od za\u0142o\u017cenia konta Spinwinera<\/h2>\n<p>Logowanie do Spinwinera jest szybkie i \u0142atwe. Aby si\u0119 zalogowa\u0107, kliknij odpowiedni przycisk i wprowad\u017a zarejestrowany adres e-mail oraz has\u0142o. Po zalogowaniu mo\u017cesz zarz\u0105dza\u0107 swoimi danymi osobowymi i p\u0142atno\u015bciami, monitorowa\u0107 swoj\u0105 aktywno\u015b\u0107 w grach, konfigurowa\u0107 ustawienia bezpiecze\u0144stwa i korzysta\u0107 z narz\u0119dzi odpowiedzialnej gry. Panel sterowania kontem jest centrum wszystkich Twoich interakcji z kasynem.<\/p>\n<table>\n<tbody>\n<tr>\n<td>Funkcja<\/td>\n<td>Szczeg\u00f3\u0142y<\/td>\n<\/tr>\n<tr>\n<td>Zarz\u0105dzanie kontem<\/td>\n<td>Zaktualizuj dane osobowe, szczeg\u00f3\u0142y p\u0142atno\u015bci i preferencje dotycz\u0105ce kontaktu<\/td>\n<\/tr>\n<tr>\n<td>Historia aktywno\u015bci<\/td>\n<td>Przejrzyj histori\u0119 gry, wp\u0142aty, wyp\u0142aty i aktywno\u015b\u0107 bonusow\u0105.<\/td>\n<\/tr>\n<tr>\n<td>Bezpiecze\u0144stwo i ochrona<\/td>\n<td>\u015aled\u017a zalogowane urz\u0105dzenia, w\u0142\u0105cz uwierzytelnianie dwusk\u0142adnikowe (2FA)<\/td>\n<\/tr>\n<tr>\n<td>Narz\u0119dzia odpowiedzialnej gry<\/td>\n<td>Ustaw limity wp\u0142at, zak\u0142ad\u00f3w i strat, przypomnienia o sesjach oraz samowykluczenie.<\/td>\n<\/tr>\n<\/tbody>\n<\/table>\n<h3>Nie pami\u0119tasz has\u0142a?<\/h3>\n<p>Cz\u0119sto zdarza si\u0119 zapomnie\u0107 dane logowania do serwisu Spinwinera, zw\u0142aszcza has\u0142a. Spinwinera u\u0142atwia przywr\u00f3cenie dost\u0119pu i kontynuowanie gry. Aby przywr\u00f3ci\u0107 has\u0142o, wystarczy post\u0119powa\u0107 zgodnie z naszymi instrukcjami.<\/p>\n<p>Jak przywr\u00f3ci\u0107 has\u0142o:<\/p>\n<ol>\n<li>Przejd\u017a do strony logowania.<\/li>\n<li>Kliknij \u201eNie pami\u0119tasz has\u0142a?\u201d.<\/li>\n<li>Wprowad\u017a adres e-mail u\u017cyty podczas rejestracji.<\/li>\n<li>Kliknij link do resetowania has\u0142a w wiadomo\u015bci e-mail.<\/li>\n<li>Utw\u00f3rz nowe has\u0142o i u\u017cywaj go podczas logowania.<\/li>\n<\/ol>\n<h3>Zabezpieczenie i potwierdzenie konta w kasynie Spin Winera<\/h3>\n<p>Ochrona Twojego konta jest naszym priorytetem. Aby zapewni\u0107 bezpiecze\u0144stwo swojego konta, nale\u017cy utworzy\u0107 unikalne has\u0142o i w\u0142\u0105czy\u0107 uwierzytelnianie dwusk\u0142adnikowe (2FA) dla dodatkowego bezpiecze\u0144stwa. Zawsze nale\u017cy si\u0119 wylogowa\u0107, je\u015bli nie korzystasz z osobistego urz\u0105dzenia.<\/p>\n<p>W celu ochrony kont naszych graczy stosujemy szyfrowanie danych i protoko\u0142y bezpiecze\u0144stwa, takie jak proces weryfikacji konta. Dopiero po weryfikacji b\u0119dziesz m\u00f3g\u0142 otrzymywa\u0107 bonusy i wyp\u0142aca\u0107 \u015brodki. Wszystkie wnioski o wyp\u0142at\u0119 s\u0105 r\u0119cznie sprawdzane przez naszych specjalist\u00f3w w celu weryfikacji otrzymania \u015brodk\u00f3w i bezpiecze\u0144stwa.<\/p>\n<h2>Cz\u0119sto zadawane pytania<\/h2>\n<h3>Jak zako\u0144czy\u0107 proces weryfikacji konta?<\/h3>\n<p>Aby zako\u0144czy\u0107 proces weryfikacji konta Spinwinera, nale\u017cy przes\u0142a\u0107 dokumenty osobiste. Nale\u017cy przes\u0142a\u0107 nast\u0119puj\u0105ce dokumenty: dow\u00f3d to\u017csamo\u015bci, potwierdzenie adresu zamieszkania (np. rachunek za media) oraz dane bankowe. Po przes\u0142aniu dokument\u00f3w nasz zesp\u00f3\u0142 dokona ich weryfikacji, co zazwyczaj zajmuje do 48 godzin. Po zatwierdzeniu konto zostanie w pe\u0142ni zweryfikowane i b\u0119dzie mo\u017cna wyp\u0142aca\u0107 \u015brodki oraz korzysta\u0107 z bonus\u00f3w.<\/p>\n<h3>Jak zaktualizowa\u0107 has\u0142o lub adres e-mail?<\/h3>\n<p>Mo\u017cesz zaktualizowa\u0107 swoje has\u0142o lub adres e-mail na koncie Spinwinera. Otw\u00f3rz ustawienia konta w menu g\u0142\u00f3wnym i znajd\u017a swoje dane osobowe. Wprowad\u017a aktualne has\u0142o, a nast\u0119pnie ustaw nowe has\u0142o lub nowy adres e-mail.<\/p>\n<h3>Co nale\u017cy zrobi\u0107, je\u015bli moje konto zosta\u0142o zablokowane?<\/h3>\n<p>Je\u015bli Twoje konto Spinwinera jest zablokowane, spr\u00f3buj si\u0119 wylogowa\u0107 i zalogowa\u0107 ponownie. Mo\u017cesz r\u00f3wnie\u017c spr\u00f3bowa\u0107 zalogowa\u0107 si\u0119 na innym urz\u0105dzeniu. Sprawd\u017a lokalne przepisy prawne; nasza strona internetowa mo\u017ce by\u0107 obj\u0119ta ograniczeniami w Twoim regionie. Je\u015bli problem nadal wyst\u0119puje, skontaktuj si\u0119 z naszym wieloj\u0119zycznym dzia\u0142em pomocy technicznej za po\u015brednictwem czatu na \u017cywo lub poczty elektronicznej. Podaj sw\u00f3j zarejestrowany adres e-mail. Nasi profesjonalni pracownicy pomog\u0105 Ci przywr\u00f3ci\u0107 dost\u0119p.<\/p>\n<h3>Jak zamkn\u0105\u0107 lub tymczasowo zawiesi\u0107 swoje konto?<\/h3>\n<p>Mo\u017cesz zamkn\u0105\u0107 lub tymczasowo zawiesi\u0107 swoje konto Spinwinera za pomoc\u0105 narz\u0119dzi odpowiedzialnej gry. Przejd\u017a do menu swojego konta i wybierz narz\u0119dzia odpowiedzialnej gry. Wybierz okres karencji w przypadku tymczasowego zawieszenia lub samowykluczenie w przypadku d\u0142u\u017cszego zamkni\u0119cia.<\/p>\n<\/div><\/div><\/p>\n","protected":false},"excerpt":{"rendered":"<p>Logowanie do Spinwinera: Szybka rejestracja Za\u0142o\u017cenie konta w kasynie Spinwinera jest niezb\u0119dnym krokiem, aby uzyska\u0107 dost\u0119p do wszystkich gier i funkcji. Proces Spinwinera login pozwala graczom z Polski zarz\u0105dza\u0107 swoimi kontami, dokonywa\u0107 wp\u0142at i wyp\u0142at oraz otrzymywa\u0107 bonusy. Proces logowania i rejestracji jest ca\u0142kowicie bezpieczny, poniewa\u017c wszystkie nasze dane s\u0105 chronione przez szyfrowanie i protoko\u0142y [&hellip;]<\/p>\n","protected":false},"author":1,"featured_media":0,"parent":0,"menu_order":0,"comment_status":"closed","ping_status":"closed","template":"template-builder.php","meta":{"_acf_changed":false,"inline_featured_image":false,"footnotes":""},"class_list":["post-1483","page","type-page","status-publish","hentry"],"acf":[],"yoast_head":"<!-- This site is optimized with the Yoast SEO plugin v27.3 - https:\/\/yoast.com\/product\/yoast-seo-wordpress\/ -->\n<title>Spinwinera Logowanie i rejestracja<\/title>\n<meta name=\"description\" content=\"Bez wysi\u0142ku tw\u00f3rz, zarz\u0105dzaj i weryfikuj swoje konto w kasynie Spinwinera. Ciesz si\u0119 szybk\u0105 rejestracj\u0105, \u0142atwym odzyskiwaniem konta i bezpiecznym zamkni\u0119ciem dzi\u0119ki Spinwinera Login, zapewniaj\u0105cym ochron\u0119 Twojego konta przez ca\u0142\u0105 dob\u0119.\" \/>\n<meta name=\"robots\" content=\"index, follow, max-snippet:-1, max-image-preview:large, max-video-preview:-1\" \/>\n<link rel=\"canonical\" href=\"https:\/\/spin-winera.net\/pl\/logowanie-i-rejestracja\/\" \/>\n<meta property=\"og:locale\" content=\"pl_PL\" \/>\n<meta property=\"og:type\" content=\"article\" \/>\n<meta property=\"og:title\" content=\"Spinwinera Logowanie i rejestracja\" \/>\n<meta property=\"og:description\" content=\"Bez wysi\u0142ku tw\u00f3rz, zarz\u0105dzaj i weryfikuj swoje konto w kasynie Spinwinera. Ciesz si\u0119 szybk\u0105 rejestracj\u0105, \u0142atwym odzyskiwaniem konta i bezpiecznym zamkni\u0119ciem dzi\u0119ki Spinwinera Login, zapewniaj\u0105cym ochron\u0119 Twojego konta przez ca\u0142\u0105 dob\u0119.\" \/>\n<meta property=\"og:url\" content=\"https:\/\/spin-winera.net\/pl\/logowanie-i-rejestracja\/\" \/>\n<meta property=\"og:site_name\" content=\"spinwinera\" \/>\n<meta property=\"article:modified_time\" content=\"2026-01-14T07:37:42+00:00\" \/>\n<meta name=\"twitter:card\" content=\"summary_large_image\" \/>\n<meta name=\"twitter:label1\" content=\"Est. reading time\" \/>\n\t<meta name=\"twitter:data1\" content=\"1 minute\" \/>\n<script type=\"application\/ld+json\" class=\"yoast-schema-graph\">{\"@context\":\"https:\\\/\\\/schema.org\",\"@graph\":[{\"@type\":\"WebPage\",\"@id\":\"https:\\\/\\\/spin-winera.net\\\/pl\\\/logowanie-i-rejestracja\\\/\",\"url\":\"https:\\\/\\\/spin-winera.net\\\/pl\\\/logowanie-i-rejestracja\\\/\",\"name\":\"Spinwinera Logowanie i rejestracja\",\"isPartOf\":{\"@id\":\"https:\\\/\\\/spin-winera.net\\\/pl\\\/#website\"},\"datePublished\":\"2026-01-13T12:28:12+00:00\",\"dateModified\":\"2026-01-14T07:37:42+00:00\",\"description\":\"Bez wysi\u0142ku tw\u00f3rz, zarz\u0105dzaj i weryfikuj swoje konto w kasynie Spinwinera. Ciesz si\u0119 szybk\u0105 rejestracj\u0105, \u0142atwym odzyskiwaniem konta i bezpiecznym zamkni\u0119ciem dzi\u0119ki Spinwinera Login, zapewniaj\u0105cym ochron\u0119 Twojego konta przez ca\u0142\u0105 dob\u0119.\",\"breadcrumb\":{\"@id\":\"https:\\\/\\\/spin-winera.net\\\/pl\\\/logowanie-i-rejestracja\\\/#breadcrumb\"},\"inLanguage\":\"pl-PL\",\"potentialAction\":[{\"@type\":\"ReadAction\",\"target\":[\"https:\\\/\\\/spin-winera.net\\\/pl\\\/logowanie-i-rejestracja\\\/\"]}]},{\"@type\":\"BreadcrumbList\",\"@id\":\"https:\\\/\\\/spin-winera.net\\\/pl\\\/logowanie-i-rejestracja\\\/#breadcrumb\",\"itemListElement\":[{\"@type\":\"ListItem\",\"position\":1,\"name\":\"Spinwinera\",\"item\":\"https:\\\/\\\/spin-winera.net\\\/pl\\\/\"},{\"@type\":\"ListItem\",\"position\":2,\"name\":\"Logowanie i rejestracja\"}]},{\"@type\":\"WebSite\",\"@id\":\"https:\\\/\\\/spin-winera.net\\\/pl\\\/#website\",\"url\":\"https:\\\/\\\/spin-winera.net\\\/pl\\\/\",\"name\":\"Spinwinera\",\"description\":\"\",\"publisher\":{\"@id\":\"https:\\\/\\\/spin-winera.net\\\/pl\\\/#organization\"},\"potentialAction\":[{\"@type\":\"SearchAction\",\"target\":{\"@type\":\"EntryPoint\",\"urlTemplate\":\"https:\\\/\\\/spin-winera.net\\\/pl\\\/?s={search_term_string}\"},\"query-input\":{\"@type\":\"PropertyValueSpecification\",\"valueRequired\":true,\"valueName\":\"search_term_string\"}}],\"inLanguage\":\"pl-PL\"},{\"@type\":\"Organization\",\"@id\":\"https:\\\/\\\/spin-winera.net\\\/pl\\\/#organization\",\"name\":\"Spinwinera\",\"url\":\"https:\\\/\\\/spin-winera.net\\\/pl\\\/\",\"logo\":{\"@type\":\"ImageObject\",\"inLanguage\":\"pl-PL\",\"@id\":\"https:\\\/\\\/spin-winera.net\\\/pl\\\/#\\\/schema\\\/logo\\\/image\\\/\",\"url\":\"https:\\\/\\\/spin-winera.net\\\/wp-content\\\/uploads\\\/2025\\\/08\\\/80u1FaquEZeR6OUTeJCc-1.png\",\"contentUrl\":\"https:\\\/\\\/spin-winera.net\\\/wp-content\\\/uploads\\\/2025\\\/08\\\/80u1FaquEZeR6OUTeJCc-1.png\",\"width\":157,\"height\":30,\"caption\":\"Spinwinera\"},\"image\":{\"@id\":\"https:\\\/\\\/spin-winera.net\\\/pl\\\/#\\\/schema\\\/logo\\\/image\\\/\"}}]}<\/script>\n<!-- \/ Yoast SEO plugin. -->","yoast_head_json":{"title":"Spinwinera Logowanie i rejestracja","description":"Bez wysi\u0142ku tw\u00f3rz, zarz\u0105dzaj i weryfikuj swoje konto w kasynie Spinwinera. Ciesz si\u0119 szybk\u0105 rejestracj\u0105, \u0142atwym odzyskiwaniem konta i bezpiecznym zamkni\u0119ciem dzi\u0119ki Spinwinera Login, zapewniaj\u0105cym ochron\u0119 Twojego konta przez ca\u0142\u0105 dob\u0119.","robots":{"index":"index","follow":"follow","max-snippet":"max-snippet:-1","max-image-preview":"max-image-preview:large","max-video-preview":"max-video-preview:-1"},"canonical":"https:\/\/spin-winera.net\/pl\/logowanie-i-rejestracja\/","og_locale":"pl_PL","og_type":"article","og_title":"Spinwinera Logowanie i rejestracja","og_description":"Bez wysi\u0142ku tw\u00f3rz, zarz\u0105dzaj i weryfikuj swoje konto w kasynie Spinwinera. Ciesz si\u0119 szybk\u0105 rejestracj\u0105, \u0142atwym odzyskiwaniem konta i bezpiecznym zamkni\u0119ciem dzi\u0119ki Spinwinera Login, zapewniaj\u0105cym ochron\u0119 Twojego konta przez ca\u0142\u0105 dob\u0119.","og_url":"https:\/\/spin-winera.net\/pl\/logowanie-i-rejestracja\/","og_site_name":"spinwinera","article_modified_time":"2026-01-14T07:37:42+00:00","twitter_card":"summary_large_image","twitter_misc":{"Est. reading time":"1 minute"},"schema":{"@context":"https:\/\/schema.org","@graph":[{"@type":"WebPage","@id":"https:\/\/spin-winera.net\/pl\/logowanie-i-rejestracja\/","url":"https:\/\/spin-winera.net\/pl\/logowanie-i-rejestracja\/","name":"Spinwinera Logowanie i rejestracja","isPartOf":{"@id":"https:\/\/spin-winera.net\/pl\/#website"},"datePublished":"2026-01-13T12:28:12+00:00","dateModified":"2026-01-14T07:37:42+00:00","description":"Bez wysi\u0142ku tw\u00f3rz, zarz\u0105dzaj i weryfikuj swoje konto w kasynie Spinwinera. Ciesz si\u0119 szybk\u0105 rejestracj\u0105, \u0142atwym odzyskiwaniem konta i bezpiecznym zamkni\u0119ciem dzi\u0119ki Spinwinera Login, zapewniaj\u0105cym ochron\u0119 Twojego konta przez ca\u0142\u0105 dob\u0119.","breadcrumb":{"@id":"https:\/\/spin-winera.net\/pl\/logowanie-i-rejestracja\/#breadcrumb"},"inLanguage":"pl-PL","potentialAction":[{"@type":"ReadAction","target":["https:\/\/spin-winera.net\/pl\/logowanie-i-rejestracja\/"]}]},{"@type":"BreadcrumbList","@id":"https:\/\/spin-winera.net\/pl\/logowanie-i-rejestracja\/#breadcrumb","itemListElement":[{"@type":"ListItem","position":1,"name":"Spinwinera","item":"https:\/\/spin-winera.net\/pl\/"},{"@type":"ListItem","position":2,"name":"Logowanie i rejestracja"}]},{"@type":"WebSite","@id":"https:\/\/spin-winera.net\/pl\/#website","url":"https:\/\/spin-winera.net\/pl\/","name":"Spinwinera","description":"","publisher":{"@id":"https:\/\/spin-winera.net\/pl\/#organization"},"potentialAction":[{"@type":"SearchAction","target":{"@type":"EntryPoint","urlTemplate":"https:\/\/spin-winera.net\/pl\/?s={search_term_string}"},"query-input":{"@type":"PropertyValueSpecification","valueRequired":true,"valueName":"search_term_string"}}],"inLanguage":"pl-PL"},{"@type":"Organization","@id":"https:\/\/spin-winera.net\/pl\/#organization","name":"Spinwinera","url":"https:\/\/spin-winera.net\/pl\/","logo":{"@type":"ImageObject","inLanguage":"pl-PL","@id":"https:\/\/spin-winera.net\/pl\/#\/schema\/logo\/image\/","url":"https:\/\/spin-winera.net\/wp-content\/uploads\/2025\/08\/80u1FaquEZeR6OUTeJCc-1.png","contentUrl":"https:\/\/spin-winera.net\/wp-content\/uploads\/2025\/08\/80u1FaquEZeR6OUTeJCc-1.png","width":157,"height":30,"caption":"Spinwinera"},"image":{"@id":"https:\/\/spin-winera.net\/pl\/#\/schema\/logo\/image\/"}}]}},"_links":{"self":[{"href":"https:\/\/spin-winera.net\/pl\/wp-json\/wp\/v2\/pages\/1483","targetHints":{"allow":["GET"]}}],"collection":[{"href":"https:\/\/spin-winera.net\/pl\/wp-json\/wp\/v2\/pages"}],"about":[{"href":"https:\/\/spin-winera.net\/pl\/wp-json\/wp\/v2\/types\/page"}],"author":[{"embeddable":true,"href":"https:\/\/spin-winera.net\/pl\/wp-json\/wp\/v2\/users\/1"}],"replies":[{"embeddable":true,"href":"https:\/\/spin-winera.net\/pl\/wp-json\/wp\/v2\/comments?post=1483"}],"version-history":[{"count":1,"href":"https:\/\/spin-winera.net\/pl\/wp-json\/wp\/v2\/pages\/1483\/revisions"}],"predecessor-version":[{"id":1878,"href":"https:\/\/spin-winera.net\/pl\/wp-json\/wp\/v2\/pages\/1483\/revisions\/1878"}],"wp:attachment":[{"href":"https:\/\/spin-winera.net\/pl\/wp-json\/wp\/v2\/media?parent=1483"}],"curies":[{"name":"wp","href":"https:\/\/api.w.org\/{rel}","templated":true}]}}